{"id":9224,"date":"2023-02-24T15:54:15","date_gmt":"2023-02-24T14:54:15","guid":{"rendered":"https:\/\/www.biblio.univ-evry.fr\/?page_id=9224"},"modified":"2023-03-10T15:53:10","modified_gmt":"2023-03-10T14:53:10","slug":"exposition-printemps-des-poetes-2023","status":"publish","type":"page","link":"https:\/\/www.biblio.univ-evry.fr\/index.php\/exposition-printemps-des-poetes-2023\/","title":{"rendered":"Exposition Printemps des po\u00e8tes 2023"},"content":{"rendered":"\t\t<div data-elementor-type=\"wp-page\" data-elementor-id=\"9224\" class=\"elementor elementor-9224\">\n\t\t\t\t\t\t<section class=\"elementor-section elementor-top-section elementor-element elementor-element-6518ba1a elementor-section-full_width elementor-section-height-default elementor-section-height-default\" data-id=\"6518ba1a\" data-element_type=\"section\" data-e-type=\"section\">\n\t\t\t\t\t\t<div class=\"elementor-container elementor-column-gap-default\">\n\t\t\t\t\t<div class=\"elementor-column elementor-col-100 elementor-top-column elementor-element elementor-element-1a6fff6\" data-id=\"1a6fff6\" data-element_type=\"column\" data-e-type=\"column\">\n\t\t\t<div class=\"elementor-widget-wrap elementor-element-populated\">\n\t\t\t\t\t\t<div class=\"elementor-element elementor-element-8d0db18 elementor-arrows-position-outside elementor-hidden-mobile elementor-widget elementor-widget-image-carousel\" data-id=\"8d0db18\" data-element_type=\"widget\" data-e-type=\"widget\" data-settings=\"{&quot;slides_to_show&quot;:&quot;1&quot;,&quot;navigation&quot;:&quot;arrows&quot;,&quot;autoplay_speed&quot;:6000,&quot;autoplay&quot;:&quot;yes&quot;,&quot;pause_on_hover&quot;:&quot;yes&quot;,&quot;pause_on_interaction&quot;:&quot;yes&quot;,&quot;infinite&quot;:&quot;yes&quot;,&quot;effect&quot;:&quot;slide&quot;,&quot;speed&quot;:500}\" data-widget_type=\"image-carousel.default\">\n\t\t\t\t<div class=\"elementor-widget-container\">\n\t\t\t\t\t\t\t<div class=\"elementor-image-carousel-wrapper swiper\" role=\"region\" aria-roledescription=\"carousel\" aria-label=\"Carrousel d\u2019images\" dir=\"ltr\">\n\t\t\t<div class=\"elementor-image-carousel swiper-wrapper\" aria-live=\"off\">\n\t\t\t\t\t\t\t\t<div class=\"swiper-slide\" role=\"group\" aria-roledescription=\"slide\" aria-label=\"1 sur 8\"><figure class=\"swiper-slide-inner\"><img decoding=\"async\" class=\"swiper-slide-image\" src=\"https:\/\/www.biblio.univ-evry.fr\/wp-content\/uploads\/2023\/02\/Pdp-2023.png\" alt=\"Pdp-2023\" \/><\/figure><\/div><div class=\"swiper-slide\" role=\"group\" aria-roledescription=\"slide\" aria-label=\"2 sur 8\"><figure class=\"swiper-slide-inner\"><img decoding=\"async\" class=\"swiper-slide-image\" src=\"https:\/\/www.biblio.univ-evry.fr\/wp-content\/uploads\/2023\/02\/PdP2023_web1.png\" alt=\"Exposition \u00ab Fronti\u00e8res \u00bb \u00a9 BU \u00c9VRY\" \/><figcaption class=\"elementor-image-carousel-caption\">Exposition \u00ab Fronti\u00e8res \u00bb \u00a9 BU \u00c9VRY<\/figcaption><\/figure><\/div><div class=\"swiper-slide\" role=\"group\" aria-roledescription=\"slide\" aria-label=\"3 sur 8\"><figure class=\"swiper-slide-inner\"><img decoding=\"async\" class=\"swiper-slide-image\" src=\"https:\/\/www.biblio.univ-evry.fr\/wp-content\/uploads\/2023\/02\/PdP2023_web2.png\" alt=\"Exposition \u00ab Fronti\u00e8res \u00bb \u00a9 BU \u00c9VRY\" \/><figcaption class=\"elementor-image-carousel-caption\">Exposition \u00ab Fronti\u00e8res \u00bb \u00a9 BU \u00c9VRY<\/figcaption><\/figure><\/div><div class=\"swiper-slide\" role=\"group\" aria-roledescription=\"slide\" aria-label=\"4 sur 8\"><figure class=\"swiper-slide-inner\"><img decoding=\"async\" class=\"swiper-slide-image\" src=\"https:\/\/www.biblio.univ-evry.fr\/wp-content\/uploads\/2023\/02\/PdP2023_web3.png\" alt=\"Exposition \u00ab Fronti\u00e8res \u00bb \u00a9 BU \u00c9VRY\" \/><figcaption class=\"elementor-image-carousel-caption\">Exposition \u00ab Fronti\u00e8res \u00bb \u00a9 BU \u00c9VRY<\/figcaption><\/figure><\/div><div class=\"swiper-slide\" role=\"group\" aria-roledescription=\"slide\" aria-label=\"5 sur 8\"><figure class=\"swiper-slide-inner\"><img decoding=\"async\" class=\"swiper-slide-image\" src=\"https:\/\/www.biblio.univ-evry.fr\/wp-content\/uploads\/2023\/02\/PdP2023_web4.png\" alt=\"Exposition \u00ab Fronti\u00e8res \u00bb \u00a9 BU \u00c9VRY\" \/><figcaption class=\"elementor-image-carousel-caption\">Exposition \u00ab Fronti\u00e8res \u00bb \u00a9 BU \u00c9VRY<\/figcaption><\/figure><\/div><div class=\"swiper-slide\" role=\"group\" aria-roledescription=\"slide\" aria-label=\"6 sur 8\"><figure class=\"swiper-slide-inner\"><img decoding=\"async\" class=\"swiper-slide-image\" src=\"https:\/\/www.biblio.univ-evry.fr\/wp-content\/uploads\/2023\/02\/PdP2023_web5.png\" alt=\"Exposition \u00ab Fronti\u00e8res \u00bb \u00a9 BU \u00c9VRY\" \/><figcaption class=\"elementor-image-carousel-caption\">Exposition \u00ab Fronti\u00e8res \u00bb \u00a9 BU \u00c9VRY<\/figcaption><\/figure><\/div><div class=\"swiper-slide\" role=\"group\" aria-roledescription=\"slide\" aria-label=\"7 sur 8\"><figure class=\"swiper-slide-inner\"><img decoding=\"async\" class=\"swiper-slide-image\" src=\"https:\/\/www.biblio.univ-evry.fr\/wp-content\/uploads\/2023\/03\/PdP2023_web6.png\" alt=\"Exposition \u00ab Fronti\u00e8res \u00bb \u00a9 BU \u00c9VRY\" \/><figcaption class=\"elementor-image-carousel-caption\">Exposition \u00ab Fronti\u00e8res \u00bb \u00a9 BU \u00c9VRY<\/figcaption><\/figure><\/div><div class=\"swiper-slide\" role=\"group\" aria-roledescription=\"slide\" aria-label=\"8 sur 8\"><figure class=\"swiper-slide-inner\"><img decoding=\"async\" class=\"swiper-slide-image\" src=\"https:\/\/www.biblio.univ-evry.fr\/wp-content\/uploads\/2023\/02\/PdP2023_web7.png\" alt=\"Exposition \u00ab Fronti\u00e8res \u00bb \u00a9 BU \u00c9VRY\" \/><figcaption class=\"elementor-image-carousel-caption\">Exposition \u00ab Fronti\u00e8res \u00bb \u00a9 BU \u00c9VRY<\/figcaption><\/figure><\/div>\t\t\t<\/div>\n\t\t\t\t\t\t\t\t\t\t\t\t<div class=\"elementor-swiper-button elementor-swiper-button-prev\" role=\"button\" tabindex=\"0\">\n\t\t\t\t\t\t<i aria-hidden=\"true\" class=\"eicon-chevron-left\"><\/i>\t\t\t\t\t<\/div>\n\t\t\t\t\t<div class=\"elementor-swiper-button elementor-swiper-button-next\" role=\"button\" tabindex=\"0\">\n\t\t\t\t\t\t<i aria-hidden=\"true\" class=\"eicon-chevron-right\"><\/i>\t\t\t\t\t<\/div>\n\t\t\t\t\n\t\t\t\t\t\t\t\t\t<\/div>\n\t\t\t\t\t\t<\/div>\n\t\t\t\t<\/div>\n\t\t\t\t<div class=\"elementor-element elementor-element-588f7df4 elementor-hidden-desktop elementor-hidden-tablet elementor-pagination-position-outside elementor-widget elementor-widget-image-carousel\" data-id=\"588f7df4\" data-element_type=\"widget\" data-e-type=\"widget\" data-settings=\"{&quot;slides_to_show&quot;:&quot;1&quot;,&quot;navigation&quot;:&quot;dots&quot;,&quot;autoplay_speed&quot;:6000,&quot;autoplay&quot;:&quot;yes&quot;,&quot;pause_on_hover&quot;:&quot;yes&quot;,&quot;pause_on_interaction&quot;:&quot;yes&quot;,&quot;infinite&quot;:&quot;yes&quot;,&quot;effect&quot;:&quot;slide&quot;,&quot;speed&quot;:500}\" data-widget_type=\"image-carousel.default\">\n\t\t\t\t<div class=\"elementor-widget-container\">\n\t\t\t\t\t\t\t<div class=\"elementor-image-carousel-wrapper swiper\" role=\"region\" aria-roledescription=\"carousel\" aria-label=\"Carrousel d\u2019images\" dir=\"ltr\">\n\t\t\t<div class=\"elementor-image-carousel swiper-wrapper\" aria-live=\"off\">\n\t\t\t\t\t\t\t\t<div class=\"swiper-slide\" role=\"group\" aria-roledescription=\"slide\" aria-label=\"1 sur 8\"><figure class=\"swiper-slide-inner\"><img decoding=\"async\" class=\"swiper-slide-image\" src=\"https:\/\/www.biblio.univ-evry.fr\/wp-content\/uploads\/2023\/02\/Affiche-nationale_JR.jpg\" alt=\"Affiche nationale_JR\" \/><\/figure><\/div><div class=\"swiper-slide\" role=\"group\" aria-roledescription=\"slide\" aria-label=\"2 sur 8\"><figure class=\"swiper-slide-inner\"><img decoding=\"async\" class=\"swiper-slide-image\" src=\"https:\/\/www.biblio.univ-evry.fr\/wp-content\/uploads\/2023\/02\/PdP2023_1.png\" alt=\"Exposition \u00ab Fronti\u00e8res \u00bb \u00a9 BU \u00c9VRY\" \/><figcaption class=\"elementor-image-carousel-caption\">Exposition \u00ab Fronti\u00e8res \u00bb \u00a9 BU \u00c9VRY<\/figcaption><\/figure><\/div><div class=\"swiper-slide\" role=\"group\" aria-roledescription=\"slide\" aria-label=\"3 sur 8\"><figure class=\"swiper-slide-inner\"><img decoding=\"async\" class=\"swiper-slide-image\" src=\"https:\/\/www.biblio.univ-evry.fr\/wp-content\/uploads\/2023\/02\/PdP2023_2.png\" alt=\"Exposition \u00ab Fronti\u00e8res \u00bb \u00a9 BU \u00c9VRY\" \/><figcaption class=\"elementor-image-carousel-caption\">Exposition \u00ab Fronti\u00e8res \u00bb \u00a9 BU \u00c9VRY<\/figcaption><\/figure><\/div><div class=\"swiper-slide\" role=\"group\" aria-roledescription=\"slide\" aria-label=\"4 sur 8\"><figure class=\"swiper-slide-inner\"><img decoding=\"async\" class=\"swiper-slide-image\" src=\"https:\/\/www.biblio.univ-evry.fr\/wp-content\/uploads\/2023\/02\/PdP2023_3.png\" alt=\"Exposition \u00ab Fronti\u00e8res \u00bb \u00a9 BU \u00c9VRY\" \/><figcaption class=\"elementor-image-carousel-caption\">Exposition \u00ab Fronti\u00e8res \u00bb \u00a9 BU \u00c9VRY<\/figcaption><\/figure><\/div><div class=\"swiper-slide\" role=\"group\" aria-roledescription=\"slide\" aria-label=\"5 sur 8\"><figure class=\"swiper-slide-inner\"><img decoding=\"async\" class=\"swiper-slide-image\" src=\"https:\/\/www.biblio.univ-evry.fr\/wp-content\/uploads\/2023\/02\/PdP2023_4.png\" alt=\"Exposition \u00ab Fronti\u00e8res \u00bb \u00a9 BU \u00c9VRY\" \/><figcaption class=\"elementor-image-carousel-caption\">Exposition \u00ab Fronti\u00e8res \u00bb \u00a9 BU \u00c9VRY<\/figcaption><\/figure><\/div><div class=\"swiper-slide\" role=\"group\" aria-roledescription=\"slide\" aria-label=\"6 sur 8\"><figure class=\"swiper-slide-inner\"><img decoding=\"async\" class=\"swiper-slide-image\" src=\"https:\/\/www.biblio.univ-evry.fr\/wp-content\/uploads\/2023\/02\/PdP2023_5.png\" alt=\"Exposition \u00ab Fronti\u00e8res \u00bb \u00a9 BU \u00c9VRY\" \/><figcaption class=\"elementor-image-carousel-caption\">Exposition \u00ab Fronti\u00e8res \u00bb \u00a9 BU \u00c9VRY<\/figcaption><\/figure><\/div><div class=\"swiper-slide\" role=\"group\" aria-roledescription=\"slide\" aria-label=\"7 sur 8\"><figure class=\"swiper-slide-inner\"><img decoding=\"async\" class=\"swiper-slide-image\" src=\"https:\/\/www.biblio.univ-evry.fr\/wp-content\/uploads\/2023\/02\/PdP2023_6.png\" alt=\"Exposition \u00ab Fronti\u00e8res \u00bb \u00a9 BU \u00c9VRY\" \/><figcaption class=\"elementor-image-carousel-caption\">Exposition \u00ab Fronti\u00e8res \u00bb \u00a9 BU \u00c9VRY<\/figcaption><\/figure><\/div><div class=\"swiper-slide\" role=\"group\" aria-roledescription=\"slide\" aria-label=\"8 sur 8\"><figure class=\"swiper-slide-inner\"><img decoding=\"async\" class=\"swiper-slide-image\" src=\"https:\/\/www.biblio.univ-evry.fr\/wp-content\/uploads\/2023\/02\/PdP2023_7.png\" alt=\"Exposition \u00ab Fronti\u00e8res \u00bb \u00a9 BU \u00c9VRY\" \/><figcaption class=\"elementor-image-carousel-caption\">Exposition \u00ab Fronti\u00e8res \u00bb \u00a9 BU \u00c9VRY<\/figcaption><\/figure><\/div>\t\t\t<\/div>\n\t\t\t\t\t\t\t\n\t\t\t\t\t\t\t\t\t<div class=\"swiper-pagination\"><\/div>\n\t\t\t\t\t\t\t\t\t<\/div>\n\t\t\t\t\t\t<\/div>\n\t\t\t\t<\/div>\n\t\t\t\t\t<\/div>\n\t\t<\/div>\n\t\t\t\t\t<\/div>\n\t\t<\/section>\n\t\t\t\t<\/div>\n\t\t","protected":false},"excerpt":{"rendered":"<p>Exposition \u00ab Fronti\u00e8res \u00bb \u00a9 BU \u00c9VRY Exposition \u00ab Fronti\u00e8res \u00bb \u00a9 BU \u00c9VRY Exposition \u00ab Fronti\u00e8res \u00bb \u00a9 BU \u00c9VRY Exposition \u00ab Fronti\u00e8res \u00bb \u00a9 BU \u00c9VRY Exposition \u00ab Fronti\u00e8res \u00bb \u00a9 BU \u00c9VRY Exposition \u00ab Fronti\u00e8res \u00bb \u00a9 BU \u00c9VRY Exposition \u00ab Fronti\u00e8res \u00bb \u00a9 BU \u00c9VRY Pr\u00e9c\u00e9dent Suivant Exposition \u00ab Fronti\u00e8res \u00bb [&hellip;]<\/p>\n","protected":false},"author":14,"featured_media":0,"parent":0,"menu_order":0,"comment_status":"closed","ping_status":"closed","template":"","meta":{"wpupg_custom_link":[],"wpupg_custom_link_behaviour":[],"wpupg_custom_link_nofollow":[],"wpupg_custom_image":[],"wpupg_custom_image_id":[],"footnotes":""},"class_list":["post-9224","page","type-page","status-publish","hentry"],"_links":{"self":[{"href":"https:\/\/www.biblio.univ-evry.fr\/index.php\/wp-json\/wp\/v2\/pages\/9224","targetHints":{"allow":["GET"]}}],"collection":[{"href":"https:\/\/www.biblio.univ-evry.fr\/index.php\/wp-json\/wp\/v2\/pages"}],"about":[{"href":"https:\/\/www.biblio.univ-evry.fr\/index.php\/wp-json\/wp\/v2\/types\/page"}],"author":[{"embeddable":true,"href":"https:\/\/www.biblio.univ-evry.fr\/index.php\/wp-json\/wp\/v2\/users\/14"}],"replies":[{"embeddable":true,"href":"https:\/\/www.biblio.univ-evry.fr\/index.php\/wp-json\/wp\/v2\/comments?post=9224"}],"version-history":[{"count":14,"href":"https:\/\/www.biblio.univ-evry.fr\/index.php\/wp-json\/wp\/v2\/pages\/9224\/revisions"}],"predecessor-version":[{"id":9331,"href":"https:\/\/www.biblio.univ-evry.fr\/index.php\/wp-json\/wp\/v2\/pages\/9224\/revisions\/9331"}],"wp:attachment":[{"href":"https:\/\/www.biblio.univ-evry.fr\/index.php\/wp-json\/wp\/v2\/media?parent=9224"}],"curies":[{"name":"wp","href":"https:\/\/api.w.org\/{rel}","templated":true}]}}