{"id":88,"date":"2020-06-30T11:50:06","date_gmt":"2020-06-30T09:50:06","guid":{"rendered":"https:\/\/newweb.biblio.univ-evry.fr\/?page_id=88"},"modified":"2021-01-05T11:46:04","modified_gmt":"2021-01-05T10:46:04","slug":"services-numeriques","status":"publish","type":"page","link":"https:\/\/www.biblio.univ-evry.fr\/index.php\/services-numeriques\/","title":{"rendered":"Services num\u00e9riques"},"content":{"rendered":"\n<div class=\"wp-block-columns is-layout-flex wp-container-core-columns-is-layout-9d6595d7 wp-block-columns-is-layout-flex\">\n<div class=\"wp-block-column is-layout-flow wp-block-column-is-layout-flow\">\n<style>#sp-ea-666 .spcollapsing { height: 0; overflow: hidden; transition-property: height;transition-duration: 500ms;}#sp-ea-666{ position: relative; }#sp-ea-666 .ea-card{ opacity: 0;}#eap-preloader-666{ position: absolute; left: 0; top: 0; height: 100%;width: 100%; text-align: center;display: flex; align-items: center;justify-content: center;}#sp-ea-666.sp-easy-accordion>.sp-ea-single {margin-bottom: 10px; border: 0px solid #e2e2e2; }#sp-ea-666.sp-easy-accordion>.sp-ea-single>.ea-header a {color: #444;}#sp-ea-666.sp-easy-accordion>.sp-ea-single>.sp-collapse>.ea-body {background: #fff; color: #444;}#sp-ea-666.sp-easy-accordion>.sp-ea-single {background: #ffffff;}#sp-ea-666.sp-easy-accordion>.sp-ea-single>.ea-header a .ea-expand-icon { float: left; color: #444;font-size: 16px;}<\/style><div id=\"sp_easy_accordion-1758374362\"><div id=\"sp-ea-666\" class=\"sp-ea-one sp-easy-accordion\" data-ea-active=\"ea-click\" data-ea-mode=\"vertical\" data-preloader=\"1\" data-scroll-active-item=\"\" data-offset-to-scroll=\"0\"><div id=\"eap-preloader-666\" class=\"accordion-preloader\"><img src=\"https:\/\/www.biblio.univ-evry.fr\/wp-content\/plugins\/easy-accordion-free\/public\/assets\/ea_loader.svg\" alt=\"Loader image\"\/><\/div><div class=\"ea-card sp-ea-single\"><h3 class=\"ea-header\"><a class=\"collapsed\" id=\"ea-header-6660\" role=\"button\" data-sptoggle=\"spcollapse\" data-sptarget=\"#collapse6660\" aria-controls=\"collapse6660\" href=\"#\" aria-expanded=\"false\" tabindex=\"0\"><i aria-hidden=\"true\" role=\"presentation\" class=\"ea-expand-icon eap-icon-ea-expand-plus\"><\/i> Postes informatiques<\/a><\/h3><div class=\"sp-collapse spcollapse spcollapse\" id=\"collapse6660\" role=\"region\" aria-labelledby=\"ea-header-6660\"> <div class=\"ea-body\"><p align=\"justify\">La BU met \u00e0 votre disposition des postes informatiques permettant l'acc\u00e8s \u00e0 des logiciels de bureautique et internet.<br \/>L'utilisation de ces postes n\u00e9cessite de s'identifier.<\/p><p align=\"justify\">Comment obtenir vos identifiants ?<\/p><ul><li><strong>Les \u00e9tudiants et les enseignants, personnels administratifs d'\u00c9vry<\/strong>\u00a0doivent utiliser les identifiants d'acc\u00e8s au compte p\u00e9dagogique. Ce compte peut \u00eatre activ\u00e9 sur place ou \u00e0 cette\u00a0<a title=\"Activation du compte p\u00e9dagogique\" href=\"https:\/\/identiteutilisateur.fr\/\" target=\"_blank\" rel=\"noopener\">adresse<\/a>.<\/li><li><strong>Les lecteurs ext\u00e9rieurs<\/strong>\u00a0doivent activer leur compte depuis un PC r\u00e9serv\u00e9 aux lecteurs ext\u00e9rieurs.<\/li><\/ul><\/div><\/div><\/div><div class=\"ea-card sp-ea-single\"><h3 class=\"ea-header\"><a class=\"collapsed\" id=\"ea-header-6661\" role=\"button\" data-sptoggle=\"spcollapse\" data-sptarget=\"#collapse6661\" aria-controls=\"collapse6661\" href=\"#\" aria-expanded=\"false\" tabindex=\"0\"><i aria-hidden=\"true\" role=\"presentation\" class=\"ea-expand-icon eap-icon-ea-expand-plus\"><\/i> WIFI<\/a><\/h3><div class=\"sp-collapse spcollapse spcollapse\" id=\"collapse6661\" role=\"region\" aria-labelledby=\"ea-header-6661\"> <div class=\"ea-body\"><p align=\"justify\">La BU est \u00e9quip\u00e9e de bornes WIFI.<\/p><p align=\"justify\">Pour acc\u00e9der au r\u00e9seau :<\/p><ul><li><strong>Les \u00e9tudiants et les enseignants de l'universit\u00e9 d'\u00c9vry <\/strong>utilisent les codes d'acc\u00e8s \u00e0 leur compte p\u00e9dagogique.<\/li><li><strong>Le personnel administratif<\/strong>\u00a0utilise ses codes d'acc\u00e8s \u00e0 l'intranet de l'Universit\u00e9.<\/li><li><strong>Pour les lecteurs ext\u00e9rieurs<\/strong>, seuls les personnes d\u00e9tenant une carte d'emprunteur (inscription payante) ont acc\u00e8s au WIFI. Elles peuvent se connecter gr\u00e2ce aux identifiants qu'elles ont re\u00e7u par mail lors de leur inscription.<\/li><\/ul><\/div><\/div><\/div><div class=\"ea-card sp-ea-single\"><h3 class=\"ea-header\"><a class=\"collapsed\" id=\"ea-header-6662\" role=\"button\" data-sptoggle=\"spcollapse\" data-sptarget=\"#collapse6662\" aria-controls=\"collapse6662\" href=\"#\" aria-expanded=\"false\" tabindex=\"0\"><i aria-hidden=\"true\" role=\"presentation\" class=\"ea-expand-icon eap-icon-ea-expand-plus\"><\/i> Photocopieurs, imprimantes<\/a><\/h3><div class=\"sp-collapse spcollapse spcollapse\" id=\"collapse6662\" role=\"region\" aria-labelledby=\"ea-header-6662\"> <div class=\"ea-body\"><p align=\"justify\">Vous trouverez au 1er \u00e9tage trois copieurs multifonction vous permettant d'effectuer des photocopies, impressions et scans.<\/p><p align=\"justify\">Les documents scann\u00e9s peuvent uniquement \u00eatre envoy\u00e9s par mail. Ce service est gratuit et disponible pour tous les usagers de la biblioth\u00e8que.<\/p><p align=\"justify\">Vous pouvez imprimer depuis les postes informatiques en salle, vos ordinateurs portables ou vos appareils mobiles.<\/p><p align=\"justify\"><strong>Tarifs :<\/strong><\/p><ul><li>0,10 \u20ac la copie en noir et blanc<\/li><li>0,26 \u20ac la copie en couleur<\/li><\/ul><div class=\"wp-block-columns\"><div class=\"wp-block-column\"><div style=\"background-color: #f1f1f1;padding: 2rem;height: 100%\"><h4>\u00c9tudiants<\/h4><p><strong>Vous devez obligatoirement utiliser votre carte \u00e9tudiant.<\/strong><\/p><p>Pour charger votre carte, rendez-vous \u00e0 la borne du 1er \u00e9tage ou connectez-vous sur le site Sedeco<\/p><div class=\"wp-block-buttons\"><div class=\"wp-block-button\"><a class=\"wp-block-button__link\" style=\"background-color: #005793\" href=\"http:\/\/www.sedeco-impressions.com\/evry\">Acc\u00e9der au site<\/a><\/div><\/div><\/div><\/div><div class=\"wp-block-column\"><div style=\"background-color: #f1f1f1;padding: 2rem;height: 100%\"><h4>Lecteurs ext\u00e9rieurs<\/h4><p><strong>Achetez et rechargez votre carte S\u00e9d\u00e9co \u00e0 la borne du 1er \u00e9tage. Avant la 1\u00e8re utilisation, vous devez l'activer sur le poste d\u00e9di\u00e9.<\/strong><\/p><p>La carte co\u00fbte 2 \u20ac \u00e0 l'achat (dont 1,5 \u20ac pr\u00e9lev\u00e9 pour l'abonnement).<\/p><\/div><\/div><\/div><p align=\"justify\">Le rechargement sur la borne peut se faire par carte bleue (montant minimum : 2 \u20ac) et esp\u00e8ces (billets accept\u00e9s : 5, 10 et 20 \u20ac ; pi\u00e8ces accept\u00e9es : de 0,10 \u00e0 2 \u20ac).<\/p><div class=\"exergue\"><p align=\"left\"><strong><span class=\"titreparagraphe\">Attention :<\/span><\/strong><\/p><p align=\"justify\">Vous devez respecter la l\u00e9gislation sur le droit de copie, dont vous retrouverez le d\u00e9tail sur le site du\u00a0<a title=\"Acc\u00e8s au site [nouvelle fen\u00eatre]\" href=\"http:\/\/www.cfcopies.com\/\" target=\"_blank\" rel=\"noopener\">Centre Fran\u00e7ais d'exploitation du droit de la Copie (CFC).<\/a><\/p><p align=\"justify\">Pour m\u00e9moire :<br \/><cite>\"la r\u00e9alisation de photocopies d\u2019articles de presse et de pages de livres sans autorisation constitue une contrefa\u00e7on qui met en cause la responsabilit\u00e9 civile et p\u00e9nale de celui qui y proc\u00e8de.<br \/>La sanction du d\u00e9lit de contrefa\u00e7on pr\u00e9vue \u00e0 l\u2019 art. L 335-2 du Code de la propri\u00e9t\u00e9 intellectuelle et \u00e0 l\u2019art. L 335-3 du Code de la propri\u00e9t\u00e9 intellectuelle peut \u00eatre lourde (2 ans d\u2019emprisonnement et un million de francs d\u2019amende) et peut \u00eatre accompagn\u00e9e d\u2019une condamnation \u00e0 verser de lourds dommages-int\u00e9r\u00eats\".<\/cite><\/p><\/div><\/div><\/div><\/div><div class=\"ea-card sp-ea-single\"><h3 class=\"ea-header\"><a class=\"collapsed\" id=\"ea-header-6663\" role=\"button\" data-sptoggle=\"spcollapse\" data-sptarget=\"#collapse6663\" aria-controls=\"collapse6663\" href=\"#\" aria-expanded=\"false\" tabindex=\"0\"><i aria-hidden=\"true\" role=\"presentation\" class=\"ea-expand-icon eap-icon-ea-expand-plus\"><\/i> Pr\u00eat de casques audios<\/a><\/h3><div class=\"sp-collapse spcollapse spcollapse\" id=\"collapse6663\" role=\"region\" aria-labelledby=\"ea-header-6663\"> <div class=\"ea-body\"><p>A tous les \u00e9tages, vous avez la possibilit\u00e9 d'emprunter des casques audios, pour votre ordinateur ou pour ceux de la BU. Demandez-le \u00e0 la banque de renseignements.<\/p><\/div><\/div><\/div><\/div><\/div>\n<\/div>\n\n\n\n<div class=\"wp-block-column is-layout-flow wp-block-column-is-layout-flow\">\n<figure class=\"wp-block-image size-large\"><img decoding=\"async\" src=\"https:\/\/www.biblio.univ-evry.fr\/wp-content\/uploads\/2020\/11\/postes-info.jpg\" alt=\"\"\/><\/figure>\n<\/div>\n<\/div>\n\n\n\n<p><\/p>\n","protected":false},"excerpt":{"rendered":"","protected":false},"author":1,"featured_media":0,"parent":0,"menu_order":0,"comment_status":"closed","ping_status":"closed","template":"","meta":{"wpupg_custom_link":[],"wpupg_custom_link_behaviour":[],"wpupg_custom_link_nofollow":[],"wpupg_custom_image":[],"wpupg_custom_image_id":[],"footnotes":""},"class_list":["post-88","page","type-page","status-publish","hentry"],"_links":{"self":[{"href":"https:\/\/www.biblio.univ-evry.fr\/index.php\/wp-json\/wp\/v2\/pages\/88","targetHints":{"allow":["GET"]}}],"collection":[{"href":"https:\/\/www.biblio.univ-evry.fr\/index.php\/wp-json\/wp\/v2\/pages"}],"about":[{"href":"https:\/\/www.biblio.univ-evry.fr\/index.php\/wp-json\/wp\/v2\/types\/page"}],"author":[{"embeddable":true,"href":"https:\/\/www.biblio.univ-evry.fr\/index.php\/wp-json\/wp\/v2\/users\/1"}],"replies":[{"embeddable":true,"href":"https:\/\/www.biblio.univ-evry.fr\/index.php\/wp-json\/wp\/v2\/comments?post=88"}],"version-history":[{"count":10,"href":"https:\/\/www.biblio.univ-evry.fr\/index.php\/wp-json\/wp\/v2\/pages\/88\/revisions"}],"predecessor-version":[{"id":4651,"href":"https:\/\/www.biblio.univ-evry.fr\/index.php\/wp-json\/wp\/v2\/pages\/88\/revisions\/4651"}],"wp:attachment":[{"href":"https:\/\/www.biblio.univ-evry.fr\/index.php\/wp-json\/wp\/v2\/media?parent=88"}],"curies":[{"name":"wp","href":"https:\/\/api.w.org\/{rel}","templated":true}]}}