{"id":84,"date":"2020-06-30T11:49:08","date_gmt":"2020-06-30T09:49:08","guid":{"rendered":"https:\/\/newweb.biblio.univ-evry.fr\/?page_id=84"},"modified":"2021-01-05T11:46:41","modified_gmt":"2021-01-05T10:46:41","slug":"espace-audiovisuel","status":"publish","type":"page","link":"https:\/\/www.biblio.univ-evry.fr\/index.php\/espace-audiovisuel\/","title":{"rendered":"Espace audiovisuel"},"content":{"rendered":"\n<div class=\"wp-block-columns is-layout-flex wp-container-core-columns-is-layout-9d6595d7 wp-block-columns-is-layout-flex\">\n<div class=\"wp-block-column is-layout-flow wp-block-column-is-layout-flow\">\n<p>&nbsp;<\/p>\n\n\n\n<p>La Biblioth\u00e8que Universitaire vous propose, au 1er \u00e9tage, un espace audiovisuel. Six places sont disponibles pour regarder des DVD issus du fonds documentaire de la BU.<\/p>\n\n\n\n<p>Adressez-vous au bureau de renseignements de l\u2019\u00e9tage pour plus d\u2019informations.<\/p>\n\n\n\n<p>Vous pouvez lancer des recherches qui vous permettront de consulter la liste des films, pi\u00e8ces de th\u00e9\u00e2tres et documentaires pr\u00e9sents dans les collections de la biblioth\u00e8que.<\/p>\n<\/div>\n\n\n\n<div class=\"wp-block-column is-layout-flow wp-block-column-is-layout-flow\">\n<div class=\"wp-block-image is-style-default\"><figure class=\"aligncenter size-large\"><img decoding=\"async\" src=\"https:\/\/www.biblio.univ-evry.fr\/wp-content\/uploads\/2020\/11\/espace-audioviduel.jpg\" alt=\"\"\/><\/figure><\/div>\n<\/div>\n<\/div>\n\n\n\n<p><\/p>\n","protected":false},"excerpt":{"rendered":"<p>&nbsp; La Biblioth\u00e8que Universitaire vous propose, au 1er \u00e9tage, un espace audiovisuel. Six places sont disponibles pour regarder des DVD issus du fonds documentaire de la BU. Adressez-vous au bureau de renseignements de l\u2019\u00e9tage pour plus d\u2019informations. Vous pouvez lancer des recherches qui vous permettront de consulter la liste des films, pi\u00e8ces de th\u00e9\u00e2tres et [&hellip;]<\/p>\n","protected":false},"author":1,"featured_media":0,"parent":0,"menu_order":0,"comment_status":"closed","ping_status":"closed","template":"","meta":{"wpupg_custom_link":[],"wpupg_custom_link_behaviour":[],"wpupg_custom_link_nofollow":[],"wpupg_custom_image":[],"wpupg_custom_image_id":[],"footnotes":""},"class_list":["post-84","page","type-page","status-publish","hentry"],"_links":{"self":[{"href":"https:\/\/www.biblio.univ-evry.fr\/index.php\/wp-json\/wp\/v2\/pages\/84","targetHints":{"allow":["GET"]}}],"collection":[{"href":"https:\/\/www.biblio.univ-evry.fr\/index.php\/wp-json\/wp\/v2\/pages"}],"about":[{"href":"https:\/\/www.biblio.univ-evry.fr\/index.php\/wp-json\/wp\/v2\/types\/page"}],"author":[{"embeddable":true,"href":"https:\/\/www.biblio.univ-evry.fr\/index.php\/wp-json\/wp\/v2\/users\/1"}],"replies":[{"embeddable":true,"href":"https:\/\/www.biblio.univ-evry.fr\/index.php\/wp-json\/wp\/v2\/comments?post=84"}],"version-history":[{"count":15,"href":"https:\/\/www.biblio.univ-evry.fr\/index.php\/wp-json\/wp\/v2\/pages\/84\/revisions"}],"predecessor-version":[{"id":2159,"href":"https:\/\/www.biblio.univ-evry.fr\/index.php\/wp-json\/wp\/v2\/pages\/84\/revisions\/2159"}],"wp:attachment":[{"href":"https:\/\/www.biblio.univ-evry.fr\/index.php\/wp-json\/wp\/v2\/media?parent=84"}],"curies":[{"name":"wp","href":"https:\/\/api.w.org\/{rel}","templated":true}]}}