{"id":82,"date":"2020-06-30T11:48:46","date_gmt":"2020-06-30T09:48:46","guid":{"rendered":"https:\/\/newweb.biblio.univ-evry.fr\/?page_id=82"},"modified":"2026-01-08T14:51:17","modified_gmt":"2026-01-08T13:51:17","slug":"travail-en-groupe","status":"publish","type":"page","link":"https:\/\/www.biblio.univ-evry.fr\/index.php\/travail-en-groupe\/","title":{"rendered":"Salles de travail en groupe"},"content":{"rendered":"\t\t<div data-elementor-type=\"wp-page\" data-elementor-id=\"82\" class=\"elementor elementor-82\">\n\t\t\t\t\t\t<section class=\"elementor-section elementor-top-section elementor-element elementor-element-f49ebdf elementor-section-boxed elementor-section-height-default elementor-section-height-default\" data-id=\"f49ebdf\" data-element_type=\"section\" data-e-type=\"section\">\n\t\t\t\t\t\t<div class=\"elementor-container elementor-column-gap-default\">\n\t\t\t\t\t<div class=\"elementor-column elementor-col-100 elementor-top-column elementor-element elementor-element-be54434\" data-id=\"be54434\" data-element_type=\"column\" data-e-type=\"column\">\n\t\t\t<div class=\"elementor-widget-wrap elementor-element-populated\">\n\t\t\t\t\t\t<div class=\"elementor-element elementor-element-aa41fc0 elementor-widget elementor-widget-text-editor\" data-id=\"aa41fc0\" data-element_type=\"widget\" data-e-type=\"widget\" data-widget_type=\"text-editor.default\">\n\t\t\t\t<div class=\"elementor-widget-container\">\n\t\t\t\t\t\t\t\t\t<p>La biblioth\u00e8que propose \u00e0 ses usagers, en acc\u00e8s libre, <strong>9 salles de travail en groupe <\/strong>:<\/p>\n<p>&#8211; Deux salles pouvant accueillir jusqu&rsquo;\u00e0 quatre personnes (au 2e \u00e9tage)<\/p>\n<p>&#8211; Une salle pouvant accueillie jusqu&rsquo;\u00e0 cinq personnes (au 3e \u00e9tage)<\/p>\n<p>&#8211; Deux salles pouvant accueillir jusqu&rsquo;\u00e0 dix personnes (au 2e \u00e9tage)<\/p>\n<p>&#8211; Quatre salles, \u00e9quip\u00e9es d&rsquo;\u00e9crans que vous pouvez connecter, pouvant accueillir jusqu&rsquo;\u00e0 cinq personnes (au 1er et au 2e \u00e9tages)<\/p>\n<p><\/p>\t\t\t\t\t\t\t\t<\/div>\n\t\t\t\t<\/div>\n\t\t\t\t<div class=\"elementor-element elementor-element-0c0b7bb elementor-widget elementor-widget-text-editor\" data-id=\"0c0b7bb\" data-element_type=\"widget\" data-e-type=\"widget\" data-widget_type=\"text-editor.default\">\n\t\t\t\t<div class=\"elementor-widget-container\">\n\t\t\t\t\t\t\t\t\t<p>L&rsquo;utilisation de ces salles fait l&rsquo;objet d&rsquo;une tr\u00e8s forte demande, <strong>la priorit\u00e9 va \u00e0 celui qui a r\u00e9serv\u00e9<\/strong>.<\/p>\n<p>Vous pouvez r\u00e9server une salle jusqu&rsquo;\u00e0 deux semaines en avance, dans la limite de deux heures par jour et de dix heures par semaine.<\/p>\n<p><!-- \/wp:paragraph --><!-- wp:paragraph --><\/p>\n<p>Les salles sont r\u00e9servables sur <i>Affluences <\/i>avec votre adresse mail institutionnelle ou l&rsquo;adresse que vous avez donn\u00e9e lors de votre inscription.<\/p>\t\t\t\t\t\t\t\t<\/div>\n\t\t\t\t<\/div>\n\t\t\t\t<section class=\"elementor-section elementor-inner-section elementor-element elementor-element-a4d09b1 elementor-section-boxed elementor-section-height-default elementor-section-height-default\" data-id=\"a4d09b1\" data-element_type=\"section\" data-e-type=\"section\">\n\t\t\t\t\t\t<div class=\"elementor-container elementor-column-gap-default\">\n\t\t\t\t\t<div class=\"elementor-column elementor-col-100 elementor-inner-column elementor-element elementor-element-8956f0f\" data-id=\"8956f0f\" data-element_type=\"column\" data-e-type=\"column\">\n\t\t\t<div class=\"elementor-widget-wrap elementor-element-populated\">\n\t\t\t\t\t\t<div class=\"elementor-element elementor-element-cd213e8 elementor-align-center elementor-widget elementor-widget-button\" data-id=\"cd213e8\" data-element_type=\"widget\" data-e-type=\"widget\" data-widget_type=\"button.default\">\n\t\t\t\t<div class=\"elementor-widget-container\">\n\t\t\t\t\t\t\t\t\t<div class=\"elementor-button-wrapper\">\n\t\t\t\t\t<a class=\"elementor-button elementor-button-link elementor-size-md\" href=\"https:\/\/affluences.com\/bu-centrale\/reservation?\">\n\t\t\t\t\t\t<span class=\"elementor-button-content-wrapper\">\n\t\t\t\t\t\t<span class=\"elementor-button-icon\">\n\t\t\t\t<i aria-hidden=\"true\" class=\"fas fa-edit\"><\/i>\t\t\t<\/span>\n\t\t\t\t\t\t\t\t\t<span class=\"elementor-button-text\">Je r\u00e9serve une salle<\/span>\n\t\t\t\t\t<\/span>\n\t\t\t\t\t<\/a>\n\t\t\t\t<\/div>\n\t\t\t\t\t\t\t\t<\/div>\n\t\t\t\t<\/div>\n\t\t\t\t\t<\/div>\n\t\t<\/div>\n\t\t\t\t\t<\/div>\n\t\t<\/section>\n\t\t\t\t\t<\/div>\n\t\t<\/div>\n\t\t\t\t\t<\/div>\n\t\t<\/section>\n\t\t\t\t<\/div>\n\t\t","protected":false},"excerpt":{"rendered":"<p>La biblioth\u00e8que propose \u00e0 ses usagers, en acc\u00e8s libre, 9 salles de travail en groupe : &#8211; Deux salles pouvant accueillir jusqu&rsquo;\u00e0 quatre personnes (au 2e \u00e9tage) &#8211; Une salle pouvant accueillie jusqu&rsquo;\u00e0 cinq personnes (au 3e \u00e9tage) &#8211; Deux salles pouvant accueillir jusqu&rsquo;\u00e0 dix personnes (au 2e \u00e9tage) &#8211; Quatre salles, \u00e9quip\u00e9es d&rsquo;\u00e9crans que [&hellip;]<\/p>\n","protected":false},"author":1,"featured_media":0,"parent":0,"menu_order":0,"comment_status":"closed","ping_status":"closed","template":"","meta":{"wpupg_custom_link":[],"wpupg_custom_link_behaviour":[],"wpupg_custom_link_nofollow":[],"wpupg_custom_image":[],"wpupg_custom_image_id":[],"footnotes":""},"class_list":["post-82","page","type-page","status-publish","hentry"],"_links":{"self":[{"href":"https:\/\/www.biblio.univ-evry.fr\/index.php\/wp-json\/wp\/v2\/pages\/82","targetHints":{"allow":["GET"]}}],"collection":[{"href":"https:\/\/www.biblio.univ-evry.fr\/index.php\/wp-json\/wp\/v2\/pages"}],"about":[{"href":"https:\/\/www.biblio.univ-evry.fr\/index.php\/wp-json\/wp\/v2\/types\/page"}],"author":[{"embeddable":true,"href":"https:\/\/www.biblio.univ-evry.fr\/index.php\/wp-json\/wp\/v2\/users\/1"}],"replies":[{"embeddable":true,"href":"https:\/\/www.biblio.univ-evry.fr\/index.php\/wp-json\/wp\/v2\/comments?post=82"}],"version-history":[{"count":78,"href":"https:\/\/www.biblio.univ-evry.fr\/index.php\/wp-json\/wp\/v2\/pages\/82\/revisions"}],"predecessor-version":[{"id":14138,"href":"https:\/\/www.biblio.univ-evry.fr\/index.php\/wp-json\/wp\/v2\/pages\/82\/revisions\/14138"}],"wp:attachment":[{"href":"https:\/\/www.biblio.univ-evry.fr\/index.php\/wp-json\/wp\/v2\/media?parent=82"}],"curies":[{"name":"wp","href":"https:\/\/api.w.org\/{rel}","templated":true}]}}