{"id":8156,"date":"2022-09-22T16:15:44","date_gmt":"2022-09-22T14:15:44","guid":{"rendered":"https:\/\/www.biblio.univ-evry.fr\/?page_id=8156"},"modified":"2022-09-22T16:19:53","modified_gmt":"2022-09-22T14:19:53","slug":"exposition-crise-de-la-biodiversite-de-la-recherche-a-la-decision","status":"publish","type":"page","link":"https:\/\/www.biblio.univ-evry.fr\/index.php\/exposition-crise-de-la-biodiversite-de-la-recherche-a-la-decision\/","title":{"rendered":"Exposition Crise de la biodiversit\u00e9 : de la recherche \u00e0 la d\u00e9cision ?"},"content":{"rendered":"\t\t<div data-elementor-type=\"wp-page\" data-elementor-id=\"8156\" class=\"elementor elementor-8156\">\n\t\t\t\t\t\t<section class=\"elementor-section elementor-top-section elementor-element elementor-element-beb3a96 elementor-section-boxed elementor-section-height-default elementor-section-height-default\" data-id=\"beb3a96\" data-element_type=\"section\" data-e-type=\"section\">\n\t\t\t\t\t\t<div class=\"elementor-container elementor-column-gap-default\">\n\t\t\t\t\t<div class=\"elementor-column elementor-col-100 elementor-top-column elementor-element elementor-element-8bc5b20\" data-id=\"8bc5b20\" data-element_type=\"column\" data-e-type=\"column\">\n\t\t\t<div class=\"elementor-widget-wrap elementor-element-populated\">\n\t\t\t\t\t\t<div class=\"elementor-element elementor-element-ea56d4c elementor-arrows-position-outside elementor-hidden-tablet elementor-hidden-mobile elementor-widget elementor-widget-image-carousel\" data-id=\"ea56d4c\" data-element_type=\"widget\" data-e-type=\"widget\" data-settings=\"{&quot;slides_to_show&quot;:&quot;1&quot;,&quot;navigation&quot;:&quot;arrows&quot;,&quot;autoplay&quot;:&quot;yes&quot;,&quot;pause_on_hover&quot;:&quot;yes&quot;,&quot;pause_on_interaction&quot;:&quot;yes&quot;,&quot;autoplay_speed&quot;:5000,&quot;infinite&quot;:&quot;yes&quot;,&quot;effect&quot;:&quot;slide&quot;,&quot;speed&quot;:500}\" data-widget_type=\"image-carousel.default\">\n\t\t\t\t<div class=\"elementor-widget-container\">\n\t\t\t\t\t\t\t<div class=\"elementor-image-carousel-wrapper swiper\" role=\"region\" aria-roledescription=\"carousel\" aria-label=\"Carrousel d\u2019images\" dir=\"ltr\">\n\t\t\t<div class=\"elementor-image-carousel swiper-wrapper\" aria-live=\"off\">\n\t\t\t\t\t\t\t\t<div class=\"swiper-slide\" role=\"group\" aria-roledescription=\"slide\" aria-label=\"1 sur 11\"><a data-elementor-open-lightbox=\"yes\" data-elementor-lightbox-slideshow=\"ea56d4c\" data-elementor-lightbox-title=\"Expo-CNRS-biodiversite-1\" data-e-action-hash=\"#elementor-action%3Aaction%3Dlightbox%26settings%3DeyJpZCI6ODE2OCwidXJsIjoiaHR0cHM6XC9cL3d3dy5iaWJsaW8udW5pdi1ldnJ5LmZyXC93cC1jb250ZW50XC91cGxvYWRzXC8yMDIyXC8wOVwvRXhwby1DTlJTLWJpb2RpdmVyc2l0ZS0xLnBuZyIsInNsaWRlc2hvdyI6ImVhNTZkNGMifQ%3D%3D\" href=\"https:\/\/www.biblio.univ-evry.fr\/wp-content\/uploads\/2022\/09\/Expo-CNRS-biodiversite-1.png\"><figure class=\"swiper-slide-inner\"><img decoding=\"async\" class=\"swiper-slide-image\" src=\"https:\/\/www.biblio.univ-evry.fr\/wp-content\/uploads\/2022\/09\/Expo-CNRS-biodiversite-1.png\" alt=\"Expo-CNRS-biodiversite-1\" \/><\/figure><\/a><\/div><div class=\"swiper-slide\" role=\"group\" aria-roledescription=\"slide\" aria-label=\"2 sur 11\"><a data-elementor-open-lightbox=\"yes\" data-elementor-lightbox-slideshow=\"ea56d4c\" data-elementor-lightbox-title=\"Expo-CNRS-biodiversite-2\" data-e-action-hash=\"#elementor-action%3Aaction%3Dlightbox%26settings%3DeyJpZCI6ODE2OSwidXJsIjoiaHR0cHM6XC9cL3d3dy5iaWJsaW8udW5pdi1ldnJ5LmZyXC93cC1jb250ZW50XC91cGxvYWRzXC8yMDIyXC8wOVwvRXhwby1DTlJTLWJpb2RpdmVyc2l0ZS0yLnBuZyIsInNsaWRlc2hvdyI6ImVhNTZkNGMifQ%3D%3D\" href=\"https:\/\/www.biblio.univ-evry.fr\/wp-content\/uploads\/2022\/09\/Expo-CNRS-biodiversite-2.png\"><figure class=\"swiper-slide-inner\"><img decoding=\"async\" class=\"swiper-slide-image\" src=\"https:\/\/www.biblio.univ-evry.fr\/wp-content\/uploads\/2022\/09\/Expo-CNRS-biodiversite-2.png\" alt=\"Expo-CNRS-biodiversite-2\" \/><\/figure><\/a><\/div><div class=\"swiper-slide\" role=\"group\" aria-roledescription=\"slide\" aria-label=\"3 sur 11\"><a data-elementor-open-lightbox=\"yes\" data-elementor-lightbox-slideshow=\"ea56d4c\" data-elementor-lightbox-title=\"Expo-CNRS-biodiversite-3\" data-e-action-hash=\"#elementor-action%3Aaction%3Dlightbox%26settings%3DeyJpZCI6ODE3MCwidXJsIjoiaHR0cHM6XC9cL3d3dy5iaWJsaW8udW5pdi1ldnJ5LmZyXC93cC1jb250ZW50XC91cGxvYWRzXC8yMDIyXC8wOVwvRXhwby1DTlJTLWJpb2RpdmVyc2l0ZS0zLnBuZyIsInNsaWRlc2hvdyI6ImVhNTZkNGMifQ%3D%3D\" href=\"https:\/\/www.biblio.univ-evry.fr\/wp-content\/uploads\/2022\/09\/Expo-CNRS-biodiversite-3.png\"><figure class=\"swiper-slide-inner\"><img decoding=\"async\" class=\"swiper-slide-image\" src=\"https:\/\/www.biblio.univ-evry.fr\/wp-content\/uploads\/2022\/09\/Expo-CNRS-biodiversite-3.png\" alt=\"Expo-CNRS-biodiversite-3\" \/><\/figure><\/a><\/div><div class=\"swiper-slide\" role=\"group\" aria-roledescription=\"slide\" aria-label=\"4 sur 11\"><a data-elementor-open-lightbox=\"yes\" data-elementor-lightbox-slideshow=\"ea56d4c\" data-elementor-lightbox-title=\"Expo-CNRS-biodiversite-4\" data-e-action-hash=\"#elementor-action%3Aaction%3Dlightbox%26settings%3DeyJpZCI6ODE3MSwidXJsIjoiaHR0cHM6XC9cL3d3dy5iaWJsaW8udW5pdi1ldnJ5LmZyXC93cC1jb250ZW50XC91cGxvYWRzXC8yMDIyXC8wOVwvRXhwby1DTlJTLWJpb2RpdmVyc2l0ZS00LnBuZyIsInNsaWRlc2hvdyI6ImVhNTZkNGMifQ%3D%3D\" href=\"https:\/\/www.biblio.univ-evry.fr\/wp-content\/uploads\/2022\/09\/Expo-CNRS-biodiversite-4.png\"><figure class=\"swiper-slide-inner\"><img decoding=\"async\" class=\"swiper-slide-image\" src=\"https:\/\/www.biblio.univ-evry.fr\/wp-content\/uploads\/2022\/09\/Expo-CNRS-biodiversite-4.png\" alt=\"Expo-CNRS-biodiversite-4\" \/><\/figure><\/a><\/div><div class=\"swiper-slide\" role=\"group\" aria-roledescription=\"slide\" aria-label=\"5 sur 11\"><a data-elementor-open-lightbox=\"yes\" data-elementor-lightbox-slideshow=\"ea56d4c\" data-elementor-lightbox-title=\"Expo-CNRS-biodiversite-5\" data-e-action-hash=\"#elementor-action%3Aaction%3Dlightbox%26settings%3DeyJpZCI6ODE3MiwidXJsIjoiaHR0cHM6XC9cL3d3dy5iaWJsaW8udW5pdi1ldnJ5LmZyXC93cC1jb250ZW50XC91cGxvYWRzXC8yMDIyXC8wOVwvRXhwby1DTlJTLWJpb2RpdmVyc2l0ZS01LnBuZyIsInNsaWRlc2hvdyI6ImVhNTZkNGMifQ%3D%3D\" href=\"https:\/\/www.biblio.univ-evry.fr\/wp-content\/uploads\/2022\/09\/Expo-CNRS-biodiversite-5.png\"><figure class=\"swiper-slide-inner\"><img decoding=\"async\" class=\"swiper-slide-image\" src=\"https:\/\/www.biblio.univ-evry.fr\/wp-content\/uploads\/2022\/09\/Expo-CNRS-biodiversite-5.png\" alt=\"Expo-CNRS-biodiversite-5\" \/><\/figure><\/a><\/div><div class=\"swiper-slide\" role=\"group\" aria-roledescription=\"slide\" aria-label=\"6 sur 11\"><a data-elementor-open-lightbox=\"yes\" data-elementor-lightbox-slideshow=\"ea56d4c\" data-elementor-lightbox-title=\"Expo-CNRS-biodiversite-6\" data-e-action-hash=\"#elementor-action%3Aaction%3Dlightbox%26settings%3DeyJpZCI6ODE2MiwidXJsIjoiaHR0cHM6XC9cL3d3dy5iaWJsaW8udW5pdi1ldnJ5LmZyXC93cC1jb250ZW50XC91cGxvYWRzXC8yMDIyXC8wOVwvRXhwby1DTlJTLWJpb2RpdmVyc2l0ZS02LnBuZyIsInNsaWRlc2hvdyI6ImVhNTZkNGMifQ%3D%3D\" href=\"https:\/\/www.biblio.univ-evry.fr\/wp-content\/uploads\/2022\/09\/Expo-CNRS-biodiversite-6.png\"><figure class=\"swiper-slide-inner\"><img decoding=\"async\" class=\"swiper-slide-image\" src=\"https:\/\/www.biblio.univ-evry.fr\/wp-content\/uploads\/2022\/09\/Expo-CNRS-biodiversite-6.png\" alt=\"Expo-CNRS-biodiversite-6\" \/><\/figure><\/a><\/div><div class=\"swiper-slide\" role=\"group\" aria-roledescription=\"slide\" aria-label=\"7 sur 11\"><a data-elementor-open-lightbox=\"yes\" data-elementor-lightbox-slideshow=\"ea56d4c\" data-elementor-lightbox-title=\"Expo-CNRS-biodiversite-7\" data-e-action-hash=\"#elementor-action%3Aaction%3Dlightbox%26settings%3DeyJpZCI6ODE2MywidXJsIjoiaHR0cHM6XC9cL3d3dy5iaWJsaW8udW5pdi1ldnJ5LmZyXC93cC1jb250ZW50XC91cGxvYWRzXC8yMDIyXC8wOVwvRXhwby1DTlJTLWJpb2RpdmVyc2l0ZS03LnBuZyIsInNsaWRlc2hvdyI6ImVhNTZkNGMifQ%3D%3D\" href=\"https:\/\/www.biblio.univ-evry.fr\/wp-content\/uploads\/2022\/09\/Expo-CNRS-biodiversite-7.png\"><figure class=\"swiper-slide-inner\"><img decoding=\"async\" class=\"swiper-slide-image\" src=\"https:\/\/www.biblio.univ-evry.fr\/wp-content\/uploads\/2022\/09\/Expo-CNRS-biodiversite-7.png\" alt=\"Expo-CNRS-biodiversite-7\" \/><\/figure><\/a><\/div><div class=\"swiper-slide\" role=\"group\" aria-roledescription=\"slide\" aria-label=\"8 sur 11\"><a data-elementor-open-lightbox=\"yes\" data-elementor-lightbox-slideshow=\"ea56d4c\" data-elementor-lightbox-title=\"Expo-CNRS-biodiversite-8\" data-e-action-hash=\"#elementor-action%3Aaction%3Dlightbox%26settings%3DeyJpZCI6ODE2NCwidXJsIjoiaHR0cHM6XC9cL3d3dy5iaWJsaW8udW5pdi1ldnJ5LmZyXC93cC1jb250ZW50XC91cGxvYWRzXC8yMDIyXC8wOVwvRXhwby1DTlJTLWJpb2RpdmVyc2l0ZS04LnBuZyIsInNsaWRlc2hvdyI6ImVhNTZkNGMifQ%3D%3D\" href=\"https:\/\/www.biblio.univ-evry.fr\/wp-content\/uploads\/2022\/09\/Expo-CNRS-biodiversite-8.png\"><figure class=\"swiper-slide-inner\"><img decoding=\"async\" class=\"swiper-slide-image\" src=\"https:\/\/www.biblio.univ-evry.fr\/wp-content\/uploads\/2022\/09\/Expo-CNRS-biodiversite-8.png\" alt=\"Expo-CNRS-biodiversite-8\" \/><\/figure><\/a><\/div><div class=\"swiper-slide\" role=\"group\" aria-roledescription=\"slide\" aria-label=\"9 sur 11\"><a data-elementor-open-lightbox=\"yes\" data-elementor-lightbox-slideshow=\"ea56d4c\" data-elementor-lightbox-title=\"Expo-CNRS-biodiversite-9\" data-e-action-hash=\"#elementor-action%3Aaction%3Dlightbox%26settings%3DeyJpZCI6ODE2NSwidXJsIjoiaHR0cHM6XC9cL3d3dy5iaWJsaW8udW5pdi1ldnJ5LmZyXC93cC1jb250ZW50XC91cGxvYWRzXC8yMDIyXC8wOVwvRXhwby1DTlJTLWJpb2RpdmVyc2l0ZS05LnBuZyIsInNsaWRlc2hvdyI6ImVhNTZkNGMifQ%3D%3D\" href=\"https:\/\/www.biblio.univ-evry.fr\/wp-content\/uploads\/2022\/09\/Expo-CNRS-biodiversite-9.png\"><figure class=\"swiper-slide-inner\"><img decoding=\"async\" class=\"swiper-slide-image\" src=\"https:\/\/www.biblio.univ-evry.fr\/wp-content\/uploads\/2022\/09\/Expo-CNRS-biodiversite-9.png\" alt=\"Expo-CNRS-biodiversite-9\" \/><\/figure><\/a><\/div><div class=\"swiper-slide\" role=\"group\" aria-roledescription=\"slide\" aria-label=\"10 sur 11\"><a data-elementor-open-lightbox=\"yes\" data-elementor-lightbox-slideshow=\"ea56d4c\" data-elementor-lightbox-title=\"Expo-CNRS-biodiversite-10\" data-e-action-hash=\"#elementor-action%3Aaction%3Dlightbox%26settings%3DeyJpZCI6ODE2NiwidXJsIjoiaHR0cHM6XC9cL3d3dy5iaWJsaW8udW5pdi1ldnJ5LmZyXC93cC1jb250ZW50XC91cGxvYWRzXC8yMDIyXC8wOVwvRXhwby1DTlJTLWJpb2RpdmVyc2l0ZS0xMC5wbmciLCJzbGlkZXNob3ciOiJlYTU2ZDRjIn0%3D\" href=\"https:\/\/www.biblio.univ-evry.fr\/wp-content\/uploads\/2022\/09\/Expo-CNRS-biodiversite-10.png\"><figure class=\"swiper-slide-inner\"><img decoding=\"async\" class=\"swiper-slide-image\" src=\"https:\/\/www.biblio.univ-evry.fr\/wp-content\/uploads\/2022\/09\/Expo-CNRS-biodiversite-10.png\" alt=\"Expo-CNRS-biodiversite-10\" \/><\/figure><\/a><\/div><div class=\"swiper-slide\" role=\"group\" aria-roledescription=\"slide\" aria-label=\"11 sur 11\"><a data-elementor-open-lightbox=\"yes\" data-elementor-lightbox-slideshow=\"ea56d4c\" data-elementor-lightbox-title=\"Expo-CNRS-biodiversite-11\" data-e-action-hash=\"#elementor-action%3Aaction%3Dlightbox%26settings%3DeyJpZCI6ODE2NywidXJsIjoiaHR0cHM6XC9cL3d3dy5iaWJsaW8udW5pdi1ldnJ5LmZyXC93cC1jb250ZW50XC91cGxvYWRzXC8yMDIyXC8wOVwvRXhwby1DTlJTLWJpb2RpdmVyc2l0ZS0xMS5wbmciLCJzbGlkZXNob3ciOiJlYTU2ZDRjIn0%3D\" href=\"https:\/\/www.biblio.univ-evry.fr\/wp-content\/uploads\/2022\/09\/Expo-CNRS-biodiversite-11.png\"><figure class=\"swiper-slide-inner\"><img decoding=\"async\" class=\"swiper-slide-image\" src=\"https:\/\/www.biblio.univ-evry.fr\/wp-content\/uploads\/2022\/09\/Expo-CNRS-biodiversite-11.png\" alt=\"Expo-CNRS-biodiversite-11\" \/><\/figure><\/a><\/div>\t\t\t<\/div>\n\t\t\t\t\t\t\t\t\t\t\t\t<div class=\"elementor-swiper-button elementor-swiper-button-prev\" role=\"button\" tabindex=\"0\">\n\t\t\t\t\t\t<i aria-hidden=\"true\" class=\"eicon-chevron-left\"><\/i>\t\t\t\t\t<\/div>\n\t\t\t\t\t<div class=\"elementor-swiper-button elementor-swiper-button-next\" role=\"button\" tabindex=\"0\">\n\t\t\t\t\t\t<i aria-hidden=\"true\" class=\"eicon-chevron-right\"><\/i>\t\t\t\t\t<\/div>\n\t\t\t\t\n\t\t\t\t\t\t\t\t\t<\/div>\n\t\t\t\t\t\t<\/div>\n\t\t\t\t<\/div>\n\t\t\t\t\t<\/div>\n\t\t<\/div>\n\t\t\t\t\t<\/div>\n\t\t<\/section>\n\t\t\t\t<section class=\"elementor-section elementor-top-section elementor-element elementor-element-86f0579 elementor-hidden-desktop elementor-section-boxed elementor-section-height-default elementor-section-height-default\" data-id=\"86f0579\" data-element_type=\"section\" data-e-type=\"section\">\n\t\t\t\t\t\t<div class=\"elementor-container elementor-column-gap-default\">\n\t\t\t\t\t<div class=\"elementor-column elementor-col-100 elementor-top-column elementor-element elementor-element-dd5276a\" data-id=\"dd5276a\" data-element_type=\"column\" data-e-type=\"column\">\n\t\t\t<div class=\"elementor-widget-wrap elementor-element-populated\">\n\t\t\t\t\t\t<div class=\"elementor-element elementor-element-8ee8535 elementor-hidden-desktop elementor-pagination-position-outside elementor-widget elementor-widget-image-carousel\" data-id=\"8ee8535\" data-element_type=\"widget\" data-e-type=\"widget\" data-settings=\"{&quot;slides_to_show&quot;:&quot;1&quot;,&quot;navigation&quot;:&quot;dots&quot;,&quot;autoplay&quot;:&quot;yes&quot;,&quot;pause_on_hover&quot;:&quot;yes&quot;,&quot;pause_on_interaction&quot;:&quot;yes&quot;,&quot;autoplay_speed&quot;:5000,&quot;infinite&quot;:&quot;yes&quot;,&quot;effect&quot;:&quot;slide&quot;,&quot;speed&quot;:500}\" data-widget_type=\"image-carousel.default\">\n\t\t\t\t<div class=\"elementor-widget-container\">\n\t\t\t\t\t\t\t<div class=\"elementor-image-carousel-wrapper swiper\" role=\"region\" aria-roledescription=\"carousel\" aria-label=\"Carrousel d\u2019images\" dir=\"ltr\">\n\t\t\t<div class=\"elementor-image-carousel swiper-wrapper\" aria-live=\"off\">\n\t\t\t\t\t\t\t\t<div class=\"swiper-slide\" role=\"group\" aria-roledescription=\"slide\" aria-label=\"1 sur 11\"><a data-elementor-open-lightbox=\"yes\" data-elementor-lightbox-slideshow=\"8ee8535\" data-elementor-lightbox-title=\"Expo-CNRS-biodiversite-1\" data-e-action-hash=\"#elementor-action%3Aaction%3Dlightbox%26settings%3DeyJpZCI6ODE2OCwidXJsIjoiaHR0cHM6XC9cL3d3dy5iaWJsaW8udW5pdi1ldnJ5LmZyXC93cC1jb250ZW50XC91cGxvYWRzXC8yMDIyXC8wOVwvRXhwby1DTlJTLWJpb2RpdmVyc2l0ZS0xLnBuZyIsInNsaWRlc2hvdyI6IjhlZTg1MzUifQ%3D%3D\" href=\"https:\/\/www.biblio.univ-evry.fr\/wp-content\/uploads\/2022\/09\/Expo-CNRS-biodiversite-1.png\"><figure class=\"swiper-slide-inner\"><img decoding=\"async\" class=\"swiper-slide-image\" src=\"https:\/\/www.biblio.univ-evry.fr\/wp-content\/uploads\/2022\/09\/Expo-CNRS-biodiversite-1.png\" alt=\"Expo-CNRS-biodiversite-1\" \/><\/figure><\/a><\/div><div class=\"swiper-slide\" role=\"group\" aria-roledescription=\"slide\" aria-label=\"2 sur 11\"><a data-elementor-open-lightbox=\"yes\" data-elementor-lightbox-slideshow=\"8ee8535\" data-elementor-lightbox-title=\"Expo-CNRS-biodiversite-2\" data-e-action-hash=\"#elementor-action%3Aaction%3Dlightbox%26settings%3DeyJpZCI6ODE2OSwidXJsIjoiaHR0cHM6XC9cL3d3dy5iaWJsaW8udW5pdi1ldnJ5LmZyXC93cC1jb250ZW50XC91cGxvYWRzXC8yMDIyXC8wOVwvRXhwby1DTlJTLWJpb2RpdmVyc2l0ZS0yLnBuZyIsInNsaWRlc2hvdyI6IjhlZTg1MzUifQ%3D%3D\" href=\"https:\/\/www.biblio.univ-evry.fr\/wp-content\/uploads\/2022\/09\/Expo-CNRS-biodiversite-2.png\"><figure class=\"swiper-slide-inner\"><img decoding=\"async\" class=\"swiper-slide-image\" src=\"https:\/\/www.biblio.univ-evry.fr\/wp-content\/uploads\/2022\/09\/Expo-CNRS-biodiversite-2.png\" alt=\"Expo-CNRS-biodiversite-2\" \/><\/figure><\/a><\/div><div class=\"swiper-slide\" role=\"group\" aria-roledescription=\"slide\" aria-label=\"3 sur 11\"><a data-elementor-open-lightbox=\"yes\" data-elementor-lightbox-slideshow=\"8ee8535\" data-elementor-lightbox-title=\"Expo-CNRS-biodiversite-3\" data-e-action-hash=\"#elementor-action%3Aaction%3Dlightbox%26settings%3DeyJpZCI6ODE3MCwidXJsIjoiaHR0cHM6XC9cL3d3dy5iaWJsaW8udW5pdi1ldnJ5LmZyXC93cC1jb250ZW50XC91cGxvYWRzXC8yMDIyXC8wOVwvRXhwby1DTlJTLWJpb2RpdmVyc2l0ZS0zLnBuZyIsInNsaWRlc2hvdyI6IjhlZTg1MzUifQ%3D%3D\" href=\"https:\/\/www.biblio.univ-evry.fr\/wp-content\/uploads\/2022\/09\/Expo-CNRS-biodiversite-3.png\"><figure class=\"swiper-slide-inner\"><img decoding=\"async\" class=\"swiper-slide-image\" src=\"https:\/\/www.biblio.univ-evry.fr\/wp-content\/uploads\/2022\/09\/Expo-CNRS-biodiversite-3.png\" alt=\"Expo-CNRS-biodiversite-3\" \/><\/figure><\/a><\/div><div class=\"swiper-slide\" role=\"group\" aria-roledescription=\"slide\" aria-label=\"4 sur 11\"><a data-elementor-open-lightbox=\"yes\" data-elementor-lightbox-slideshow=\"8ee8535\" data-elementor-lightbox-title=\"Expo-CNRS-biodiversite-4\" data-e-action-hash=\"#elementor-action%3Aaction%3Dlightbox%26settings%3DeyJpZCI6ODE3MSwidXJsIjoiaHR0cHM6XC9cL3d3dy5iaWJsaW8udW5pdi1ldnJ5LmZyXC93cC1jb250ZW50XC91cGxvYWRzXC8yMDIyXC8wOVwvRXhwby1DTlJTLWJpb2RpdmVyc2l0ZS00LnBuZyIsInNsaWRlc2hvdyI6IjhlZTg1MzUifQ%3D%3D\" href=\"https:\/\/www.biblio.univ-evry.fr\/wp-content\/uploads\/2022\/09\/Expo-CNRS-biodiversite-4.png\"><figure class=\"swiper-slide-inner\"><img decoding=\"async\" class=\"swiper-slide-image\" src=\"https:\/\/www.biblio.univ-evry.fr\/wp-content\/uploads\/2022\/09\/Expo-CNRS-biodiversite-4.png\" alt=\"Expo-CNRS-biodiversite-4\" \/><\/figure><\/a><\/div><div class=\"swiper-slide\" role=\"group\" aria-roledescription=\"slide\" aria-label=\"5 sur 11\"><a data-elementor-open-lightbox=\"yes\" data-elementor-lightbox-slideshow=\"8ee8535\" data-elementor-lightbox-title=\"Expo-CNRS-biodiversite-5\" data-e-action-hash=\"#elementor-action%3Aaction%3Dlightbox%26settings%3DeyJpZCI6ODE3MiwidXJsIjoiaHR0cHM6XC9cL3d3dy5iaWJsaW8udW5pdi1ldnJ5LmZyXC93cC1jb250ZW50XC91cGxvYWRzXC8yMDIyXC8wOVwvRXhwby1DTlJTLWJpb2RpdmVyc2l0ZS01LnBuZyIsInNsaWRlc2hvdyI6IjhlZTg1MzUifQ%3D%3D\" href=\"https:\/\/www.biblio.univ-evry.fr\/wp-content\/uploads\/2022\/09\/Expo-CNRS-biodiversite-5.png\"><figure class=\"swiper-slide-inner\"><img decoding=\"async\" class=\"swiper-slide-image\" src=\"https:\/\/www.biblio.univ-evry.fr\/wp-content\/uploads\/2022\/09\/Expo-CNRS-biodiversite-5.png\" alt=\"Expo-CNRS-biodiversite-5\" \/><\/figure><\/a><\/div><div class=\"swiper-slide\" role=\"group\" aria-roledescription=\"slide\" aria-label=\"6 sur 11\"><a data-elementor-open-lightbox=\"yes\" data-elementor-lightbox-slideshow=\"8ee8535\" data-elementor-lightbox-title=\"Expo-CNRS-biodiversite-6\" data-e-action-hash=\"#elementor-action%3Aaction%3Dlightbox%26settings%3DeyJpZCI6ODE2MiwidXJsIjoiaHR0cHM6XC9cL3d3dy5iaWJsaW8udW5pdi1ldnJ5LmZyXC93cC1jb250ZW50XC91cGxvYWRzXC8yMDIyXC8wOVwvRXhwby1DTlJTLWJpb2RpdmVyc2l0ZS02LnBuZyIsInNsaWRlc2hvdyI6IjhlZTg1MzUifQ%3D%3D\" href=\"https:\/\/www.biblio.univ-evry.fr\/wp-content\/uploads\/2022\/09\/Expo-CNRS-biodiversite-6.png\"><figure class=\"swiper-slide-inner\"><img decoding=\"async\" class=\"swiper-slide-image\" src=\"https:\/\/www.biblio.univ-evry.fr\/wp-content\/uploads\/2022\/09\/Expo-CNRS-biodiversite-6.png\" alt=\"Expo-CNRS-biodiversite-6\" \/><\/figure><\/a><\/div><div class=\"swiper-slide\" role=\"group\" aria-roledescription=\"slide\" aria-label=\"7 sur 11\"><a data-elementor-open-lightbox=\"yes\" data-elementor-lightbox-slideshow=\"8ee8535\" data-elementor-lightbox-title=\"Expo-CNRS-biodiversite-7\" data-e-action-hash=\"#elementor-action%3Aaction%3Dlightbox%26settings%3DeyJpZCI6ODE2MywidXJsIjoiaHR0cHM6XC9cL3d3dy5iaWJsaW8udW5pdi1ldnJ5LmZyXC93cC1jb250ZW50XC91cGxvYWRzXC8yMDIyXC8wOVwvRXhwby1DTlJTLWJpb2RpdmVyc2l0ZS03LnBuZyIsInNsaWRlc2hvdyI6IjhlZTg1MzUifQ%3D%3D\" href=\"https:\/\/www.biblio.univ-evry.fr\/wp-content\/uploads\/2022\/09\/Expo-CNRS-biodiversite-7.png\"><figure class=\"swiper-slide-inner\"><img decoding=\"async\" class=\"swiper-slide-image\" src=\"https:\/\/www.biblio.univ-evry.fr\/wp-content\/uploads\/2022\/09\/Expo-CNRS-biodiversite-7.png\" alt=\"Expo-CNRS-biodiversite-7\" \/><\/figure><\/a><\/div><div class=\"swiper-slide\" role=\"group\" aria-roledescription=\"slide\" aria-label=\"8 sur 11\"><a data-elementor-open-lightbox=\"yes\" data-elementor-lightbox-slideshow=\"8ee8535\" data-elementor-lightbox-title=\"Expo-CNRS-biodiversite-8\" data-e-action-hash=\"#elementor-action%3Aaction%3Dlightbox%26settings%3DeyJpZCI6ODE2NCwidXJsIjoiaHR0cHM6XC9cL3d3dy5iaWJsaW8udW5pdi1ldnJ5LmZyXC93cC1jb250ZW50XC91cGxvYWRzXC8yMDIyXC8wOVwvRXhwby1DTlJTLWJpb2RpdmVyc2l0ZS04LnBuZyIsInNsaWRlc2hvdyI6IjhlZTg1MzUifQ%3D%3D\" href=\"https:\/\/www.biblio.univ-evry.fr\/wp-content\/uploads\/2022\/09\/Expo-CNRS-biodiversite-8.png\"><figure class=\"swiper-slide-inner\"><img decoding=\"async\" class=\"swiper-slide-image\" src=\"https:\/\/www.biblio.univ-evry.fr\/wp-content\/uploads\/2022\/09\/Expo-CNRS-biodiversite-8.png\" alt=\"Expo-CNRS-biodiversite-8\" \/><\/figure><\/a><\/div><div class=\"swiper-slide\" role=\"group\" aria-roledescription=\"slide\" aria-label=\"9 sur 11\"><a data-elementor-open-lightbox=\"yes\" data-elementor-lightbox-slideshow=\"8ee8535\" data-elementor-lightbox-title=\"Expo-CNRS-biodiversite-9\" data-e-action-hash=\"#elementor-action%3Aaction%3Dlightbox%26settings%3DeyJpZCI6ODE2NSwidXJsIjoiaHR0cHM6XC9cL3d3dy5iaWJsaW8udW5pdi1ldnJ5LmZyXC93cC1jb250ZW50XC91cGxvYWRzXC8yMDIyXC8wOVwvRXhwby1DTlJTLWJpb2RpdmVyc2l0ZS05LnBuZyIsInNsaWRlc2hvdyI6IjhlZTg1MzUifQ%3D%3D\" href=\"https:\/\/www.biblio.univ-evry.fr\/wp-content\/uploads\/2022\/09\/Expo-CNRS-biodiversite-9.png\"><figure class=\"swiper-slide-inner\"><img decoding=\"async\" class=\"swiper-slide-image\" src=\"https:\/\/www.biblio.univ-evry.fr\/wp-content\/uploads\/2022\/09\/Expo-CNRS-biodiversite-9.png\" alt=\"Expo-CNRS-biodiversite-9\" \/><\/figure><\/a><\/div><div class=\"swiper-slide\" role=\"group\" aria-roledescription=\"slide\" aria-label=\"10 sur 11\"><a data-elementor-open-lightbox=\"yes\" data-elementor-lightbox-slideshow=\"8ee8535\" data-elementor-lightbox-title=\"Expo-CNRS-biodiversite-10\" data-e-action-hash=\"#elementor-action%3Aaction%3Dlightbox%26settings%3DeyJpZCI6ODE2NiwidXJsIjoiaHR0cHM6XC9cL3d3dy5iaWJsaW8udW5pdi1ldnJ5LmZyXC93cC1jb250ZW50XC91cGxvYWRzXC8yMDIyXC8wOVwvRXhwby1DTlJTLWJpb2RpdmVyc2l0ZS0xMC5wbmciLCJzbGlkZXNob3ciOiI4ZWU4NTM1In0%3D\" href=\"https:\/\/www.biblio.univ-evry.fr\/wp-content\/uploads\/2022\/09\/Expo-CNRS-biodiversite-10.png\"><figure class=\"swiper-slide-inner\"><img decoding=\"async\" class=\"swiper-slide-image\" src=\"https:\/\/www.biblio.univ-evry.fr\/wp-content\/uploads\/2022\/09\/Expo-CNRS-biodiversite-10.png\" alt=\"Expo-CNRS-biodiversite-10\" \/><\/figure><\/a><\/div><div class=\"swiper-slide\" role=\"group\" aria-roledescription=\"slide\" aria-label=\"11 sur 11\"><a data-elementor-open-lightbox=\"yes\" data-elementor-lightbox-slideshow=\"8ee8535\" data-elementor-lightbox-title=\"Expo-CNRS-biodiversite-11\" data-e-action-hash=\"#elementor-action%3Aaction%3Dlightbox%26settings%3DeyJpZCI6ODE2NywidXJsIjoiaHR0cHM6XC9cL3d3dy5iaWJsaW8udW5pdi1ldnJ5LmZyXC93cC1jb250ZW50XC91cGxvYWRzXC8yMDIyXC8wOVwvRXhwby1DTlJTLWJpb2RpdmVyc2l0ZS0xMS5wbmciLCJzbGlkZXNob3ciOiI4ZWU4NTM1In0%3D\" href=\"https:\/\/www.biblio.univ-evry.fr\/wp-content\/uploads\/2022\/09\/Expo-CNRS-biodiversite-11.png\"><figure class=\"swiper-slide-inner\"><img decoding=\"async\" class=\"swiper-slide-image\" src=\"https:\/\/www.biblio.univ-evry.fr\/wp-content\/uploads\/2022\/09\/Expo-CNRS-biodiversite-11.png\" alt=\"Expo-CNRS-biodiversite-11\" \/><\/figure><\/a><\/div>\t\t\t<\/div>\n\t\t\t\t\t\t\t\n\t\t\t\t\t\t\t\t\t<div class=\"swiper-pagination\"><\/div>\n\t\t\t\t\t\t\t\t\t<\/div>\n\t\t\t\t\t\t<\/div>\n\t\t\t\t<\/div>\n\t\t\t\t\t<\/div>\n\t\t<\/div>\n\t\t\t\t\t<\/div>\n\t\t<\/section>\n\t\t\t\t<\/div>\n\t\t","protected":false},"excerpt":{"rendered":"<p>Pr\u00e9c\u00e9dent Suivant<\/p>\n","protected":false},"author":14,"featured_media":0,"parent":0,"menu_order":0,"comment_status":"closed","ping_status":"closed","template":"","meta":{"wpupg_custom_link":[],"wpupg_custom_link_behaviour":[],"wpupg_custom_link_nofollow":[],"wpupg_custom_image":[],"wpupg_custom_image_id":[],"footnotes":""},"class_list":["post-8156","page","type-page","status-publish","hentry"],"_links":{"self":[{"href":"https:\/\/www.biblio.univ-evry.fr\/index.php\/wp-json\/wp\/v2\/pages\/8156","targetHints":{"allow":["GET"]}}],"collection":[{"href":"https:\/\/www.biblio.univ-evry.fr\/index.php\/wp-json\/wp\/v2\/pages"}],"about":[{"href":"https:\/\/www.biblio.univ-evry.fr\/index.php\/wp-json\/wp\/v2\/types\/page"}],"author":[{"embeddable":true,"href":"https:\/\/www.biblio.univ-evry.fr\/index.php\/wp-json\/wp\/v2\/users\/14"}],"replies":[{"embeddable":true,"href":"https:\/\/www.biblio.univ-evry.fr\/index.php\/wp-json\/wp\/v2\/comments?post=8156"}],"version-history":[{"count":7,"href":"https:\/\/www.biblio.univ-evry.fr\/index.php\/wp-json\/wp\/v2\/pages\/8156\/revisions"}],"predecessor-version":[{"id":8178,"href":"https:\/\/www.biblio.univ-evry.fr\/index.php\/wp-json\/wp\/v2\/pages\/8156\/revisions\/8178"}],"wp:attachment":[{"href":"https:\/\/www.biblio.univ-evry.fr\/index.php\/wp-json\/wp\/v2\/media?parent=8156"}],"curies":[{"name":"wp","href":"https:\/\/api.w.org\/{rel}","templated":true}]}}