{"id":80,"date":"2020-06-30T11:48:15","date_gmt":"2020-06-30T09:48:15","guid":{"rendered":"https:\/\/newweb.biblio.univ-evry.fr\/?page_id=80"},"modified":"2021-04-21T16:51:05","modified_gmt":"2021-04-21T14:51:05","slug":"pret","status":"publish","type":"page","link":"https:\/\/www.biblio.univ-evry.fr\/index.php\/pret\/","title":{"rendered":"Emprunter"},"content":{"rendered":"\n<p>La carte de pr\u00eat est&nbsp;<strong>strictement personnelle et indispensable<\/strong>&nbsp;pour toute transaction de pr\u00eat. Chaque utilisateur est responsable des documents emprunt\u00e9s sur sa carte. Tout vol ou perte de carte est \u00e0 signaler \u00e0 l\u2019accueil ainsi que tout changement d\u2019adresse.<\/p>\n\n\n\n<p>Selon votre statut, le nombre de documents empruntables et la dur\u00e9e du pr\u00eat varient :<\/p>\n\n\n\n<div class=\"supsystic-table-loader spinner\"style=\"background-color:#000000\"><\/div><div id=\"supsystic-table-2_94167\" class=\"supsystic-tables-wrap \" style=\" width:100%; visibility: hidden; \" data-table-width-fixed=\"100%\" data-table-width-mobile=\"100%\" ><table id=\"supsystic-table-2\" class=\"supsystic-table border lightboxImg cell-border\" data-id=\"2\" data-view-id=\"2_94167\" data-title=\"Pr\u00eat\" data-currency-format=\"$1,000.00\" data-percent-format=\"10.00%\" data-date-format=\"DD.MM.YYYY\" data-time-format=\"HH:mm\" data-features=\"[&quot;after_table_loaded_script&quot;]\" data-search-value=\"\" data-lightbox-img=\"\" data-head=\"on\" data-head-rows-count=\"1\" data-pagination-length=\"50,100,All\" data-auto-index=\"off\" data-searching-settings=\"{&quot;columnSearchPosition&quot;:&quot;bottom&quot;,&quot;minChars&quot;:&quot;0&quot;}\" data-lang=\"default\" data-override=\"{&quot;emptyTable&quot;:&quot;&quot;,&quot;info&quot;:&quot;&quot;,&quot;infoEmpty&quot;:&quot;&quot;,&quot;infoFiltered&quot;:&quot;&quot;,&quot;lengthMenu&quot;:&quot;&quot;,&quot;search&quot;:&quot;&quot;,&quot;zeroRecords&quot;:&quot;&quot;,&quot;exportLabel&quot;:&quot;&quot;,&quot;file&quot;:&quot;default&quot;}\" data-merged=\"[]\" data-responsive-mode=\"0\" data-from-history=\"0\" ><thead><tr><th data-cell-id=\"A1\" data-x=\"0\" data-y=\"1\" data-db-index=\"1\" class=\"\" data-cell-type=\"text\" data-original-value=\"Statut\" data-order=\"Statut\" style=\"min-width:34.3949%; \" >Statut <\/th><th data-cell-id=\"B1\" data-x=\"1\" data-y=\"1\" data-db-index=\"1\" class=\"\" data-cell-type=\"text\" data-original-value=\"Nombre de documents (livres, CD, DVD, partitions)\" data-order=\"Nombre de documents (livres, CD, DVD, partitions)\" style=\"min-width:31.5287%; \" >Nombre de documents (livres, CD, DVD, partitions) <\/th><th data-cell-id=\"C1\" data-x=\"2\" data-y=\"1\" data-db-index=\"1\" class=\"\" data-cell-type=\"text\" data-original-value=\"Dur\u00e9e du pr\u00eat\" data-order=\"Dur\u00e9e du pr\u00eat\" style=\"min-width:34.0764%; \" >Dur\u00e9e du pr\u00eat <\/th><\/tr><\/thead><tbody><tr style=\"height:px\" ><td data-cell-id=\"A2\" data-x=\"0\" data-y=\"2\" data-db-index=\"2\" class=\"\" data-cell-type=\"text\" data-original-value=\"Lecteurs ext\u00e9rieurs\" data-order=\"Lecteurs ext\u00e9rieurs\" >Lecteurs ext\u00e9rieurs <\/td><td data-cell-id=\"B2\" data-x=\"1\" data-y=\"2\" data-db-index=\"2\" class=\"\" data-cell-type=\"text\" data-original-value=\"8 documents\" data-order=\"8 documents\" >8 documents <\/td><td data-cell-id=\"C2\" data-x=\"2\" data-y=\"2\" data-db-index=\"2\" class=\"\" data-cell-type=\"text\" data-original-value=\"21 jours + 14 jours de prolongation\" data-order=\"21 jours + 14 jours de prolongation\" >21 jours + 14 jours de prolongation <\/td><\/tr><tr style=\"height:px\" ><td data-cell-id=\"A3\" data-x=\"0\" data-y=\"3\" data-db-index=\"3\" class=\"\" data-cell-type=\"text\" data-original-value=\"Licence, BUT\" data-order=\"Licence, BUT\" >Licence, BUT <\/td><td data-cell-id=\"B3\" data-x=\"1\" data-y=\"3\" data-db-index=\"3\" class=\"\" data-cell-type=\"text\" data-original-value=\"8 documents\" data-order=\"8 documents\" >8 documents <\/td><td data-cell-id=\"C3\" data-x=\"2\" data-y=\"3\" data-db-index=\"3\" class=\"\" data-cell-type=\"text\" data-original-value=\"21 jours + 14 jours de prolongation\" data-order=\"21 jours + 14 jours de prolongation\" >21 jours + 14 jours de prolongation <\/td><\/tr><tr style=\"height:px\" ><td data-cell-id=\"A4\" data-x=\"0\" data-y=\"4\" data-db-index=\"4\" class=\"\" data-cell-type=\"text\" data-original-value=\"Masters, ENS, agr\u00e9gatifs, ing\u00e9nieurs\" data-order=\"Masters, ENS, agr\u00e9gatifs, ing\u00e9nieurs\" >Masters, ENS, agr\u00e9gatifs, ing\u00e9nieurs <\/td><td data-cell-id=\"B4\" data-x=\"1\" data-y=\"4\" data-db-index=\"4\" class=\"\" data-cell-type=\"text\" data-original-value=\"15 documents\" data-order=\"15 documents\" >15 documents <\/td><td data-cell-id=\"C4\" data-x=\"2\" data-y=\"4\" data-db-index=\"4\" class=\"\" data-cell-type=\"text\" data-original-value=\"28 jours + 14 jours de prolongation\" data-order=\"28 jours + 14 jours de prolongation\" >28 jours + 14 jours de prolongation <\/td><\/tr><tr style=\"height:px\" ><td data-cell-id=\"A5\" data-x=\"0\" data-y=\"5\" data-db-index=\"5\" class=\"\" data-cell-type=\"text\" data-original-value=\"Apprentis et alternants, doctorants, enseignants-chercheurs, personnels Paris-Saclay\" data-order=\"Apprentis et alternants, doctorants, enseignants-chercheurs, personnels Paris-Saclay\" >Apprentis et alternants, doctorants, enseignants-chercheurs, personnels Paris-Saclay <\/td><td data-cell-id=\"B5\" data-x=\"1\" data-y=\"5\" data-db-index=\"5\" class=\"\" data-cell-type=\"text\" data-original-value=\"25 documents\" data-order=\"25 documents\" >25 documents <\/td><td data-cell-id=\"C5\" data-x=\"2\" data-y=\"5\" data-db-index=\"5\" class=\"\" data-cell-type=\"text\" data-original-value=\"60 jours + 28 jours de prolongation\" data-order=\"60 jours + 28 jours de prolongation\" >60 jours + 28 jours de prolongation <\/td><\/tr><tr style=\"height:px\" ><td data-cell-id=\"A6\" data-x=\"0\" data-y=\"6\" data-db-index=\"6\" class=\"\" data-cell-type=\"text\" data-original-value=\"Pour tous (en plus du total de documents empruntables) :\" data-order=\"Pour tous (en plus du total de documents empruntables) :\" >Pour tous (en plus du total de documents empruntables) : <\/td><td data-cell-id=\"B6\" data-x=\"1\" data-y=\"6\" data-db-index=\"6\" class=\"\" data-cell-type=\"text\" data-original-value=\"2 codes\" data-order=\"2 codes\" >2 codes <\/td><td data-cell-id=\"C6\" data-x=\"2\" data-y=\"6\" data-db-index=\"6\" class=\"\" data-cell-type=\"text\" data-original-value=\"1 semaine (non renouvelable)\" data-order=\"1 semaine (non renouvelable)\" >1 semaine (non renouvelable) <\/td><\/tr><\/tbody><\/table><!-- \/#supsystic-table-2.supsystic-table --><\/div><!-- \/.supsystic-tables-wrap --><!-- Tables Generator by Supsystic --><!-- Version:1.11.0 --><!-- http:\/\/supsystic.com\/ --><a title=\"WP Table Builder\" style=\"display:none;\" href=\"https:\/\/supsystic.com\/plugins\/wordpress-data-table-plugin\/?utm_medium=love_link\" target=\"_blank\">WP Table Builder<\/a>\n\n\n\n<p>Ces r\u00e8gles s&rsquo;appliquent pour tous nos usagers (hors usagers ext\u00e9rieurs) dans chaque biblioth\u00e8que du r\u00e9seau de l&rsquo;Universit\u00e9 Paris-Saclay.<\/p>\n\n\n\n<div class=\"wp-block-buttons is-content-justification-left is-layout-flex wp-block-buttons-is-layout-flex\">\n<div class=\"wp-block-button\"><a class=\"wp-block-button__link\" href=\"https:\/\/www.bibliotheques.universite-paris-saclay.fr\/venir-la-bibliotheque\/vos-bibliotheques-et-sa-carte-interactive\">voir les lieux concern\u00e9s<\/a><\/div>\n<\/div>\n\n\n\n<div class=\"wp-block-columns is-layout-flex wp-container-core-columns-is-layout-9d6595d7 wp-block-columns-is-layout-flex\">\n<div class=\"wp-block-column is-layout-flow wp-block-column-is-layout-flow\">\n<h3 class=\"wp-block-heading\">Prolonger vos pr\u00eats<br><\/h3>\n\n\n\n<p>Vous pouvez prolonger vos pr\u00eats avant la date de retour :<\/p>\n\n\n\n<ul class=\"wp-block-list\"><li>via votre&nbsp;<a href=\"https:\/\/ueve.focus.universite-paris-saclay.fr\/primo-explore\/login?vid=33UEVE_VU1&amp;lang=fr_FR%22\">compte lecteur<\/a>&nbsp;<\/li><li>par t\u00e9l\u00e9phone au 01 69 47 89 50<\/li><li>par mail, en envoyant un message \u00e0&nbsp;<a href=\"mailto:accueil-bu@univ-evry.fr\">accueil-bu@univ-evry.fr<\/a>.<\/li><\/ul>\n<\/div>\n\n\n\n<div class=\"wp-block-column is-layout-flow wp-block-column-is-layout-flow\">\n<h3 class=\"wp-block-heading\">P\u00e9nalit\u00e9s de retard<br><\/h3>\n\n\n\n<p>En cas de retard,&nbsp;<strong>la dur\u00e9e de la suspension est \u00e9gale au nombre de jours de retard<\/strong>.<\/p>\n\n\n\n<p>Afin de b\u00e9n\u00e9ficier du\u00a0<strong>service d\u2019envoi de SMS<\/strong>\u00a0trois jours avant la date de retour des documents, vous pouvez ajouter ou modifier votre num\u00e9ro de t\u00e9l\u00e9phone portable, pour cela pr\u00e9sentez-vous \u00e0 l&rsquo;accueil.<\/p>\n<\/div>\n<\/div>\n\n\n\n<div class=\"wp-block-columns is-layout-flex wp-container-core-columns-is-layout-9d6595d7 wp-block-columns-is-layout-flex\">\n<div class=\"wp-block-column is-layout-flow wp-block-column-is-layout-flow\">\n<h3 class=\"wp-block-heading\">Documents exclus du pr\u00eat<br><\/h3>\n\n\n\n<p>Sont exclus du pr\u00eat :<\/p>\n\n\n\n<ul class=\"wp-block-list\"><li><strong>les p\u00e9riodiques<\/strong><\/li><li><strong>les th\u00e8ses papier<\/strong><\/li><li><strong>tous les ouvrages portant la mention \u00ab\u00a0exclu du pr\u00eat\u00a0\u00bb.<\/strong><\/li><\/ul>\n<\/div>\n\n\n\n<div class=\"wp-block-column is-layout-flow wp-block-column-is-layout-flow\">\n<h3 class=\"wp-block-heading\">Quitus<\/h3>\n\n\n\n<p>Tous les ouvrages doivent \u00eatre restitu\u00e9s pour l&rsquo;obtention d&rsquo;un quitus permettant la r\u00e9inscription \u00e0 l&rsquo;universit\u00e9 ou le transfert vers une autre universit\u00e9.<\/p>\n<\/div>\n<\/div>\n","protected":false},"excerpt":{"rendered":"<p>La carte de pr\u00eat est&nbsp;strictement personnelle et indispensable&nbsp;pour toute transaction de pr\u00eat. Chaque utilisateur est responsable des documents emprunt\u00e9s sur sa carte. Tout vol ou perte de carte est \u00e0 signaler \u00e0 l\u2019accueil ainsi que tout changement d\u2019adresse. Selon votre statut, le nombre de documents empruntables et la dur\u00e9e du pr\u00eat varient : Ces r\u00e8gles [&hellip;]<\/p>\n","protected":false},"author":1,"featured_media":0,"parent":0,"menu_order":0,"comment_status":"closed","ping_status":"closed","template":"","meta":{"wpupg_custom_link":[],"wpupg_custom_link_behaviour":[],"wpupg_custom_link_nofollow":[],"wpupg_custom_image":[],"wpupg_custom_image_id":[],"footnotes":""},"class_list":["post-80","page","type-page","status-publish","hentry"],"_links":{"self":[{"href":"https:\/\/www.biblio.univ-evry.fr\/index.php\/wp-json\/wp\/v2\/pages\/80","targetHints":{"allow":["GET"]}}],"collection":[{"href":"https:\/\/www.biblio.univ-evry.fr\/index.php\/wp-json\/wp\/v2\/pages"}],"about":[{"href":"https:\/\/www.biblio.univ-evry.fr\/index.php\/wp-json\/wp\/v2\/types\/page"}],"author":[{"embeddable":true,"href":"https:\/\/www.biblio.univ-evry.fr\/index.php\/wp-json\/wp\/v2\/users\/1"}],"replies":[{"embeddable":true,"href":"https:\/\/www.biblio.univ-evry.fr\/index.php\/wp-json\/wp\/v2\/comments?post=80"}],"version-history":[{"count":21,"href":"https:\/\/www.biblio.univ-evry.fr\/index.php\/wp-json\/wp\/v2\/pages\/80\/revisions"}],"predecessor-version":[{"id":3280,"href":"https:\/\/www.biblio.univ-evry.fr\/index.php\/wp-json\/wp\/v2\/pages\/80\/revisions\/3280"}],"wp:attachment":[{"href":"https:\/\/www.biblio.univ-evry.fr\/index.php\/wp-json\/wp\/v2\/media?parent=80"}],"curies":[{"name":"wp","href":"https:\/\/api.w.org\/{rel}","templated":true}]}}