{"id":76,"date":"2020-06-30T11:47:01","date_gmt":"2020-06-30T09:47:01","guid":{"rendered":"https:\/\/newweb.biblio.univ-evry.fr\/?page_id=76"},"modified":"2021-07-19T10:26:28","modified_gmt":"2021-07-19T08:26:28","slug":"lean-library","status":"publish","type":"page","link":"https:\/\/www.biblio.univ-evry.fr\/index.php\/bibliotheque-numerique\/lean-library\/","title":{"rendered":"Library Access"},"content":{"rendered":"\n<div class=\"wp-block-image\"><figure class=\"aligncenter size-large\"><img fetchpriority=\"high\" decoding=\"async\" width=\"500\" height=\"155\" src=\"https:\/\/www.biblio.univ-evry.fr\/wp-content\/uploads\/2021\/07\/Logo_LL.png\" alt=\"\" class=\"wp-image-3731\"\/><\/figure><\/div>\n\n\n\n<h4 class=\"wp-block-heading\"><strong>D\u00e9couvrez un nouvel outil pour simplifier vos recherches documentaires en ligne.<\/strong><\/h4>\n\n\n\n<p>Library Access est une extension de navigateur qui vous donne acc\u00e8s aux contenus num\u00e9riques inclus dans les abonnements de la biblioth\u00e8que, sans que vous ayez besoin de passer par le site de la BU.<\/p>\n\n\n\n<p>D\u00e8s que vous vous trouvez sur une page qui mentionne une publication \u00e0 laquelle la BU est abonn\u00e9e, une pop-up appara\u00eet et vous propose un lien direct vers le texte int\u00e9gral.<\/p>\n\n\n\n<p>L\u2019extension s\u2019active \u00e9galement pour vous signaler les articles disponibles en Open Access ou pour vous donner des informations techniques concernant la base de donn\u00e9es que vous consultez.<\/p>\n\n\n\n<p>Library Access offre des&nbsp;<strong>garanties en terme de respect de la vie priv\u00e9e et de collecte de vos donn\u00e9es personnelles<\/strong>.<\/p>\n\n\n\n<p>La proc\u00e9dure de connexion avec vos identifiants E-Campus ou intranet reste obligatoire \u00e0 la premi\u00e8re redirection.<\/p>\n\n\n\n<div class=\"wp-block-columns is-layout-flex wp-container-core-columns-is-layout-9d6595d7 wp-block-columns-is-layout-flex\">\n<div class=\"wp-block-column is-layout-flow wp-block-column-is-layout-flow\" style=\"flex-basis:33.33%\">\n<div class=\"wp-block-buttons is-layout-flex wp-block-buttons-is-layout-flex\">\n<div class=\"wp-block-button\"><a class=\"wp-block-button__link\" href=\"https:\/\/www.leanlibrary.com\/download\/\">T\u00e9l\u00e9charger l&rsquo;extension<\/a><\/div>\n<\/div>\n\n\n\n<p><br>Une fois l\u2019extension install\u00e9e dans votre navigateur, configurez l\u2019universit\u00e9 d\u2019Evry Val d\u2019Essonne comme biblioth\u00e8que.<\/p>\n\n\n\n<ol class=\"wp-block-list\"><li><a rel=\"noreferrer noopener\" href=\"https:\/\/www.leanlibrary.com\/download\/\" target=\"_blank\">Installez l\u2019extension de navigateur Lean Library<\/a><\/li><li>Choisissez&nbsp;<strong>\u201cUniversit\u00e9 d\u2019Evry Val d\u2019Essonne\u201d<\/strong>&nbsp;comme institution<\/li><li>Naviguez librement sur Internet<\/li><li>Laissez-vous guider par les pop-up de redirection pour acc\u00e9der aux ressources documentaires \u00e9lectroniques<\/li><\/ol>\n<\/div>\n\n\n\n<div class=\"wp-block-column is-layout-flow wp-block-column-is-layout-flow\" style=\"flex-basis:66.66%\">\n<div class=\"wp-block-image\"><figure class=\"aligncenter size-large\"><img decoding=\"async\" src=\"https:\/\/www.biblio.univ-evry.fr\/wp-content\/uploads\/2020\/11\/screen.jpg\" alt=\"\"\/><\/figure><\/div>\n<\/div>\n<\/div>\n\n\n\n<h3 class=\"wp-block-heading\">Contact<\/h3>\n\n\n\n<p>Nous am\u00e9liorons chaque jour le fonctionnement de cet outil. N\u2019h\u00e9sitez pas \u00e0 nous contacter pour toute remarque ou suggestion.<\/p>\n\n\n\n<div class=\"wp-block-buttons is-layout-flex wp-block-buttons-is-layout-flex\">\n<div class=\"wp-block-button\"><a class=\"wp-block-button__link has-background\" href=\"javascript:Boxzilla.show(606)\" style=\"background-color:#005793\">Contactez-nous<\/a><\/div>\n<\/div>\n","protected":false},"excerpt":{"rendered":"<p>D\u00e9couvrez un nouvel outil pour simplifier vos recherches documentaires en ligne. Library Access est une extension de navigateur qui vous donne acc\u00e8s aux contenus num\u00e9riques inclus dans les abonnements de la biblioth\u00e8que, sans que vous ayez besoin de passer par le site de la BU. D\u00e8s que vous vous trouvez sur une page qui mentionne [&hellip;]<\/p>\n","protected":false},"author":1,"featured_media":0,"parent":47,"menu_order":0,"comment_status":"closed","ping_status":"closed","template":"","meta":{"wpupg_custom_link":[],"wpupg_custom_link_behaviour":[],"wpupg_custom_link_nofollow":[],"wpupg_custom_image":[],"wpupg_custom_image_id":[],"footnotes":""},"class_list":["post-76","page","type-page","status-publish","hentry"],"_links":{"self":[{"href":"https:\/\/www.biblio.univ-evry.fr\/index.php\/wp-json\/wp\/v2\/pages\/76","targetHints":{"allow":["GET"]}}],"collection":[{"href":"https:\/\/www.biblio.univ-evry.fr\/index.php\/wp-json\/wp\/v2\/pages"}],"about":[{"href":"https:\/\/www.biblio.univ-evry.fr\/index.php\/wp-json\/wp\/v2\/types\/page"}],"author":[{"embeddable":true,"href":"https:\/\/www.biblio.univ-evry.fr\/index.php\/wp-json\/wp\/v2\/users\/1"}],"replies":[{"embeddable":true,"href":"https:\/\/www.biblio.univ-evry.fr\/index.php\/wp-json\/wp\/v2\/comments?post=76"}],"version-history":[{"count":25,"href":"https:\/\/www.biblio.univ-evry.fr\/index.php\/wp-json\/wp\/v2\/pages\/76\/revisions"}],"predecessor-version":[{"id":3836,"href":"https:\/\/www.biblio.univ-evry.fr\/index.php\/wp-json\/wp\/v2\/pages\/76\/revisions\/3836"}],"up":[{"embeddable":true,"href":"https:\/\/www.biblio.univ-evry.fr\/index.php\/wp-json\/wp\/v2\/pages\/47"}],"wp:attachment":[{"href":"https:\/\/www.biblio.univ-evry.fr\/index.php\/wp-json\/wp\/v2\/media?parent=76"}],"curies":[{"name":"wp","href":"https:\/\/api.w.org\/{rel}","templated":true}]}}