{"id":74,"date":"2020-06-30T11:46:25","date_gmt":"2020-06-30T09:46:25","guid":{"rendered":"https:\/\/newweb.biblio.univ-evry.fr\/?page_id=74"},"modified":"2026-01-08T14:14:32","modified_gmt":"2026-01-08T13:14:32","slug":"introduction","status":"publish","type":"page","link":"https:\/\/www.biblio.univ-evry.fr\/index.php\/bibliotheque-numerique\/introduction\/","title":{"rendered":"Introduction"},"content":{"rendered":"\n<p>Pour acc\u00e9der aux ressources \u00e9lectroniques,&nbsp;<strong>vous devez utiliser les liens disponibles sur le site web de la biblioth\u00e8que<\/strong> ou <strong>installer l&rsquo;extension de navigateur Library Access de Lean Library<\/strong>.<\/p>\n\n\n\n<p>L&rsquo;acc\u00e8s aux ressources est en effet configur\u00e9 de mani\u00e8re \u00e0 vous permettre de consulter les contenus des abonnements de la BU, quel que soit l&rsquo;endroit o\u00f9 vous vous connectez.<br>Une authentification vous sera demand\u00e9e. Elle est syst\u00e9matique, m\u00eame au sein de l&rsquo;Universit\u00e9.<\/p>\n\n\n\n<div class=\"wp-block-buttons is-layout-flex wp-block-buttons-is-layout-flex\">\n<div class=\"wp-block-button\"><a class=\"wp-block-button__link wp-element-button\" href=\"https:\/\/www.biblio.univ-evry.fr\/index.php\/bibliotheque-numerique\/listes-des-ressources\/\">Voir la liste de ressources<\/a><\/div>\n\n\n\n<div class=\"wp-block-button\"><a class=\"wp-block-button__link wp-element-button\" href=\"\/index.php\/bibliotheque-numerique\/aide-a-la-recherche\/\">TOUT SAVOIR SUR LIBRARY ACCESS<\/a><\/div>\n<\/div>\n\n\n\n<h3 class=\"wp-block-heading\" id=\"comment-se-connecter\">Comment se connecter ?<\/h3>\n\n\n\n<p>L&rsquo;acc\u00e8s aux ressources \u00e9lectroniques est r\u00e9serv\u00e9 aux utilisateurs r\u00e9f\u00e9renc\u00e9s dans les annuaires de l&rsquo;universit\u00e9 (\u00e9tudiants, enseignants, chercheurs, personnels administratifs).&nbsp;&nbsp;&nbsp;<\/p>\n\n\n\n<div class=\"wp-block-columns is-layout-flex wp-container-core-columns-is-layout-9d6595d7 wp-block-columns-is-layout-flex\">\n<div class=\"wp-block-column columns-post-display is-layout-flow wp-block-column-is-layout-flow\">\n<h4 class=\"wp-block-heading\" id=\"etudiants\">\u00c9tudiants<br><\/h4>\n\n\n\n<p class=\"has-text-align-left\"><br><strong>Utilisez l&rsquo;identifiant et le mot de passe que vous utilisez pour vous connecter \u00e0 la plateforme p\u00e9dagogique E-CAMPUS.<\/strong><\/p>\n\n\n\n<div class=\"wp-block-buttons is-layout-flex wp-block-buttons-is-layout-flex\">\n<div class=\"wp-block-button\"><a class=\"wp-block-button__link wp-element-button\" href=\"https:\/\/www.univ-evry.fr\/?id=7333\">J&rsquo;acTIVE mon compte NUM\u00e9RIQUe<\/a><\/div>\n<\/div>\n<\/div>\n\n\n\n<div class=\"wp-block-column columns-post-display is-layout-flow wp-block-column-is-layout-flow\">\n<h4 class=\"wp-block-heading\" id=\"enseignants-chercheurs-personnels-administratifs\"><strong>Enseignants-chercheurs<\/strong> <br><strong>Personnels administratifs<\/strong><\/h4>\n\n\n\n<p><strong>Utilisez l&rsquo;identifiant et le mot de passe que vous utilisez pour vous connecter \u00e0 la plateforme \/ \u00e0 l&rsquo;intranet<\/strong><br><br><\/p>\n\n\n\n<div class=\"wp-block-buttons is-layout-flex wp-block-buttons-is-layout-flex\">\n<div class=\"wp-block-button\"><a class=\"wp-block-button__link wp-element-button\" href=\"https:\/\/intranet.univ-evry.fr\/connexion.html\">Je cr\u00e9e un compte<\/a><\/div>\n<\/div>\n<\/div>\n<\/div>\n\n\n\n<h4 class=\"wp-block-heading has-text-align-center\" id=\"apres-avoir-clique-sur-une-ressource\">Apr\u00e8s avoir cliqu\u00e9 sur une ressource :<\/h4>\n\n\n\n<div class=\"wp-block-columns is-layout-flex wp-container-core-columns-is-layout-9d6595d7 wp-block-columns-is-layout-flex\">\n<div class=\"wp-block-column is-layout-flow wp-block-column-is-layout-flow\">\n<p class=\"has-text-align-left\"><strong>1.<\/strong> Vous devrez tout d&rsquo;abord choisir votre \u00e9tablissement d&rsquo;appartenance<\/p>\n\n\n\n<figure class=\"wp-block-image size-full\"><img fetchpriority=\"high\" decoding=\"async\" width=\"648\" height=\"418\" src=\"https:\/\/www.biblio.univ-evry.fr\/wp-content\/uploads\/2026\/01\/etablissement-appartenance.png\" alt=\"\" class=\"wp-image-14124\" style=\"aspect-ratio:1.5502183664349947\"\/><\/figure>\n<\/div>\n\n\n\n<div class=\"wp-block-column is-layout-flow wp-block-column-is-layout-flow\">\n<p class=\"has-text-align-left\"><strong>2. <\/strong>Vous serez ensuite redirig\u00e9 vers l&rsquo;\u00e9cran d&rsquo;authentification de l&rsquo;Universit\u00e9 d\u2019\u00c9vry<\/p>\n\n\n<div class=\"wp-block-image\">\n<figure class=\"aligncenter size-full\"><img decoding=\"async\" width=\"500\" height=\"815\" src=\"https:\/\/www.biblio.univ-evry.fr\/wp-content\/uploads\/2026\/01\/CAS-Evry.png\" alt=\"\" class=\"wp-image-14125\" style=\"aspect-ratio:3\/4;object-fit:contain\" srcset=\"https:\/\/www.biblio.univ-evry.fr\/wp-content\/uploads\/2026\/01\/CAS-Evry.png 500w, https:\/\/www.biblio.univ-evry.fr\/wp-content\/uploads\/2026\/01\/CAS-Evry-368x600.png 368w\" sizes=\"(max-width: 500px) 100vw, 500px\" \/><\/figure>\n<\/div><\/div>\n<\/div>\n\n\n\n<h3 class=\"wp-block-heading\" id=\"contact\">Contact<\/h3>\n\n\n\n<p>En cas de probl\u00e8me, contactez la biblioth\u00e8que universitaire en donnant le maximum de d\u00e9tails concernant la ressource inaccessible et les \u00e9ventuels messages d&rsquo;erreurs apparus.<\/p>\n\n\n\n<div class=\"wp-block-button\"><a class=\"wp-block-button__link has-white-color has-text-color has-background wp-element-button\" href=\"javascript:Boxzilla.show(606)\" style=\"background-color:#005793\">Contactez-nous<\/a><\/div>\n","protected":false},"excerpt":{"rendered":"<p>Pour acc\u00e9der aux ressources \u00e9lectroniques,&nbsp;vous devez utiliser les liens disponibles sur le site web de la biblioth\u00e8que ou installer l&rsquo;extension de navigateur Library Access de Lean Library. L&rsquo;acc\u00e8s aux ressources est en effet configur\u00e9 de mani\u00e8re \u00e0 vous permettre de consulter les contenus des abonnements de la BU, quel que soit l&rsquo;endroit o\u00f9 vous vous [&hellip;]<\/p>\n","protected":false},"author":1,"featured_media":0,"parent":47,"menu_order":0,"comment_status":"closed","ping_status":"closed","template":"","meta":{"wpupg_custom_link":[],"wpupg_custom_link_behaviour":[],"wpupg_custom_link_nofollow":[],"wpupg_custom_image":[],"wpupg_custom_image_id":[],"footnotes":""},"class_list":["post-74","page","type-page","status-publish","hentry"],"_links":{"self":[{"href":"https:\/\/www.biblio.univ-evry.fr\/index.php\/wp-json\/wp\/v2\/pages\/74","targetHints":{"allow":["GET"]}}],"collection":[{"href":"https:\/\/www.biblio.univ-evry.fr\/index.php\/wp-json\/wp\/v2\/pages"}],"about":[{"href":"https:\/\/www.biblio.univ-evry.fr\/index.php\/wp-json\/wp\/v2\/types\/page"}],"author":[{"embeddable":true,"href":"https:\/\/www.biblio.univ-evry.fr\/index.php\/wp-json\/wp\/v2\/users\/1"}],"replies":[{"embeddable":true,"href":"https:\/\/www.biblio.univ-evry.fr\/index.php\/wp-json\/wp\/v2\/comments?post=74"}],"version-history":[{"count":48,"href":"https:\/\/www.biblio.univ-evry.fr\/index.php\/wp-json\/wp\/v2\/pages\/74\/revisions"}],"predecessor-version":[{"id":14131,"href":"https:\/\/www.biblio.univ-evry.fr\/index.php\/wp-json\/wp\/v2\/pages\/74\/revisions\/14131"}],"up":[{"embeddable":true,"href":"https:\/\/www.biblio.univ-evry.fr\/index.php\/wp-json\/wp\/v2\/pages\/47"}],"wp:attachment":[{"href":"https:\/\/www.biblio.univ-evry.fr\/index.php\/wp-json\/wp\/v2\/media?parent=74"}],"curies":[{"name":"wp","href":"https:\/\/api.w.org\/{rel}","templated":true}]}}