{"id":59,"date":"2020-06-30T11:42:42","date_gmt":"2020-06-30T09:42:42","guid":{"rendered":"https:\/\/newweb.biblio.univ-evry.fr\/?page_id=59"},"modified":"2024-03-14T12:34:00","modified_gmt":"2024-03-14T11:34:00","slug":"horaires-et-acces","status":"publish","type":"page","link":"https:\/\/www.biblio.univ-evry.fr\/index.php\/horaires-et-acces\/","title":{"rendered":"Horaires et acc\u00e8s"},"content":{"rendered":"\n<div class=\"wp-block-columns is-layout-flex wp-container-core-columns-is-layout-9d6595d7 wp-block-columns-is-layout-flex\">\n<div class=\"wp-block-column is-layout-flow wp-block-column-is-layout-flow\" style=\"flex-basis:66.66%\">\n<h3 class=\"wp-block-heading\">BU centrale<\/h3>\n\n\n\n<div class=\"supsystic-table-loader spinner\"style=\"background-color:#000000\"><\/div><div id=\"supsystic-table-3_36982\" class=\"supsystic-tables-wrap \" style=\" width:100%; visibility: hidden; \" data-table-width-fixed=\"100%\" data-table-width-mobile=\"100%\" ><table id=\"supsystic-table-3\" class=\"supsystic-table border lightboxImg cell-border\" data-id=\"3\" data-view-id=\"3_36982\" data-title=\"Horaires\" data-currency-format=\"$1,000.00\" data-percent-format=\"10.00%\" data-date-format=\"DD.MM.YYYY\" data-time-format=\"HH:mm\" data-features=\"[&quot;after_table_loaded_script&quot;]\" data-search-value=\"\" data-lightbox-img=\"\" data-head=\"on\" data-head-rows-count=\"1\" data-pagination-length=\"50,100,All\" data-auto-index=\"off\" data-searching-settings=\"{&quot;columnSearchPosition&quot;:&quot;bottom&quot;,&quot;minChars&quot;:&quot;0&quot;}\" data-lang=\"default\" data-override=\"{&quot;emptyTable&quot;:&quot;&quot;,&quot;info&quot;:&quot;&quot;,&quot;infoEmpty&quot;:&quot;&quot;,&quot;infoFiltered&quot;:&quot;&quot;,&quot;lengthMenu&quot;:&quot;&quot;,&quot;search&quot;:&quot;&quot;,&quot;zeroRecords&quot;:&quot;&quot;,&quot;exportLabel&quot;:&quot;&quot;,&quot;file&quot;:&quot;default&quot;}\" data-merged=\"[]\" data-responsive-mode=\"0\" data-from-history=\"0\" ><thead><tr><th data-cell-id=\"A1\" data-x=\"0\" data-y=\"1\" data-db-index=\"1\" class=\"\" data-cell-type=\"text\" data-original-value=\"JOURS\" data-order=\"JOURS\" style=\"min-width:54.2435%; \" >JOURS <\/th><th data-cell-id=\"B1\" data-x=\"1\" data-y=\"1\" data-db-index=\"1\" class=\"\" data-cell-type=\"text\" data-original-value=\"OUVERTURE\" data-order=\"OUVERTURE\" style=\"min-width:22.8782%; \" >OUVERTURE <\/th><th data-cell-id=\"C1\" data-x=\"2\" data-y=\"1\" data-db-index=\"1\" class=\"\" data-cell-type=\"text\" data-original-value=\"FERMETURE\" data-order=\"FERMETURE\" style=\"min-width:22.8782%; \" >FERMETURE <\/th><\/tr><\/thead><tbody><tr style=\"height:px\" ><td data-cell-id=\"A2\" data-x=\"0\" data-y=\"2\" data-db-index=\"2\" class=\"\" data-cell-type=\"text\" data-original-value=\"DU LUNDI AU VENDREDI\" data-order=\"DU LUNDI AU VENDREDI\" >DU LUNDI AU VENDREDI <\/td><td data-cell-id=\"B2\" data-x=\"1\" data-y=\"2\" data-db-index=\"2\" class=\"\" data-cell-type=\"text\" data-original-value=\"8H30\" data-order=\"8H30\" >8H30 <\/td><td data-cell-id=\"C2\" data-x=\"2\" data-y=\"2\" data-db-index=\"2\" class=\"\" data-cell-type=\"text\" data-original-value=\"19H\" data-order=\"19H\" >19H <\/td><\/tr><tr style=\"height:px\" ><td data-cell-id=\"A3\" data-x=\"0\" data-y=\"3\" data-db-index=\"3\" class=\"\" data-cell-type=\"text\" data-original-value=\"SAMEDI\" data-order=\"SAMEDI\" >SAMEDI <\/td><td data-cell-id=\"B3\" data-x=\"1\" data-y=\"3\" data-db-index=\"3\" class=\"\" data-cell-type=\"text\" data-original-value=\"9H\" data-order=\"9H\" >9H <\/td><td data-cell-id=\"C3\" data-x=\"2\" data-y=\"3\" data-db-index=\"3\" class=\"\" data-cell-type=\"text\" data-original-value=\"17H\" data-order=\"17H\" >17H <\/td><\/tr><\/tbody><\/table><!-- \/#supsystic-table-3.supsystic-table --><\/div><!-- \/.supsystic-tables-wrap --><!-- Tables Generator by Supsystic --><!-- Version:1.11.0 --><!-- http:\/\/supsystic.com\/ --><a title=\"WP Table Builder\" style=\"display:none;\" href=\"https:\/\/supsystic.com\/plugins\/wordpress-data-table-plugin\/?utm_medium=love_link\" target=\"_blank\">WP Table Builder<\/a>\n<\/div>\n\n\n\n<div class=\"wp-block-column is-layout-flow wp-block-column-is-layout-flow\" style=\"flex-basis:33.33%\">\n<h3 class=\"wp-block-heading\">Taux d&rsquo;occupation<\/h3>\n\n\n\n<script charset=\"UTF-8\" src=\"https:\/\/webapi.affluences.com\/js\/webapi_latest.min.js\"><\/script>\n\n<div class=\"affluences-counter\" data-token=\"27EQEbYODPoyqZ\"><\/div>\n<\/div>\n<\/div>\n\n\n\n<h4 class=\"wp-block-heading\">Vacances annuelles<\/h4>\n\n\n\n<p>La biblioth\u00e8que est ferm\u00e9e pendant les vacances de No\u00ebl ainsi que la derni\u00e8re semaine de juillet et les trois premi\u00e8res semaines d&rsquo;ao\u00fbt.<\/p>\n\n\n\n<h3 class=\"wp-block-heading\">Biblioth\u00e8ques associ\u00e9es<\/h3>\n\n\n\n<p>En plus de la biblioth\u00e8que centrale o\u00f9 est localis\u00e9e la majorit\u00e9 des collections, il existe d&rsquo;autres lieux dans l&rsquo;Universit\u00e9 o\u00f9\u00a0vous pouvez retrouver des collections sp\u00e9cifiques.<\/p>\n\n\n\n<style>#sp-ea-993 .spcollapsing { height: 0; overflow: hidden; transition-property: height;transition-duration: 500ms;}#sp-ea-993.sp-easy-accordion>.sp-ea-single {margin-bottom: 10px; border: 1px solid #e2e2e2; }#sp-ea-993.sp-easy-accordion>.sp-ea-single>.ea-header a {color: #444;}#sp-ea-993.sp-easy-accordion>.sp-ea-single>.sp-collapse>.ea-body {background: #fff; color: #444;}#sp-ea-993.sp-easy-accordion>.sp-ea-single {background: #ffffff;}#sp-ea-993.sp-easy-accordion>.sp-ea-single>.ea-header a .ea-expand-icon { float: left; color: #444;font-size: 16px;}<\/style><div id=\"sp_easy_accordion-1727268643\"><div id=\"sp-ea-993\" class=\"sp-ea-one sp-easy-accordion\" data-ea-active=\"ea-click\" data-ea-mode=\"vertical\" data-preloader=\"\" data-scroll-active-item=\"\" data-offset-to-scroll=\"0\"><div class=\"ea-card sp-ea-single\"><h3 class=\"ea-header\"><a class=\"collapsed\" id=\"ea-header-9930\" role=\"button\" data-sptoggle=\"spcollapse\" data-sptarget=\"#collapse9930\" aria-controls=\"collapse9930\" href=\"#\" aria-expanded=\"false\" tabindex=\"0\"><i aria-hidden=\"true\" role=\"presentation\" class=\"ea-expand-icon eap-icon-ea-expand-plus\"><\/i> Biblioth\u00e8que de l\u2019UFR des Sciences de l\u2019Homme et de la Soci\u00e9t\u00e9 (SHS) \u2013 site Facteur Cheval<\/a><\/h3><div class=\"sp-collapse spcollapse spcollapse\" id=\"collapse9930\" role=\"region\" aria-labelledby=\"ea-header-9930\"> <div class=\"ea-body\"><div class=\"wp-block-columns\"><div class=\"wp-block-column\" style=\"flex-basis: 66.66%\"><p><strong>Heures d\u2019ouverture :<\/strong><br \/>Lundi, mercredi et vendredi : 9h \u2013 13h<br \/>Mardi et jeudi : 9h \u2013 17h<\/p><p><strong>Th\u00e9matiques<\/strong> :<\/p><div class=\"wp-block-buttons\"><div class=\"wp-block-button\"><a class=\"wp-block-button__link has-background\" style=\"background-color: #34519d\" href=\"https:\/\/bu-guides.univ-evry.fr\/gestion\">Gestion<\/a><\/div><div class=\"wp-block-button\"><a class=\"wp-block-button__link has-background\" style=\"background-color: #773b77\" href=\"https:\/\/bu-guides.univ-evry.fr\/sociologie\">Sociologie<\/a><\/div><div class=\"wp-block-button\"><a class=\"wp-block-button__link has-background\" style=\"background-color: #34519d\" href=\"https:\/\/bu-guides.univ-evry.fr\/economie\">Economie<\/a><\/div><\/div><\/div><div class=\"wp-block-column\" style=\"flex-basis: 33.33%\"><p><strong>Adresse :<\/strong><br \/>2 rue du Facteur Cheval<br \/>91025 \u00c9vry cedex<br \/><strong>T\u00e9l :<\/strong> 01 69 47 82 51<\/p><div class=\"wp-block-buttons\"><div class=\"wp-block-button\"><a class=\"wp-block-button__link has-background\" href=\"#boxzilla-1887\">Contact<\/a><\/div><\/div><\/div><\/div><\/div><\/div><\/div><div class=\"ea-card sp-ea-single\"><h3 class=\"ea-header\"><a class=\"collapsed\" id=\"ea-header-9931\" role=\"button\" data-sptoggle=\"spcollapse\" data-sptarget=\"#collapse9931\" aria-controls=\"collapse9931\" href=\"#\" aria-expanded=\"false\" tabindex=\"0\"><i aria-hidden=\"true\" role=\"presentation\" class=\"ea-expand-icon eap-icon-ea-expand-plus\"><\/i> Biblioth\u00e8que de l\u2019IUT \u2013 site de Br\u00e9tigny<\/a><\/h3><div class=\"sp-collapse spcollapse spcollapse\" id=\"collapse9931\" role=\"region\" aria-labelledby=\"ea-header-9931\"> <div class=\"ea-body\"><div class=\"wp-block-columns\"><div class=\"wp-block-column\" style=\"flex-basis: 66.66%\"><p><strong>Heures d\u2019ouverture :<\/strong><br \/>Lundi, Mardi et Mercredi : 9h00 \u2013 12h45 et 13h30 \u2013 17h30<\/p><p>Jeudi : 9h00 \u2013 12h45 et 13h30 \u2013 17h15<\/p><p>Vendredi : 9h00 \u2013 12h45 et 13h30 \u2013 16h30<\/p><p><strong>Th\u00e9matiques <\/strong>:<\/p><div class=\"wp-block-buttons\"><div class=\"wp-block-button\"><a class=\"wp-block-button__link has-background\" style=\"background-color: #339933\" href=\"https:\/\/bu-guides.univ-evry.fr\/ingenierie\">G\u00e9nie thermique, \u00e9nergie<\/a><\/div><div class=\"wp-block-button\"><a class=\"wp-block-button__link has-background\" style=\"background-color: #34519d\" href=\"https:\/\/bu-guides.univ-evry.fr\/gestion\">Gestion et RESSOURCES HUMAINES<\/a><\/div><\/div><\/div><div class=\"wp-block-column\" style=\"flex-basis: 33.33%\"><p><strong>Adresse :<\/strong><br \/>Ch\u00e2teau La Fontaine, Chemin de la Tuilerie<br \/>91220 Br\u00e9tigny-sur-Orge<\/p><p><strong>T\u00e9l :<\/strong> 01 69 47 79 04<\/p><div class=\"wp-block-buttons\"><div class=\"wp-block-button\"><a class=\"wp-block-button__link has-background\" href=\"#boxzilla-1886\">Contact<\/a><\/div><\/div><\/div><\/div><\/div><\/div><\/div><div class=\"ea-card sp-ea-single\"><h3 class=\"ea-header\"><a class=\"collapsed\" id=\"ea-header-9932\" role=\"button\" data-sptoggle=\"spcollapse\" data-sptarget=\"#collapse9932\" aria-controls=\"collapse9932\" href=\"#\" aria-expanded=\"false\" tabindex=\"0\"><i aria-hidden=\"true\" role=\"presentation\" class=\"ea-expand-icon eap-icon-ea-expand-plus\"><\/i> Biblioth\u00e8que de l\u2019UFR Sciences et Technologies \u2013 site Pelvoux<\/a><\/h3><div class=\"sp-collapse spcollapse spcollapse\" id=\"collapse9932\" role=\"region\" aria-labelledby=\"ea-header-9932\"> <div class=\"ea-body\"><div class=\"wp-block-columns\"><div class=\"wp-block-column\" style=\"flex-basis: 66.66%\"><p><strong>Heures d\u2019ouverture :<\/strong><br \/>Lundi \u2013 vendredi : 9h \u2013 12h30 et 13h30 \u2013 17h30<\/p><div class=\"wp-block-buttons\"><div class=\"wp-block-button\"><a class=\"wp-block-button__link has-background\" href=\"https:\/\/www.ufrst.univ-evry.fr\/\">Acc\u00e9der au site web<\/a><\/div><\/div><\/div><div class=\"wp-block-column\" style=\"flex-basis: 33.33%\"><p><strong>Adresse :<\/strong><br \/>40-36 rue du Pelvoux<br \/>91025 \u00c9vry Cedex<br \/><strong>T\u00e9l :<\/strong> 01 69 47 06 56<\/p><div class=\"wp-block-buttons\"><div class=\"wp-block-button\" style=\"text-align: left\"><a class=\"wp-block-button__link has-background\" href=\"#boxzilla-1888\">Contact<\/a><\/div><\/div><\/div><\/div><\/div><\/div><\/div><\/div><\/div>\n\n\n\n<h3 class=\"wp-block-heading\">Venir \u00e0 la BU<\/h3>\n\n\n\n\t\t\t\t<div id=\"wp_mapit_qIikRTfJWO\" class=\"wp_mapit_multipin_map\" data-lat=\"48.623748139457\" data-lng=\"2.4256122040395\" data-zoom=\"12\" data-type=\"normal\" data-marker=\"https:\/\/www.biblio.univ-evry.fr\/wp-content\/plugins\/wp-mapit\/wp_mapit\/images\/map-pin.png\" data-width=\"100\" data-width-type=\"per\" data-height=\"300\" data-height-type=\"px\" data-pins=\"[{&quot;lat&quot;:&quot;48.62377&quot;,&quot;lng&quot;:&quot;2.42599&quot;,&quot;marker_image&quot;:&quot;&quot;,&quot;marker_title&quot;:&quot;BIBLIOTH\\u00c8QUE CENTRALE&quot;,&quot;marker_content&quot;:&quot;2 rue Andr\\u00e9 Lalande\\r\\n91025 EVRY Cedex\\r\\n01 69 47 89 50\\r\\naccueil-bu@univ-evry.fr&quot;,&quot;marker_url&quot;:&quot;&quot;},{&quot;lat&quot;:&quot;48.63177&quot;,&quot;lng&quot;:&quot;2.43249&quot;,&quot;marker_image&quot;:&quot;&quot;,&quot;marker_title&quot;:&quot;UFR SHS&quot;,&quot;marker_content&quot;:&quot;2, rue du Facteur Cheval \\u2013 La Poste\\r\\n91025 EVRY Cedex\\r\\n01 69 47 70 00&quot;,&quot;marker_url&quot;:&quot;&quot;},{&quot;lat&quot;:&quot;48.6145&quot;,&quot;lng&quot;:&quot;2.42852&quot;,&quot;marker_image&quot;:&quot;&quot;,&quot;marker_title&quot;:&quot;UFR ST&quot;,&quot;marker_content&quot;:&quot;40-36, rue du Pelvoux\\r\\n91025 EVRY Cedex\\r\\n01 69 47 70 00&quot;,&quot;marker_url&quot;:&quot;&quot;},{&quot;lat&quot;:&quot;48.62036&quot;,&quot;lng&quot;:&quot;2.30759&quot;,&quot;marker_image&quot;:&quot;&quot;,&quot;marker_title&quot;:&quot;IUT Br\\u00e9tigny&quot;,&quot;marker_content&quot;:&quot;Ch\\u00e2teau de la Fontaine\\r\\nChemin de la Tuilerie\\r\\n91220 Br\\u00e9tigny\\r\\n01 69 47 79 55&quot;,&quot;marker_url&quot;:&quot;&quot;}]\"><\/div>\n\t\t\t\n\n\n\n<h3 class=\"wp-block-heading\">Les biblioth\u00e8ques du r\u00e9seau de l&rsquo;Universit\u00e9 Paris-Saclay<\/h3>\n\n\n\n<p>L&rsquo;Universit\u00e9 d&rsquo;\u00c9vry est membre-associ\u00e9 de l&rsquo;Universit\u00e9 Paris-Saclay. \u00c0 ce titre, tous nos usagers, \u00e0 l&rsquo;exception des usagers ext\u00e9rieurs, ont acc\u00e8s aux biblioth\u00e8ques du r\u00e9seau de l&rsquo;Universit\u00e9 Paris-Saclay.<\/p>\n\n\n\n<p>Le r\u00e9seau des biblioth\u00e8ques et centres de documentation vous offre des services communs sur plus de 40 sites diff\u00e9rents !<\/p>\n\n\n\n<div class=\"wp-block-buttons is-layout-flex wp-block-buttons-is-layout-flex\">\n<div class=\"wp-block-button\"><a class=\"wp-block-button__link wp-element-button\" href=\"https:\/\/www.bibliotheques.universite-paris-saclay.fr\/venir-la-bibliotheque\/vos-bibliotheques-et-sa-carte-interactive\">Voir la carte des biblioth\u00e8ques du r\u00e9seau de l&rsquo;Universit\u00e9 Paris-Saclay<\/a><\/div>\n<\/div>\n","protected":false},"excerpt":{"rendered":"<p>BU centrale Taux d&rsquo;occupation Vacances annuelles La biblioth\u00e8que est ferm\u00e9e pendant les vacances de No\u00ebl ainsi que la derni\u00e8re semaine de juillet et les trois premi\u00e8res semaines d&rsquo;ao\u00fbt. Biblioth\u00e8ques associ\u00e9es En plus de la biblioth\u00e8que centrale o\u00f9 est localis\u00e9e la majorit\u00e9 des collections, il existe d&rsquo;autres lieux dans l&rsquo;Universit\u00e9 o\u00f9\u00a0vous pouvez retrouver des collections sp\u00e9cifiques. [&hellip;]<\/p>\n","protected":false},"author":1,"featured_media":0,"parent":0,"menu_order":0,"comment_status":"closed","ping_status":"closed","template":"","meta":{"wpupg_custom_link":[],"wpupg_custom_link_behaviour":[],"wpupg_custom_link_nofollow":[],"wpupg_custom_image":[],"wpupg_custom_image_id":[],"footnotes":""},"class_list":["post-59","page","type-page","status-publish","hentry"],"_links":{"self":[{"href":"https:\/\/www.biblio.univ-evry.fr\/index.php\/wp-json\/wp\/v2\/pages\/59","targetHints":{"allow":["GET"]}}],"collection":[{"href":"https:\/\/www.biblio.univ-evry.fr\/index.php\/wp-json\/wp\/v2\/pages"}],"about":[{"href":"https:\/\/www.biblio.univ-evry.fr\/index.php\/wp-json\/wp\/v2\/types\/page"}],"author":[{"embeddable":true,"href":"https:\/\/www.biblio.univ-evry.fr\/index.php\/wp-json\/wp\/v2\/users\/1"}],"replies":[{"embeddable":true,"href":"https:\/\/www.biblio.univ-evry.fr\/index.php\/wp-json\/wp\/v2\/comments?post=59"}],"version-history":[{"count":53,"href":"https:\/\/www.biblio.univ-evry.fr\/index.php\/wp-json\/wp\/v2\/pages\/59\/revisions"}],"predecessor-version":[{"id":11341,"href":"https:\/\/www.biblio.univ-evry.fr\/index.php\/wp-json\/wp\/v2\/pages\/59\/revisions\/11341"}],"wp:attachment":[{"href":"https:\/\/www.biblio.univ-evry.fr\/index.php\/wp-json\/wp\/v2\/media?parent=59"}],"curies":[{"name":"wp","href":"https:\/\/api.w.org\/{rel}","templated":true}]}}