{"id":3980,"date":"2023-02-06T11:29:51","date_gmt":"2023-02-06T10:29:51","guid":{"rendered":"https:\/\/www.biblio.univ-evry.fr\/?page_id=3980"},"modified":"2026-04-02T14:32:59","modified_gmt":"2026-04-02T12:32:59","slug":"the-meta-news-2","status":"publish","type":"page","link":"https:\/\/www.biblio.univ-evry.fr\/index.php\/the-meta-news-2\/","title":{"rendered":"The Meta News"},"content":{"rendered":"\n<p>Lettre d&rsquo;information bihebdomadaire d\u00e9di\u00e9e \u00e0 l&rsquo;actualit\u00e9 du monde de la recherche: environnement politique et juridique, int\u00e9grit\u00e9 scientifique, innovations, science ouverte, questions de parit\u00e9,&nbsp;vulgarisation scientifique,&nbsp;<em>etc.<\/em><\/p>\n\n\n\n<p><strong>Discipline : <\/strong>Pluridisciplinaire<br><strong>Type de contenu : <\/strong>Lettre d&rsquo;information<br><strong>Niveau :<\/strong> Recherche<br><strong>Langue : <\/strong>Fran\u00e7ais<br><\/p>\n\n\n\n<div class=\"wp-block-buttons is-layout-flex wp-block-buttons-is-layout-flex\">\n<div class=\"wp-block-button is-style-fill\"><a class=\"wp-block-button__link has-white-color has-text-color wp-element-button\" href=\"https:\/\/bit.ly\/UParis-SaclayxTMN\">s&rsquo;abonner<\/a><\/div>\n\n\n\n<div class=\"wp-block-button is-style-fill\"><a class=\"wp-block-button__link has-white-color has-text-color wp-element-button\" href=\"https:\/\/themeta.news\/archives\/\">Les archives<\/a><\/div>\n<\/div>\n\n\n\n<p><\/p>\n","protected":false},"excerpt":{"rendered":"<p>Lettre d&rsquo;information bihebdomadaire d\u00e9di\u00e9e \u00e0 l&rsquo;actualit\u00e9 du monde de la recherche: environnement politique et juridique, int\u00e9grit\u00e9 scientifique, innovations, science ouverte, questions de parit\u00e9,&nbsp;vulgarisation scientifique,&nbsp;etc. Discipline : PluridisciplinaireType de contenu : Lettre d&rsquo;informationNiveau : RechercheLangue : Fran\u00e7ais<\/p>\n","protected":false},"author":14,"featured_media":0,"parent":0,"menu_order":0,"comment_status":"closed","ping_status":"closed","template":"","meta":{"wpupg_custom_link":[],"wpupg_custom_link_behaviour":[],"wpupg_custom_link_nofollow":[],"wpupg_custom_image":[],"wpupg_custom_image_id":[],"footnotes":""},"class_list":["post-3980","page","type-page","status-publish","hentry"],"_links":{"self":[{"href":"https:\/\/www.biblio.univ-evry.fr\/index.php\/wp-json\/wp\/v2\/pages\/3980","targetHints":{"allow":["GET"]}}],"collection":[{"href":"https:\/\/www.biblio.univ-evry.fr\/index.php\/wp-json\/wp\/v2\/pages"}],"about":[{"href":"https:\/\/www.biblio.univ-evry.fr\/index.php\/wp-json\/wp\/v2\/types\/page"}],"author":[{"embeddable":true,"href":"https:\/\/www.biblio.univ-evry.fr\/index.php\/wp-json\/wp\/v2\/users\/14"}],"replies":[{"embeddable":true,"href":"https:\/\/www.biblio.univ-evry.fr\/index.php\/wp-json\/wp\/v2\/comments?post=3980"}],"version-history":[{"count":10,"href":"https:\/\/www.biblio.univ-evry.fr\/index.php\/wp-json\/wp\/v2\/pages\/3980\/revisions"}],"predecessor-version":[{"id":14526,"href":"https:\/\/www.biblio.univ-evry.fr\/index.php\/wp-json\/wp\/v2\/pages\/3980\/revisions\/14526"}],"wp:attachment":[{"href":"https:\/\/www.biblio.univ-evry.fr\/index.php\/wp-json\/wp\/v2\/media?parent=3980"}],"curies":[{"name":"wp","href":"https:\/\/api.w.org\/{rel}","templated":true}]}}