{"id":371,"date":"2020-09-29T12:20:07","date_gmt":"2020-09-29T10:20:07","guid":{"rendered":"https:\/\/newweb.biblio.univ-evry.fr\/?page_id=371"},"modified":"2025-03-20T16:08:10","modified_gmt":"2025-03-20T15:08:10","slug":"science-ouverte","status":"publish","type":"page","link":"https:\/\/www.biblio.univ-evry.fr\/index.php\/recherche-et-enseignement\/science-ouverte\/","title":{"rendered":"Science ouverte"},"content":{"rendered":"\t\t<div data-elementor-type=\"wp-page\" data-elementor-id=\"371\" class=\"elementor elementor-371\">\n\t\t\t\t\t\t<section class=\"elementor-section elementor-top-section elementor-element elementor-element-5f15111 elementor-section-boxed elementor-section-height-default elementor-section-height-default\" data-id=\"5f15111\" data-element_type=\"section\" data-e-type=\"section\">\n\t\t\t\t\t\t<div class=\"elementor-container elementor-column-gap-default\">\n\t\t\t\t\t<div class=\"elementor-column elementor-col-100 elementor-top-column elementor-element elementor-element-f8d0934\" data-id=\"f8d0934\" data-element_type=\"column\" data-e-type=\"column\">\n\t\t\t<div class=\"elementor-widget-wrap elementor-element-populated\">\n\t\t\t\t\t\t<div class=\"elementor-element elementor-element-55afa3d elementor-widget elementor-widget-text-editor\" data-id=\"55afa3d\" data-element_type=\"widget\" data-e-type=\"widget\" data-widget_type=\"text-editor.default\">\n\t\t\t\t<div class=\"elementor-widget-container\">\n\t\t\t\t\t\t\t\t\t<p>La biblioth\u00e8que universitaire, en partenariat avec l&rsquo;Universit\u00e9 d\u2019\u00c9vry, a d\u00e9cid\u00e9 de mettre en place un site web d\u00e9di\u00e9 \u00e0 la Science ouverte. Il sera une porte d&rsquo;acc\u00e8s pour toute personne souhaitant en savoir davantage sur les questions de science ouverte ou de donn\u00e9es \u00e0 \u00c9vry.<\/p><p>Vous pourrez y retrouver les grandes th\u00e9matiques suivantes :\u00a0<\/p><ul><li style=\"list-style-type: none;\"><ul><li>La Science ouverte \u00e0 \u00c9vry<\/li><li>Les donn\u00e9es de la recherche<\/li><li>Les publications<\/li><li>L&rsquo;archive ouverte HAL<\/li><li>L&rsquo;accompagnement au d\u00e9p\u00f4t des th\u00e8ses \u00e0 la BU<\/li><\/ul><\/li><\/ul><p>Mais \u00e9galement des liens vers des ressources utiles, des informations pratiques sur les \u00e9v\u00e8nements organis\u00e9s autour de la science ouverte, ou encore l&rsquo;acc\u00e8s aux captations d\u2019\u00c9vry Science Ouverte.<\/p>\t\t\t\t\t\t\t\t<\/div>\n\t\t\t\t<\/div>\n\t\t\t\t<div class=\"elementor-element elementor-element-09dd950 elementor-align-center elementor-widget elementor-widget-button\" data-id=\"09dd950\" data-element_type=\"widget\" data-e-type=\"widget\" data-widget_type=\"button.default\">\n\t\t\t\t<div class=\"elementor-widget-container\">\n\t\t\t\t\t\t\t\t\t<div class=\"elementor-button-wrapper\">\n\t\t\t\t\t<a class=\"elementor-button elementor-button-link elementor-size-md\" href=\"https:\/\/scienceouverte.univ-evry.fr\" target=\"_blank\">\n\t\t\t\t\t\t<span class=\"elementor-button-content-wrapper\">\n\t\t\t\t\t\t<span class=\"elementor-button-icon\">\n\t\t\t\t<i aria-hidden=\"true\" class=\"fas fa-external-link-alt\"><\/i>\t\t\t<\/span>\n\t\t\t\t\t\t\t\t\t<span class=\"elementor-button-text\">Lien vers le site Science ouverte<\/span>\n\t\t\t\t\t<\/span>\n\t\t\t\t\t<\/a>\n\t\t\t\t<\/div>\n\t\t\t\t\t\t\t\t<\/div>\n\t\t\t\t<\/div>\n\t\t\t\t\t<\/div>\n\t\t<\/div>\n\t\t\t\t\t<\/div>\n\t\t<\/section>\n\t\t\t\t<\/div>\n\t\t","protected":false},"excerpt":{"rendered":"<p>La biblioth\u00e8que universitaire, en partenariat avec l&rsquo;Universit\u00e9 d\u2019\u00c9vry, a d\u00e9cid\u00e9 de mettre en place un site web d\u00e9di\u00e9 \u00e0 la Science ouverte. Il sera une porte d&rsquo;acc\u00e8s pour toute personne souhaitant en savoir davantage sur les questions de science ouverte ou de donn\u00e9es \u00e0 \u00c9vry. Vous pourrez y retrouver les grandes th\u00e9matiques suivantes :\u00a0 La [&hellip;]<\/p>\n","protected":false},"author":1,"featured_media":0,"parent":51,"menu_order":0,"comment_status":"closed","ping_status":"closed","template":"","meta":{"wpupg_custom_link":[],"wpupg_custom_link_behaviour":[],"wpupg_custom_link_nofollow":[],"wpupg_custom_image":[],"wpupg_custom_image_id":[],"footnotes":""},"class_list":["post-371","page","type-page","status-publish","hentry"],"_links":{"self":[{"href":"https:\/\/www.biblio.univ-evry.fr\/index.php\/wp-json\/wp\/v2\/pages\/371","targetHints":{"allow":["GET"]}}],"collection":[{"href":"https:\/\/www.biblio.univ-evry.fr\/index.php\/wp-json\/wp\/v2\/pages"}],"about":[{"href":"https:\/\/www.biblio.univ-evry.fr\/index.php\/wp-json\/wp\/v2\/types\/page"}],"author":[{"embeddable":true,"href":"https:\/\/www.biblio.univ-evry.fr\/index.php\/wp-json\/wp\/v2\/users\/1"}],"replies":[{"embeddable":true,"href":"https:\/\/www.biblio.univ-evry.fr\/index.php\/wp-json\/wp\/v2\/comments?post=371"}],"version-history":[{"count":14,"href":"https:\/\/www.biblio.univ-evry.fr\/index.php\/wp-json\/wp\/v2\/pages\/371\/revisions"}],"predecessor-version":[{"id":13071,"href":"https:\/\/www.biblio.univ-evry.fr\/index.php\/wp-json\/wp\/v2\/pages\/371\/revisions\/13071"}],"up":[{"embeddable":true,"href":"https:\/\/www.biblio.univ-evry.fr\/index.php\/wp-json\/wp\/v2\/pages\/51"}],"wp:attachment":[{"href":"https:\/\/www.biblio.univ-evry.fr\/index.php\/wp-json\/wp\/v2\/media?parent=371"}],"curies":[{"name":"wp","href":"https:\/\/api.w.org\/{rel}","templated":true}]}}