{"id":3130,"date":"2021-03-30T14:47:42","date_gmt":"2021-03-30T12:47:42","guid":{"rendered":"https:\/\/www.biblio.univ-evry.fr\/?page_id=3130"},"modified":"2025-05-07T10:02:31","modified_gmt":"2025-05-07T08:02:31","slug":"mode-demploi","status":"publish","type":"page","link":"https:\/\/www.biblio.univ-evry.fr\/index.php\/bibliotheque-numerique\/mode-demploi\/","title":{"rendered":"Modes d&#8217;emploi"},"content":{"rendered":"\n<h3 class=\"wp-block-heading\"><br>Besoin d\u2019aide pour utiliser une ressource ?<\/h3>\n\n\n\n<p>Consultez les modes d\u2019emploi des bases de donn\u00e9es r\u00e9dig\u00e9s pour vous par vos biblioth\u00e9caires.<\/p>\n\n\n\n<p>De nouveaux modes d&#8217;emploi sont ajout\u00e9s r\u00e9guli\u00e8rement sur cette page. Vous souhaitez qu&rsquo;un nouveau mode d&#8217;emploi soit r\u00e9dig\u00e9 ? N&rsquo;h\u00e9sitez pas \u00e0 nous contacter !<\/p>\n\n\n\n<p>___ <\/p>\n\n\n\n<p>La lecture de certains e-books t\u00e9l\u00e9charg\u00e9s depuis des plateformes inclues dans les abonnements de votre biblioth\u00e8que universitaire n\u00e9cessite l&rsquo;installation d&rsquo;Adobe Digital Edition et de la cr\u00e9ation d&rsquo;un Adobe ID : <a href=\"https:\/\/www.biblio.univ-evry.fr\/wp-content\/uploads\/2021\/06\/ModeEmploi_AdobeDigitalEditions.pdf\" target=\"_blank\" rel=\"noreferrer noopener\">en savoir plus<\/a>.<\/p>\n\n\n\n<div class=\"wp-block-columns is-layout-flex wp-container-core-columns-is-layout-9d6595d7 wp-block-columns-is-layout-flex\">\n<div class=\"wp-block-column is-layout-flow wp-block-column-is-layout-flow\">\n<ul class=\"wp-block-list\">\n<li><\/li>\n<\/ul>\n\n\n\n<h6 class=\"wp-block-heading\">B<\/h6>\n\n\n\n<ul class=\"wp-block-list\">\n<li><strong><a href=\"https:\/\/www.biblio.univ-evry.fr\/wp-content\/uploads\/2021\/05\/ModeEmploi_Brepols.pdf\" target=\"_blank\" rel=\"noreferrer noopener\">Brepols<\/a><\/strong><\/li>\n\n\n\n<li><strong><a href=\"https:\/\/www.biblio.univ-evry.fr\/wp-content\/uploads\/2021\/05\/ModeEmploi_Bmj.pdf\" target=\"_blank\" rel=\"noreferrer noopener\">British Medical Journal<\/a><\/strong><\/li>\n<\/ul>\n\n\n\n<h6 class=\"wp-block-heading\">C<\/h6>\n\n\n\n<ul class=\"wp-block-list\">\n<li><strong><a href=\"https:\/\/www.biblio.univ-evry.fr\/wp-content\/uploads\/2021\/05\/ModeEmploi_Cairn.pdf\" target=\"_blank\" rel=\"noreferrer noopener\">Cairn<\/a><\/strong><\/li>\n\n\n\n<li><strong><a href=\"https:\/\/www.biblio.univ-evry.fr\/wp-content\/uploads\/2021\/05\/ModeEmploi_ClassiquesGarnier.pdf\" target=\"_blank\" rel=\"noreferrer noopener\">Classiques Garnier<\/a><\/strong><\/li>\n<\/ul>\n\n\n\n<h6 class=\"wp-block-heading\">D<\/h6>\n\n\n\n<ul class=\"wp-block-list\">\n<li><strong><a href=\"https:\/\/www.biblio.univ-evry.fr\/wp-content\/uploads\/2021\/05\/ModeEmploi_Dalloz.pdf\" target=\"_blank\" rel=\"noreferrer noopener\">Dalloz<\/a><\/strong><\/li>\n\n\n\n<li><strong><a href=\"https:\/\/www.biblio.univ-evry.fr\/wp-content\/uploads\/2021\/05\/ModeEmploi_DallozRevues.pdf\" target=\"_blank\" rel=\"noreferrer noopener\">Dalloz Revues<\/a><\/strong><\/li>\n\n\n\n<li><strong><a href=\"https:\/\/www.biblio.univ-evry.fr\/wp-content\/uploads\/2021\/05\/ModeEmploi_Doctrinal.pdf\" target=\"_blank\" rel=\"noreferrer noopener\">Doctrinal Plus<\/a><\/strong><\/li>\n<\/ul>\n\n\n\n<p><\/p>\n<\/div>\n\n\n\n<div class=\"wp-block-column is-layout-flow wp-block-column-is-layout-flow\">\n<h6 class=\"wp-block-heading\">E<\/h6>\n\n\n\n<ul class=\"wp-block-list\">\n<li><a href=\"https:\/\/www.biblio.univ-evry.fr\/wp-content\/uploads\/2021\/06\/ModeEmploi_ECCO.pdf\" target=\"_blank\" rel=\"noreferrer noopener\"><strong>Eighteenth Century Collections Online<\/strong><\/a><\/li>\n\n\n\n<li><strong><a href=\"https:\/\/www.biblio.univ-evry.fr\/wp-content\/uploads\/2021\/06\/ModeEmploi_Emerald.pdf\" target=\"_blank\" rel=\"noreferrer noopener\">Emerald<\/a><\/strong><\/li>\n\n\n\n<li><strong><a href=\"https:\/\/www.biblio.univ-evry.fr\/wp-content\/uploads\/2021\/06\/ModeEmploi_NewPauly.pdf\" target=\"_blank\" rel=\"noreferrer noopener\">Encyclop\u00e9die New Pauly Online<\/a><\/strong><\/li>\n\n\n\n<li><strong><a href=\"https:\/\/www.biblio.univ-evry.fr\/wp-content\/uploads\/2021\/06\/ModeEmploi_Ems.pdf\" target=\"_blank\" rel=\"noreferrer noopener\">European Mathematical Society<\/a><\/strong><\/li>\n\n\n\n<li><strong><a href=\"https:\/\/www.biblio.univ-evry.fr\/wp-content\/uploads\/2021\/06\/ModeEmploi_Europresse.pdf\" target=\"_blank\" rel=\"noreferrer noopener\">Europresse<\/a><\/strong><\/li>\n<\/ul>\n\n\n\n<h6 class=\"wp-block-heading\">H<\/h6>\n\n\n\n<ul class=\"wp-block-list\">\n<li><strong><a href=\"https:\/\/www.biblio.univ-evry.fr\/wp-content\/uploads\/2021\/06\/ModeEmploi_Harmatheque.pdf\" target=\"_blank\" rel=\"noreferrer noopener\">Harmath\u00e8que<\/a><\/strong><\/li>\n<\/ul>\n\n\n\n<h6 class=\"wp-block-heading\">L<\/h6>\n\n\n\n<ul class=\"wp-block-list\">\n<li><strong><a href=\"https:\/\/www.biblio.univ-evry.fr\/wp-content\/uploads\/2021\/06\/ModeEmploi_lamyline.pdf\" target=\"_blank\" rel=\"noreferrer noopener\">Lamyline<\/a><\/strong><\/li>\n\n\n\n<li><strong><a href=\"https:\/\/www.biblio.univ-evry.fr\/wp-content\/uploads\/2021\/06\/ModeEmploi_Lexbase.pdf\" target=\"_blank\" rel=\"noreferrer noopener\">Lexbase<\/a><\/strong><\/li>\n\n\n\n<li><strong><a href=\"https:\/\/www.biblio.univ-evry.fr\/wp-content\/uploads\/2021\/06\/ModeEmploi_Lexis360.pdf\" target=\"_blank\" rel=\"noreferrer noopener\">Lexis360<\/a><\/strong><\/li>\n\n\n\n<li><strong><a href=\"https:\/\/www.biblio.univ-evry.fr\/wp-content\/uploads\/2021\/06\/ModeEmploi_Lextenso.pdf\" target=\"_blank\" rel=\"noreferrer noopener\">Lextenso<\/a><\/strong><\/li>\n<\/ul>\n<\/div>\n\n\n\n<div class=\"wp-block-column is-layout-flow wp-block-column-is-layout-flow\">\n<h6 class=\"wp-block-heading\">M<\/h6>\n\n\n\n<ul class=\"wp-block-list\">\n<li><a href=\"https:\/\/www.biblio.univ-evry.fr\/wp-content\/uploads\/2025\/05\/ModeEmploi_Mediatheque_numerique_2025.pdf\" target=\"_blank\" rel=\"noreferrer noopener\"><strong>M\u00e9diath\u00e8que num\u00e9rique<\/strong><\/a><\/li>\n<\/ul>\n\n\n\n<h6 class=\"wp-block-heading\">P<\/h6>\n\n\n\n<ul class=\"wp-block-list\">\n<li><strong><a href=\"https:\/\/www.biblio.univ-evry.fr\/wp-content\/uploads\/2021\/06\/ModeEmploi_Peuclid.pdf\" target=\"_blank\" rel=\"noreferrer noopener\">Project Euclid<\/a><\/strong><\/li>\n<\/ul>\n\n\n\n<h6 class=\"wp-block-heading\">S<\/h6>\n\n\n\n<ul class=\"wp-block-list\">\n<li><strong><a href=\"https:\/\/www.biblio.univ-evry.fr\/wp-content\/uploads\/2021\/06\/ModeEmploi_Strada-lex.pdf\" target=\"_blank\" rel=\"noreferrer noopener\">Strada Lex Europe<\/a><\/strong><\/li>\n<\/ul>\n\n\n\n<h6 class=\"wp-block-heading\">T<\/h6>\n\n\n\n<ul class=\"wp-block-list\">\n<li><strong><a href=\"https:\/\/www.biblio.univ-evry.fr\/wp-content\/uploads\/2021\/06\/ModeEmploi_TaylorFrancis.pdf\" target=\"_blank\" rel=\"noreferrer noopener\">Taylor &amp; Francis \u2013 Ebooks<\/a><\/strong><\/li>\n<\/ul>\n<\/div>\n<\/div>\n","protected":false},"excerpt":{"rendered":"<p>Besoin d\u2019aide pour utiliser une ressource ? Consultez les modes d\u2019emploi des bases de donn\u00e9es r\u00e9dig\u00e9s pour vous par vos biblioth\u00e9caires. De nouveaux modes d&#8217;emploi sont ajout\u00e9s r\u00e9guli\u00e8rement sur cette page. Vous souhaitez qu&rsquo;un nouveau mode d&#8217;emploi soit r\u00e9dig\u00e9 ? N&rsquo;h\u00e9sitez pas \u00e0 nous contacter ! ___ La lecture de certains e-books t\u00e9l\u00e9charg\u00e9s depuis des [&hellip;]<\/p>\n","protected":false},"author":1,"featured_media":0,"parent":47,"menu_order":0,"comment_status":"closed","ping_status":"closed","template":"","meta":{"wpupg_custom_link":[],"wpupg_custom_link_behaviour":[],"wpupg_custom_link_nofollow":[],"wpupg_custom_image":[],"wpupg_custom_image_id":[],"footnotes":""},"class_list":["post-3130","page","type-page","status-publish","hentry"],"_links":{"self":[{"href":"https:\/\/www.biblio.univ-evry.fr\/index.php\/wp-json\/wp\/v2\/pages\/3130","targetHints":{"allow":["GET"]}}],"collection":[{"href":"https:\/\/www.biblio.univ-evry.fr\/index.php\/wp-json\/wp\/v2\/pages"}],"about":[{"href":"https:\/\/www.biblio.univ-evry.fr\/index.php\/wp-json\/wp\/v2\/types\/page"}],"author":[{"embeddable":true,"href":"https:\/\/www.biblio.univ-evry.fr\/index.php\/wp-json\/wp\/v2\/users\/1"}],"replies":[{"embeddable":true,"href":"https:\/\/www.biblio.univ-evry.fr\/index.php\/wp-json\/wp\/v2\/comments?post=3130"}],"version-history":[{"count":42,"href":"https:\/\/www.biblio.univ-evry.fr\/index.php\/wp-json\/wp\/v2\/pages\/3130\/revisions"}],"predecessor-version":[{"id":13273,"href":"https:\/\/www.biblio.univ-evry.fr\/index.php\/wp-json\/wp\/v2\/pages\/3130\/revisions\/13273"}],"up":[{"embeddable":true,"href":"https:\/\/www.biblio.univ-evry.fr\/index.php\/wp-json\/wp\/v2\/pages\/47"}],"wp:attachment":[{"href":"https:\/\/www.biblio.univ-evry.fr\/index.php\/wp-json\/wp\/v2\/media?parent=3130"}],"curies":[{"name":"wp","href":"https:\/\/api.w.org\/{rel}","templated":true}]}}