{"id":255,"date":"2020-09-02T12:29:20","date_gmt":"2020-09-02T10:29:20","guid":{"rendered":"https:\/\/newweb.biblio.univ-evry.fr\/?page_id=255"},"modified":"2025-04-23T19:28:32","modified_gmt":"2025-04-23T17:28:32","slug":"mentions-legales","status":"publish","type":"page","link":"https:\/\/www.biblio.univ-evry.fr\/index.php\/mentions-legales\/","title":{"rendered":"Mentions l\u00e9gales"},"content":{"rendered":"\n<h3 class=\"wp-block-heading\">Informations l\u00e9gales<\/h3>\n\n\n\n<h4 class=\"wp-block-heading\">Editeur<\/h4>\n\n\n\n<p>Le site www.biblio.univ-evry.fr est \u00e9dit\u00e9 par le Service Commun de la Documentation de l&rsquo;universit\u00e9 \u00c9vry Paris-Saclay.<\/p>\n\n\n\n<p>2 rue Andr\u00e9 Lalande<br>91025 \u00c9vry Cedex<br>T\u00e9l : 01 69 47 89 50<\/p>\n\n\n\n<h4 class=\"wp-block-heading\"><strong>Directeur de publication<\/strong><\/h4>\n\n\n\n<p>Vincent Bouhier, Pr\u00e9sident de l&rsquo;universit\u00e9<\/p>\n\n\n\n<p>&nbsp;<br>Pour signaler une erreur ou demander la rectification d&rsquo;informations, contactez le webmaster du site en utilisant le <a href=\"javascript:Boxzilla.show(13023)\" data-type=\"link\" data-id=\"javascript:boxzilla.show[13023]\">formulaire d\u00e9di\u00e9<\/a>.<\/p>\n\n\n\n<h4 class=\"wp-block-heading\">H\u00e9bergement<\/h4>\n\n\n\n<p>Le site est d\u00e9velopp\u00e9 avec le syst\u00e8me de gestion de contenus&nbsp;<a href=\"https:\/\/fr.wordpress.com\/\">WordPress<\/a>. <\/p>\n\n\n\n<p>Ce site est h\u00e9berg\u00e9 par le Service Commun de la Documentation de l&rsquo;Universit\u00e9 \u00c9vry Paris-Saclay<\/p>\n\n\n\n<h3 class=\"wp-block-heading\">Propri\u00e9t\u00e9 intellectuelle<\/h3>\n\n\n\n<p>Le site www.biblio.univ-evry.fr rel\u00e8ve de la l\u00e9gislation fran\u00e7aise sur le droit d&rsquo;auteur et la propri\u00e9t\u00e9 intellectuelle. Tous les droits de reproduction sont r\u00e9serv\u00e9s, y compris pour les documents t\u00e9l\u00e9chargeables, les repr\u00e9sentations photographiques et iconographiques (L. 335-2 et s. du Code de la Propri\u00e9t\u00e9 Intellectuelle).<\/p>\n\n\n\n<h3 class=\"wp-block-heading\">Cookies<\/h3>\n\n\n\n<p>Nous informons l&rsquo;internaute que, lors de ses visites sur le site, un cookie est install\u00e9 automatiquement sur son logiciel de navigation. Il ne permet pas d&rsquo;identifier la personne mais uniquement \u00e0 enregistrer des informations relatives \u00e0 sa navigation sur le site. L&rsquo;internaute a la possibilit\u00e9 de d\u00e9sactiver l&rsquo;utilisation des cookies via les options de son navigateur sans que cela n&rsquo;alt\u00e8re sa navigation sur notre site.<\/p>\n","protected":false},"excerpt":{"rendered":"<p>Informations l\u00e9gales Editeur Le site www.biblio.univ-evry.fr est \u00e9dit\u00e9 par le Service Commun de la Documentation de l&rsquo;universit\u00e9 \u00c9vry Paris-Saclay. 2 rue Andr\u00e9 Lalande91025 \u00c9vry CedexT\u00e9l : 01 69 47 89 50 Directeur de publication Vincent Bouhier, Pr\u00e9sident de l&rsquo;universit\u00e9 &nbsp;Pour signaler une erreur ou demander la rectification d&rsquo;informations, contactez le webmaster du site en utilisant [&hellip;]<\/p>\n","protected":false},"author":1,"featured_media":0,"parent":0,"menu_order":0,"comment_status":"closed","ping_status":"closed","template":"","meta":{"wpupg_custom_link":[],"wpupg_custom_link_behaviour":[],"wpupg_custom_link_nofollow":[],"wpupg_custom_image":[],"wpupg_custom_image_id":[],"footnotes":""},"class_list":["post-255","page","type-page","status-publish","hentry"],"_links":{"self":[{"href":"https:\/\/www.biblio.univ-evry.fr\/index.php\/wp-json\/wp\/v2\/pages\/255","targetHints":{"allow":["GET"]}}],"collection":[{"href":"https:\/\/www.biblio.univ-evry.fr\/index.php\/wp-json\/wp\/v2\/pages"}],"about":[{"href":"https:\/\/www.biblio.univ-evry.fr\/index.php\/wp-json\/wp\/v2\/types\/page"}],"author":[{"embeddable":true,"href":"https:\/\/www.biblio.univ-evry.fr\/index.php\/wp-json\/wp\/v2\/users\/1"}],"replies":[{"embeddable":true,"href":"https:\/\/www.biblio.univ-evry.fr\/index.php\/wp-json\/wp\/v2\/comments?post=255"}],"version-history":[{"count":10,"href":"https:\/\/www.biblio.univ-evry.fr\/index.php\/wp-json\/wp\/v2\/pages\/255\/revisions"}],"predecessor-version":[{"id":13232,"href":"https:\/\/www.biblio.univ-evry.fr\/index.php\/wp-json\/wp\/v2\/pages\/255\/revisions\/13232"}],"wp:attachment":[{"href":"https:\/\/www.biblio.univ-evry.fr\/index.php\/wp-json\/wp\/v2\/media?parent=255"}],"curies":[{"name":"wp","href":"https:\/\/api.w.org\/{rel}","templated":true}]}}