{"id":2169,"date":"2021-01-06T16:35:30","date_gmt":"2021-01-06T15:35:30","guid":{"rendered":"https:\/\/www.biblio.univ-evry.fr\/?page_id=2169"},"modified":"2021-07-09T10:48:28","modified_gmt":"2021-07-09T08:48:28","slug":"mediatheque-numerique","status":"publish","type":"page","link":"https:\/\/www.biblio.univ-evry.fr\/index.php\/bibliotheque-numerique\/listes-des-ressources\/mediatheque-numerique\/","title":{"rendered":"M\u00e9diath\u00e8que num\u00e9rique"},"content":{"rendered":"\n<div class=\"wp-block-image\"><figure class=\"aligncenter size-large\"><a href=\"https:\/\/vod.mediatheque-numerique.com\/mediatheques\/univevry\"><img decoding=\"async\" width=\"301\" height=\"160\" src=\"https:\/\/www.biblio.univ-evry.fr\/wp-content\/uploads\/2021\/01\/10577_000_medNum-logo-couleurs.png\" alt=\"\" class=\"wp-image-2175\"\/><\/a><\/figure><\/div>\n\n\n\n<div class=\"wp-block-buttons is-content-justification-center is-layout-flex wp-block-buttons-is-layout-flex\">\n<div class=\"wp-block-button\"><a class=\"wp-block-button__link\" href=\"https:\/\/vod.mediatheque-numerique.com\/mediatheques\/univevry\">Acc\u00e9der \u00e0 la m\u00e9diath\u00e8que<\/a><\/div>\n<\/div>\n\n\n\n<p>La M\u00e9diath\u00e8que num\u00e9rique, plateforme de VoD (vid\u00e9o \u00e0 la demande) co-\u00e9dit\u00e9e par ARTE et UniversCin\u00e9, est accessible gratuitement pour tous les \u00e9tudiants, enseignants-chercheurs et personnels administratifs de l\u2019universit\u00e9 (disposant d\u2019une adresse mail de l\u2019universit\u00e9).<\/p>\n\n\n\n<p>Apr\u00e8s inscription sur la plateforme, il vous permet de visionner le programme de votre choix <strong>dans la limite de 10 programmes par mois.<\/strong><\/p>\n\n\n\n<style>#sp-ea-2171 .spcollapsing { height: 0; overflow: hidden; transition-property: height;transition-duration: 500ms;}#sp-ea-2171{ position: relative; }#sp-ea-2171 .ea-card{ opacity: 0;}#eap-preloader-2171{ position: absolute; left: 0; top: 0; height: 100%;width: 100%; text-align: center;display: flex; align-items: center;justify-content: center;}#sp-ea-2171.sp-easy-accordion>.sp-ea-single {margin-bottom: 10px; border: 0px solid #e2e2e2; }#sp-ea-2171.sp-easy-accordion>.sp-ea-single>.ea-header a {color: #444;}#sp-ea-2171.sp-easy-accordion>.sp-ea-single>.sp-collapse>.ea-body {background: #fff; color: #444;}#sp-ea-2171.sp-easy-accordion>.sp-ea-single {background: #ffffff;}#sp-ea-2171.sp-easy-accordion>.sp-ea-single>.ea-header a .ea-expand-icon { float: left; color: #444;font-size: 16px;}<\/style><div id=\"sp_easy_accordion-1778056899\"><div id=\"sp-ea-2171\" class=\"sp-ea-one sp-easy-accordion\" data-ea-active=\"ea-click\" data-ea-mode=\"vertical\" data-preloader=\"1\" data-scroll-active-item=\"\" data-offset-to-scroll=\"0\"><div id=\"eap-preloader-2171\" class=\"accordion-preloader\"><img src=\"https:\/\/www.biblio.univ-evry.fr\/wp-content\/plugins\/easy-accordion-free\/public\/assets\/ea_loader.svg\" alt=\"Loader image\"\/><\/div><div class=\"ea-card sp-ea-single\"><h3 class=\"ea-header\"><a class=\"collapsed\" id=\"ea-header-21710\" role=\"button\" data-sptoggle=\"spcollapse\" data-sptarget=\"#collapse21710\" aria-controls=\"collapse21710\" href=\"#\" aria-expanded=\"false\" tabindex=\"0\"><i aria-hidden=\"true\" role=\"presentation\" class=\"ea-expand-icon eap-icon-ea-expand-plus\"><\/i> Contenu :<\/a><\/h3><div class=\"sp-collapse spcollapse spcollapse\" id=\"collapse21710\" role=\"region\" aria-labelledby=\"ea-header-21710\"> <div class=\"ea-body\"><p>Plus de 6 500 programmes (<em>50 % de cin\u00e9ma, 30 % de documentaires, 15\u00a0% de magazines, et 5 % de spectacles<\/em>) issus des catalogues de la cha\u00eene <strong>ARTE<\/strong> et d\u2019<strong>UniversCin\u00e9<\/strong>: cin\u00e9ma fran\u00e7ais et international en longs et courts m\u00e9trages, s\u00e9ries, documentaires, concerts ...<\/p><\/div><\/div><\/div><div class=\"ea-card sp-ea-single\"><h3 class=\"ea-header\"><a class=\"collapsed\" id=\"ea-header-21711\" role=\"button\" data-sptoggle=\"spcollapse\" data-sptarget=\"#collapse21711\" aria-controls=\"collapse21711\" href=\"#\" aria-expanded=\"false\" tabindex=\"0\"><i aria-hidden=\"true\" role=\"presentation\" class=\"ea-expand-icon eap-icon-ea-expand-plus\"><\/i> Inscription :<\/a><\/h3><div class=\"sp-collapse spcollapse spcollapse\" id=\"collapse21711\" role=\"region\" aria-labelledby=\"ea-header-21711\"> <div class=\"ea-body\"><ul><li>Inscription obligatoire pour acc\u00e9der au service avec une <strong>adresse mail institutionnelle<\/strong> (<a href=\"mailto:numeroetudiant@etud.univ-evry.fr\">numeroetudiant@etud.univ-evry.fr<\/a> pour les \u00e9tudiants ou <a href=\"mailto:prenom.nom@univ-evry.fr\">nom@univ-evry.fr<\/a> pour le personnel)<\/li><li>Compl\u00e9ter le <a href=\"https:\/\/portal.mediatheque-numerique.com\/inscription-utilisateur-etape-2?library=579\"><strong>formulaire<\/strong><\/a> puis confirmer votre inscription par mail<\/li><\/ul><\/div><\/div><\/div><div class=\"ea-card sp-ea-single\"><h3 class=\"ea-header\"><a class=\"collapsed\" id=\"ea-header-21712\" role=\"button\" data-sptoggle=\"spcollapse\" data-sptarget=\"#collapse21712\" aria-controls=\"collapse21712\" href=\"#\" aria-expanded=\"false\" tabindex=\"0\"><i aria-hidden=\"true\" role=\"presentation\" class=\"ea-expand-icon eap-icon-ea-expand-plus\"><\/i> Acc\u00e8s et consultation :<\/a><\/h3><div class=\"sp-collapse spcollapse spcollapse\" id=\"collapse21712\" role=\"region\" aria-labelledby=\"ea-header-21712\"> <div class=\"ea-body\"><ul><li>Quota mensuel de 10 vid\u00e9os. Un programme command\u00e9 est d\u00e9compt\u00e9 du quota. Les vid\u00e9os command\u00e9es peuvent \u00eatre conserv\u00e9es pendant 30 jours sur le compte VoD de l'abonn\u00e9. A compter du lancement du programme, vous avez 48h pour le visionner autant de fois que vous le souhaitez.<\/li><li>Vid\u00e9os consultables en streaming et t\u00e9l\u00e9chargement aux utilisateurs de Windows et Mac OS (compatibles tous navigateurs) et sur tablettes et mobiles<\/li><\/ul><\/div><\/div><\/div><\/div><\/div>\n\n\n\n<p>Pour toute question ou probl\u00e8me technique sur cette ressource, merci de nous contacter<\/p>\n\n\n\n<div class=\"wp-block-buttons is-layout-flex wp-block-buttons-is-layout-flex\">\n<div class=\"wp-block-button\"><a class=\"wp-block-button__link has-background\" href=\"javascript:Boxzilla.show(2177)\" style=\"background-color:#005793\">Contacter le service<\/a><\/div>\n<\/div>\n","protected":false},"excerpt":{"rendered":"<p>La M\u00e9diath\u00e8que num\u00e9rique, plateforme de VoD (vid\u00e9o \u00e0 la demande) co-\u00e9dit\u00e9e par ARTE et UniversCin\u00e9, est accessible gratuitement pour tous les \u00e9tudiants, enseignants-chercheurs et personnels administratifs de l\u2019universit\u00e9 (disposant d\u2019une adresse mail de l\u2019universit\u00e9). Apr\u00e8s inscription sur la plateforme, il vous permet de visionner le programme de votre choix dans la limite de 10 programmes [&hellip;]<\/p>\n","protected":false},"author":1,"featured_media":0,"parent":72,"menu_order":0,"comment_status":"closed","ping_status":"closed","template":"","meta":{"wpupg_custom_link":[],"wpupg_custom_link_behaviour":[],"wpupg_custom_link_nofollow":[],"wpupg_custom_image":[],"wpupg_custom_image_id":[],"footnotes":""},"class_list":["post-2169","page","type-page","status-publish","hentry"],"_links":{"self":[{"href":"https:\/\/www.biblio.univ-evry.fr\/index.php\/wp-json\/wp\/v2\/pages\/2169","targetHints":{"allow":["GET"]}}],"collection":[{"href":"https:\/\/www.biblio.univ-evry.fr\/index.php\/wp-json\/wp\/v2\/pages"}],"about":[{"href":"https:\/\/www.biblio.univ-evry.fr\/index.php\/wp-json\/wp\/v2\/types\/page"}],"author":[{"embeddable":true,"href":"https:\/\/www.biblio.univ-evry.fr\/index.php\/wp-json\/wp\/v2\/users\/1"}],"replies":[{"embeddable":true,"href":"https:\/\/www.biblio.univ-evry.fr\/index.php\/wp-json\/wp\/v2\/comments?post=2169"}],"version-history":[{"count":9,"href":"https:\/\/www.biblio.univ-evry.fr\/index.php\/wp-json\/wp\/v2\/pages\/2169\/revisions"}],"predecessor-version":[{"id":3714,"href":"https:\/\/www.biblio.univ-evry.fr\/index.php\/wp-json\/wp\/v2\/pages\/2169\/revisions\/3714"}],"up":[{"embeddable":true,"href":"https:\/\/www.biblio.univ-evry.fr\/index.php\/wp-json\/wp\/v2\/pages\/72"}],"wp:attachment":[{"href":"https:\/\/www.biblio.univ-evry.fr\/index.php\/wp-json\/wp\/v2\/media?parent=2169"}],"curies":[{"name":"wp","href":"https:\/\/api.w.org\/{rel}","templated":true}]}}