{"id":1941,"date":"2020-12-16T09:30:21","date_gmt":"2020-12-16T08:30:21","guid":{"rendered":"https:\/\/newweb.biblio.univ-evry.fr\/?page_id=1941"},"modified":"2025-03-20T16:07:22","modified_gmt":"2025-03-20T15:07:22","slug":"formation","status":"publish","type":"page","link":"https:\/\/www.biblio.univ-evry.fr\/index.php\/recherche-et-enseignement\/formation\/","title":{"rendered":"Formation"},"content":{"rendered":"\n<p>La BU d\u2019\u00c9vry accompagne le personnel de recherche et d\u2019enseignement sup\u00e9rieur de l\u2019universit\u00e9 d\u2019\u00c9vry dans le cadre de la Science Ouverte et de la recherche documentaire.<\/p>\n\n\n\n<p>Elle propose plusieurs ateliers pour am\u00e9liorer la valorisation des activit\u00e9s de recherche et des publications scientifiques. <\/p>\n\n\n\n<p>Il est \u00e9galement possible de demander la mise en place de formations \u00e0 destination de groupes d\u2019\u00e9tudiants dans le cadre d\u2019une charge de cours.<\/p>\n\n\n\n<div class=\"wp-block-buttons is-layout-flex wp-block-buttons-is-layout-flex\">\n<div class=\"wp-block-button\"><a class=\"wp-block-button__link has-text-color has-link-color wp-element-button\" href=\"\/index.php\/formation\/catalogue\/#catalogue+category:ateliers\" style=\"color:#ffffff\">Voir le catalogue des formations<\/a><\/div>\n\n\n\n<div class=\"wp-block-button\"><a class=\"wp-block-button__link has-text-color has-link-color wp-element-button\" href=\"\/index.php\/formation\/en-ligne\/#en-ligne+category:tutoriels\" style=\"color:#ffffff\">Voir les formations en ligne<\/a><\/div>\n<\/div>\n\n\n\n<h3 class=\"wp-block-heading\">Contact<\/h3>\n\n\n\n<div class=\"wp-block-buttons is-layout-flex wp-block-buttons-is-layout-flex\">\n<div class=\"wp-block-button\"><a class=\"wp-block-button__link has-text-color has-background has-link-color wp-element-button\" href=\"javascript:Boxzilla.show(2205)\" style=\"color:#ffffff;background-color:#005793\">Contacter le service de formation<\/a><\/div>\n<\/div>\n","protected":false},"excerpt":{"rendered":"<p>La BU d\u2019\u00c9vry accompagne le personnel de recherche et d\u2019enseignement sup\u00e9rieur de l\u2019universit\u00e9 d\u2019\u00c9vry dans le cadre de la Science Ouverte et de la recherche documentaire. Elle propose plusieurs ateliers pour am\u00e9liorer la valorisation des activit\u00e9s de recherche et des publications scientifiques. Il est \u00e9galement possible de demander la mise en place de formations \u00e0 [&hellip;]<\/p>\n","protected":false},"author":1,"featured_media":0,"parent":51,"menu_order":0,"comment_status":"closed","ping_status":"closed","template":"","meta":{"wpupg_custom_link":[],"wpupg_custom_link_behaviour":[],"wpupg_custom_link_nofollow":[],"wpupg_custom_image":[],"wpupg_custom_image_id":[],"footnotes":""},"class_list":["post-1941","page","type-page","status-publish","hentry"],"_links":{"self":[{"href":"https:\/\/www.biblio.univ-evry.fr\/index.php\/wp-json\/wp\/v2\/pages\/1941","targetHints":{"allow":["GET"]}}],"collection":[{"href":"https:\/\/www.biblio.univ-evry.fr\/index.php\/wp-json\/wp\/v2\/pages"}],"about":[{"href":"https:\/\/www.biblio.univ-evry.fr\/index.php\/wp-json\/wp\/v2\/types\/page"}],"author":[{"embeddable":true,"href":"https:\/\/www.biblio.univ-evry.fr\/index.php\/wp-json\/wp\/v2\/users\/1"}],"replies":[{"embeddable":true,"href":"https:\/\/www.biblio.univ-evry.fr\/index.php\/wp-json\/wp\/v2\/comments?post=1941"}],"version-history":[{"count":11,"href":"https:\/\/www.biblio.univ-evry.fr\/index.php\/wp-json\/wp\/v2\/pages\/1941\/revisions"}],"predecessor-version":[{"id":13068,"href":"https:\/\/www.biblio.univ-evry.fr\/index.php\/wp-json\/wp\/v2\/pages\/1941\/revisions\/13068"}],"up":[{"embeddable":true,"href":"https:\/\/www.biblio.univ-evry.fr\/index.php\/wp-json\/wp\/v2\/pages\/51"}],"wp:attachment":[{"href":"https:\/\/www.biblio.univ-evry.fr\/index.php\/wp-json\/wp\/v2\/media?parent=1941"}],"curies":[{"name":"wp","href":"https:\/\/api.w.org\/{rel}","templated":true}]}}