{"id":108,"date":"2020-06-30T11:54:47","date_gmt":"2020-06-30T09:54:47","guid":{"rendered":"https:\/\/newweb.biblio.univ-evry.fr\/?page_id=108"},"modified":"2022-05-25T16:15:43","modified_gmt":"2022-05-25T14:15:43","slug":"a-laffiche","status":"publish","type":"page","link":"https:\/\/www.biblio.univ-evry.fr\/index.php\/evenements-culturels\/a-laffiche\/","title":{"rendered":"\u00c0 l&rsquo;affiche"},"content":{"rendered":"\n<div class=\"wp-block-columns is-layout-flex wp-container-core-columns-is-layout-9d6595d7 wp-block-columns-is-layout-flex\">\n<div class=\"wp-block-column is-layout-flow wp-block-column-is-layout-flow\" style=\"flex-basis:66.66%\">\n \n<h3>S\u00e9minaire de recherche consacr\u00e9 au travail de la r\u00e9alisatrice et photographe Marion Kalter<\/h3>\n<p>\n\t\t\t\t\t\t\tBiblioth\u00e8que Universitaire\n\t\t\t\t\t<\/p>\n<p>\n\t\t\t\t\t\tRez-de-chauss\u00e9e Salle de Lecture - Collections Musique\t\t\t\t\t<\/p>\n<p>\n\t\t\t\t\t\t\tDu 25 mars au 12 avril\n\t\t\t\t\t<\/p>\n<p>\n\t\t\t\t\t\tEntr\u00e9e libre\t\t\t\t\t<\/p>\n<p>En prolongement et dans le cadre des <strong>JACES 2026<\/strong> du 25 mars au 12 avril 2026, la BU vous propose de d\u00e9couvrir l\u2019<strong>exposition de photographies <\/strong>en noir et blanc de<strong> Pierre Boulez (1925-2016), <\/strong>figure majeure de la musique contemporaine et de la recherche musicale<strong>. <\/strong><\/p>\n<p>Vous pourrez retrouver des documentaires et ressources en ligne in\u00e9dites de l'artiste, ainsi qu'une bibliographie s\u00e9lective.<\/p>\n<p>Les photographies de cette exposition ont \u00e9t\u00e9 r\u00e9alis\u00e9es par <strong>Marion Kalter,<\/strong> r\u00e9alisatrice et photographe, nous offrant un regard sensible et intime sur le musicien.<\/p>\n<p>Retrouvez une s\u00e9rie de photographies dans les espaces de lecture de la BU.<\/p>\n<p>\t\t\t\t\t<a href=\"https:\/\/www.biblio.univ-evry.fr\/wp-content\/uploads\/2026\/03\/Bibliographie_Pierre_Boulez_2026_site.pdf\" target=\"_blank\"><br \/>\n\t\t\t\t\t\t\t\t\tBibliographie<br \/>\n\t\t\t\t\t<\/a><\/p>\n<figure>\n\t\t\t\t\t\t\t\t\t\t\t<a href=\"https:\/\/www.biblio.univ-evry.fr\/wp-content\/uploads\/2026\/03\/Affiche-Boulez_page-00011.jpg\" data-elementor-open-lightbox=\"yes\" data-elementor-lightbox-title=\"Affiche Boulez_page-0001(1)\" data-e-action-hash=\"#elementor-action%3Aaction%3Dlightbox%26settings%3DeyJpZCI6MTQyOTksInVybCI6Imh0dHBzOlwvXC93d3cuYmlibGlvLnVuaXYtZXZyeS5mclwvd3AtY29udGVudFwvdXBsb2Fkc1wvMjAyNlwvMDNcL0FmZmljaGUtQm91bGV6X3BhZ2UtMDAwMTEuanBnIn0%3D\"><br \/>\n\t\t\t\t\t\t\t<img fetchpriority=\"high\" decoding=\"async\" width=\"1754\" height=\"2481\" src=\"https:\/\/www.biblio.univ-evry.fr\/wp-content\/uploads\/2026\/03\/Affiche-Boulez_page-00011.jpg\" alt=\"\" srcset=\"https:\/\/www.biblio.univ-evry.fr\/wp-content\/uploads\/2026\/03\/Affiche-Boulez_page-00011.jpg 1754w, https:\/\/www.biblio.univ-evry.fr\/wp-content\/uploads\/2026\/03\/Affiche-Boulez_page-00011-424x600.jpg 424w, https:\/\/www.biblio.univ-evry.fr\/wp-content\/uploads\/2026\/03\/Affiche-Boulez_page-00011-724x1024.jpg 724w, https:\/\/www.biblio.univ-evry.fr\/wp-content\/uploads\/2026\/03\/Affiche-Boulez_page-00011-768x1086.jpg 768w, https:\/\/www.biblio.univ-evry.fr\/wp-content\/uploads\/2026\/03\/Affiche-Boulez_page-00011-1086x1536.jpg 1086w, https:\/\/www.biblio.univ-evry.fr\/wp-content\/uploads\/2026\/03\/Affiche-Boulez_page-00011-1448x2048.jpg 1448w, https:\/\/www.biblio.univ-evry.fr\/wp-content\/uploads\/2026\/03\/Affiche-Boulez_page-00011-1200x1697.jpg 1200w\" sizes=\"(max-width: 1754px) 100vw, 1754px\" \/>\t\t\t\t\t\t\t\t<\/a><figcaption><\/figcaption><\/figure>\n<p>\t\t\t\t\t\t\t\t<a data-elementor-open-lightbox=\"yes\" data-elementor-lightbox-slideshow=\"fb67558\" data-elementor-lightbox-title=\"853_33_1080\" data-e-action-hash=\"#elementor-action%3Aaction%3Dlightbox%26settings%3DeyJpZCI6MTQ1NjYsInVybCI6Imh0dHBzOlwvXC93d3cuYmlibGlvLnVuaXYtZXZyeS5mclwvd3AtY29udGVudFwvdXBsb2Fkc1wvMjAyNlwvMDNcLzg1M18zM18xMDgwLmpwZyIsInNsaWRlc2hvdyI6ImZiNjc1NTgifQ%3D%3D\" href=\"https:\/\/www.biblio.univ-evry.fr\/wp-content\/uploads\/2026\/03\/853_33_1080.jpg\"><\/p>\n<figure><img decoding=\"async\" src=\"https:\/\/www.biblio.univ-evry.fr\/wp-content\/uploads\/2026\/03\/853_33_1080-150x150.jpg\" alt=\"853_33_1080\" \/><\/figure>\n<p><\/a><a data-elementor-open-lightbox=\"yes\" data-elementor-lightbox-slideshow=\"fb67558\" data-elementor-lightbox-title=\"992_1080\" data-e-action-hash=\"#elementor-action%3Aaction%3Dlightbox%26settings%3DeyJpZCI6MTQ1NjUsInVybCI6Imh0dHBzOlwvXC93d3cuYmlibGlvLnVuaXYtZXZyeS5mclwvd3AtY29udGVudFwvdXBsb2Fkc1wvMjAyNlwvMDNcLzk5Ml8xMDgwLmpwZyIsInNsaWRlc2hvdyI6ImZiNjc1NTgifQ%3D%3D\" href=\"https:\/\/www.biblio.univ-evry.fr\/wp-content\/uploads\/2026\/03\/992_1080.jpg\"><\/p>\n<figure><img decoding=\"async\" src=\"https:\/\/www.biblio.univ-evry.fr\/wp-content\/uploads\/2026\/03\/992_1080-150x150.jpg\" alt=\"992_1080\" \/><\/figure>\n<p><\/a><a data-elementor-open-lightbox=\"yes\" data-elementor-lightbox-slideshow=\"fb67558\" data-elementor-lightbox-title=\"689_5a_1080\" data-e-action-hash=\"#elementor-action%3Aaction%3Dlightbox%26settings%3DeyJpZCI6MTQ1NjQsInVybCI6Imh0dHBzOlwvXC93d3cuYmlibGlvLnVuaXYtZXZyeS5mclwvd3AtY29udGVudFwvdXBsb2Fkc1wvMjAyNlwvMDNcLzY4OV81YV8xMDgwLmpwZyIsInNsaWRlc2hvdyI6ImZiNjc1NTgifQ%3D%3D\" href=\"https:\/\/www.biblio.univ-evry.fr\/wp-content\/uploads\/2026\/03\/689_5a_1080.jpg\"><\/p>\n<figure><img decoding=\"async\" src=\"https:\/\/www.biblio.univ-evry.fr\/wp-content\/uploads\/2026\/03\/689_5a_1080-150x150.jpg\" alt=\"689_5a_1080\" \/><\/figure>\n<p><\/a><a data-elementor-open-lightbox=\"yes\" data-elementor-lightbox-slideshow=\"fb67558\" data-elementor-lightbox-title=\"861_1080\" data-e-action-hash=\"#elementor-action%3Aaction%3Dlightbox%26settings%3DeyJpZCI6MTQ1NjMsInVybCI6Imh0dHBzOlwvXC93d3cuYmlibGlvLnVuaXYtZXZyeS5mclwvd3AtY29udGVudFwvdXBsb2Fkc1wvMjAyNlwvMDNcLzg2MV8xMDgwLmpwZyIsInNsaWRlc2hvdyI6ImZiNjc1NTgifQ%3D%3D\" href=\"https:\/\/www.biblio.univ-evry.fr\/wp-content\/uploads\/2026\/03\/861_1080.jpg\"><\/p>\n<figure><img decoding=\"async\" src=\"https:\/\/www.biblio.univ-evry.fr\/wp-content\/uploads\/2026\/03\/861_1080-150x150.jpg\" alt=\"861_1080\" \/><\/figure>\n<p><\/a><a data-elementor-open-lightbox=\"yes\" data-elementor-lightbox-slideshow=\"fb67558\" data-elementor-lightbox-title=\"854_1080\" data-e-action-hash=\"#elementor-action%3Aaction%3Dlightbox%26settings%3DeyJpZCI6MTQ1NjIsInVybCI6Imh0dHBzOlwvXC93d3cuYmlibGlvLnVuaXYtZXZyeS5mclwvd3AtY29udGVudFwvdXBsb2Fkc1wvMjAyNlwvMDNcLzg1NF8xMDgwLmpwZyIsInNsaWRlc2hvdyI6ImZiNjc1NTgifQ%3D%3D\" href=\"https:\/\/www.biblio.univ-evry.fr\/wp-content\/uploads\/2026\/03\/854_1080.jpg\"><\/p>\n<figure><img decoding=\"async\" src=\"https:\/\/www.biblio.univ-evry.fr\/wp-content\/uploads\/2026\/03\/854_1080-150x150.jpg\" alt=\"854_1080\" \/><\/figure>\n<p><\/a><a data-elementor-open-lightbox=\"yes\" data-elementor-lightbox-slideshow=\"fb67558\" data-elementor-lightbox-title=\"746_32_1080\" data-e-action-hash=\"#elementor-action%3Aaction%3Dlightbox%26settings%3DeyJpZCI6MTQ1NjcsInVybCI6Imh0dHBzOlwvXC93d3cuYmlibGlvLnVuaXYtZXZyeS5mclwvd3AtY29udGVudFwvdXBsb2Fkc1wvMjAyNlwvMDNcLzc0Nl8zMl8xMDgwLmpwZyIsInNsaWRlc2hvdyI6ImZiNjc1NTgifQ%3D%3D\" href=\"https:\/\/www.biblio.univ-evry.fr\/wp-content\/uploads\/2026\/03\/746_32_1080.jpg\"><\/p>\n<figure><img decoding=\"async\" src=\"https:\/\/www.biblio.univ-evry.fr\/wp-content\/uploads\/2026\/03\/746_32_1080-150x150.jpg\" alt=\"746_32_1080\" \/><\/figure>\n<p><\/a><a data-elementor-open-lightbox=\"yes\" data-elementor-lightbox-slideshow=\"fb67558\" data-elementor-lightbox-title=\"995_1080\" data-e-action-hash=\"#elementor-action%3Aaction%3Dlightbox%26settings%3DeyJpZCI6MTQ1NjgsInVybCI6Imh0dHBzOlwvXC93d3cuYmlibGlvLnVuaXYtZXZyeS5mclwvd3AtY29udGVudFwvdXBsb2Fkc1wvMjAyNlwvMDNcLzk5NV8xMDgwLmpwZyIsInNsaWRlc2hvdyI6ImZiNjc1NTgifQ%3D%3D\" href=\"https:\/\/www.biblio.univ-evry.fr\/wp-content\/uploads\/2026\/03\/995_1080.jpg\"><\/p>\n<figure><img decoding=\"async\" src=\"https:\/\/www.biblio.univ-evry.fr\/wp-content\/uploads\/2026\/03\/995_1080-150x150.jpg\" alt=\"995_1080\" \/><\/figure>\n<p><\/a><a data-elementor-open-lightbox=\"yes\" data-elementor-lightbox-slideshow=\"fb67558\" data-elementor-lightbox-title=\"12313_1080\" data-e-action-hash=\"#elementor-action%3Aaction%3Dlightbox%26settings%3DeyJpZCI6MTQ1NjksInVybCI6Imh0dHBzOlwvXC93d3cuYmlibGlvLnVuaXYtZXZyeS5mclwvd3AtY29udGVudFwvdXBsb2Fkc1wvMjAyNlwvMDNcLzEyMzEzXzEwODAuanBnIiwic2xpZGVzaG93IjoiZmI2NzU1OCJ9\" href=\"https:\/\/www.biblio.univ-evry.fr\/wp-content\/uploads\/2026\/03\/12313_1080.jpg\"><\/p>\n<figure><img decoding=\"async\" src=\"https:\/\/www.biblio.univ-evry.fr\/wp-content\/uploads\/2026\/03\/12313_1080-150x150.jpg\" alt=\"12313_1080\" \/><\/figure>\n<p><\/a><a data-elementor-open-lightbox=\"yes\" data-elementor-lightbox-slideshow=\"fb67558\" data-elementor-lightbox-title=\"12003_1080\" data-e-action-hash=\"#elementor-action%3Aaction%3Dlightbox%26settings%3DeyJpZCI6MTQ1NzAsInVybCI6Imh0dHBzOlwvXC93d3cuYmlibGlvLnVuaXYtZXZyeS5mclwvd3AtY29udGVudFwvdXBsb2Fkc1wvMjAyNlwvMDNcLzEyMDAzXzEwODAuanBnIiwic2xpZGVzaG93IjoiZmI2NzU1OCJ9\" href=\"https:\/\/www.biblio.univ-evry.fr\/wp-content\/uploads\/2026\/03\/12003_1080.jpg\"><\/p>\n<figure><img decoding=\"async\" src=\"https:\/\/www.biblio.univ-evry.fr\/wp-content\/uploads\/2026\/03\/12003_1080-150x150.jpg\" alt=\"12003_1080\" \/><\/figure>\n<p><\/a><a data-elementor-open-lightbox=\"yes\" data-elementor-lightbox-slideshow=\"fb67558\" data-elementor-lightbox-title=\"1021_1080\" data-e-action-hash=\"#elementor-action%3Aaction%3Dlightbox%26settings%3DeyJpZCI6MTQ1NzEsInVybCI6Imh0dHBzOlwvXC93d3cuYmlibGlvLnVuaXYtZXZyeS5mclwvd3AtY29udGVudFwvdXBsb2Fkc1wvMjAyNlwvMDNcLzEwMjFfMTA4MC5qcGciLCJzbGlkZXNob3ciOiJmYjY3NTU4In0%3D\" href=\"https:\/\/www.biblio.univ-evry.fr\/wp-content\/uploads\/2026\/03\/1021_1080.jpg\"><\/p>\n<figure><img decoding=\"async\" src=\"https:\/\/www.biblio.univ-evry.fr\/wp-content\/uploads\/2026\/03\/1021_1080-150x150.jpg\" alt=\"1021_1080\" \/><\/figure>\n<p><\/a><a data-elementor-open-lightbox=\"yes\" data-elementor-lightbox-slideshow=\"fb67558\" data-elementor-lightbox-title=\"12865_1080\" data-e-action-hash=\"#elementor-action%3Aaction%3Dlightbox%26settings%3DeyJpZCI6MTQ1NzIsInVybCI6Imh0dHBzOlwvXC93d3cuYmlibGlvLnVuaXYtZXZyeS5mclwvd3AtY29udGVudFwvdXBsb2Fkc1wvMjAyNlwvMDNcLzEyODY1XzEwODAuanBnIiwic2xpZGVzaG93IjoiZmI2NzU1OCJ9\" href=\"https:\/\/www.biblio.univ-evry.fr\/wp-content\/uploads\/2026\/03\/12865_1080.jpg\"><\/p>\n<figure><img decoding=\"async\" src=\"https:\/\/www.biblio.univ-evry.fr\/wp-content\/uploads\/2026\/03\/12865_1080-150x150.jpg\" alt=\"12865_1080\" \/><\/figure>\n<p><\/a><a data-elementor-open-lightbox=\"yes\" data-elementor-lightbox-slideshow=\"fb67558\" data-elementor-lightbox-title=\"13000_1080\" data-e-action-hash=\"#elementor-action%3Aaction%3Dlightbox%26settings%3DeyJpZCI6MTQ1NzMsInVybCI6Imh0dHBzOlwvXC93d3cuYmlibGlvLnVuaXYtZXZyeS5mclwvd3AtY29udGVudFwvdXBsb2Fkc1wvMjAyNlwvMDNcLzEzMDAwXzEwODAuanBnIiwic2xpZGVzaG93IjoiZmI2NzU1OCJ9\" href=\"https:\/\/www.biblio.univ-evry.fr\/wp-content\/uploads\/2026\/03\/13000_1080.jpg\"><\/p>\n<figure><img decoding=\"async\" src=\"https:\/\/www.biblio.univ-evry.fr\/wp-content\/uploads\/2026\/03\/13000_1080-150x150.jpg\" alt=\"13000_1080\" \/><\/figure>\n<p><\/a><a data-elementor-open-lightbox=\"yes\" data-elementor-lightbox-slideshow=\"fb67558\" data-elementor-lightbox-title=\"14041_1080\" data-e-action-hash=\"#elementor-action%3Aaction%3Dlightbox%26settings%3DeyJpZCI6MTQ1NzQsInVybCI6Imh0dHBzOlwvXC93d3cuYmlibGlvLnVuaXYtZXZyeS5mclwvd3AtY29udGVudFwvdXBsb2Fkc1wvMjAyNlwvMDNcLzE0MDQxXzEwODAuanBnIiwic2xpZGVzaG93IjoiZmI2NzU1OCJ9\" href=\"https:\/\/www.biblio.univ-evry.fr\/wp-content\/uploads\/2026\/03\/14041_1080.jpg\"><\/p>\n<figure><img decoding=\"async\" src=\"https:\/\/www.biblio.univ-evry.fr\/wp-content\/uploads\/2026\/03\/14041_1080-150x150.jpg\" alt=\"14041_1080\" \/><\/figure>\n<p><\/a><a data-elementor-open-lightbox=\"yes\" data-elementor-lightbox-slideshow=\"fb67558\" data-elementor-lightbox-title=\"14069_1080\" data-e-action-hash=\"#elementor-action%3Aaction%3Dlightbox%26settings%3DeyJpZCI6MTQ1NzUsInVybCI6Imh0dHBzOlwvXC93d3cuYmlibGlvLnVuaXYtZXZyeS5mclwvd3AtY29udGVudFwvdXBsb2Fkc1wvMjAyNlwvMDNcLzE0MDY5XzEwODAuanBnIiwic2xpZGVzaG93IjoiZmI2NzU1OCJ9\" href=\"https:\/\/www.biblio.univ-evry.fr\/wp-content\/uploads\/2026\/03\/14069_1080.jpg\"><\/p>\n<figure><img decoding=\"async\" src=\"https:\/\/www.biblio.univ-evry.fr\/wp-content\/uploads\/2026\/03\/14069_1080-150x150.jpg\" alt=\"14069_1080\" \/><\/figure>\n<p><\/a><a data-elementor-open-lightbox=\"yes\" data-elementor-lightbox-slideshow=\"fb67558\" data-elementor-lightbox-title=\"14339_1080\" data-e-action-hash=\"#elementor-action%3Aaction%3Dlightbox%26settings%3DeyJpZCI6MTQ1NzYsInVybCI6Imh0dHBzOlwvXC93d3cuYmlibGlvLnVuaXYtZXZyeS5mclwvd3AtY29udGVudFwvdXBsb2Fkc1wvMjAyNlwvMDNcLzE0MzM5XzEwODAuanBnIiwic2xpZGVzaG93IjoiZmI2NzU1OCJ9\" href=\"https:\/\/www.biblio.univ-evry.fr\/wp-content\/uploads\/2026\/03\/14339_1080.jpg\"><\/p>\n<figure><img decoding=\"async\" src=\"https:\/\/www.biblio.univ-evry.fr\/wp-content\/uploads\/2026\/03\/14339_1080-150x150.jpg\" alt=\"14339_1080\" \/><\/figure>\n<p><\/a><a data-elementor-open-lightbox=\"yes\" data-elementor-lightbox-slideshow=\"fb67558\" data-elementor-lightbox-title=\"birtwhistle_1080\" data-e-action-hash=\"#elementor-action%3Aaction%3Dlightbox%26settings%3DeyJpZCI6MTQ1NzcsInVybCI6Imh0dHBzOlwvXC93d3cuYmlibGlvLnVuaXYtZXZyeS5mclwvd3AtY29udGVudFwvdXBsb2Fkc1wvMjAyNlwvMDNcL2JpcnR3aGlzdGxlXzEwODAuanBnIiwic2xpZGVzaG93IjoiZmI2NzU1OCJ9\" href=\"https:\/\/www.biblio.univ-evry.fr\/wp-content\/uploads\/2026\/03\/birtwhistle_1080.jpg\"><\/p>\n<figure><img decoding=\"async\" src=\"https:\/\/www.biblio.univ-evry.fr\/wp-content\/uploads\/2026\/03\/birtwhistle_1080-150x150.jpg\" alt=\"birtwhistle_1080\" \/><\/figure>\n<p><\/a><a data-elementor-open-lightbox=\"yes\" data-elementor-lightbox-slideshow=\"fb67558\" data-elementor-lightbox-title=\"boulez2_1080\" data-e-action-hash=\"#elementor-action%3Aaction%3Dlightbox%26settings%3DeyJpZCI6MTQ1NzgsInVybCI6Imh0dHBzOlwvXC93d3cuYmlibGlvLnVuaXYtZXZyeS5mclwvd3AtY29udGVudFwvdXBsb2Fkc1wvMjAyNlwvMDNcL2JvdWxlejJfMTA4MC5qcGciLCJzbGlkZXNob3ciOiJmYjY3NTU4In0%3D\" href=\"https:\/\/www.biblio.univ-evry.fr\/wp-content\/uploads\/2026\/03\/boulez2_1080.jpg\"><\/p>\n<figure><img decoding=\"async\" src=\"https:\/\/www.biblio.univ-evry.fr\/wp-content\/uploads\/2026\/03\/boulez2_1080-150x150.jpg\" alt=\"boulez2_1080\" \/><\/figure>\n<p><\/a><\/p>\n\n\n<\/div>\n\n\n\n<div class=\"wp-block-column is-layout-flow wp-block-column-is-layout-flow\" style=\"flex-basis:33.33%\">\n<div id=\"eo_fullcalendar_1_loading\" class=\"eo-fullcalendar-loading\" ><img src=\"https:\/\/www.biblio.univ-evry.fr\/wp-content\/plugins\/event-organiser\/css\/images\/loading-image.gif\" class=\"eo-fullcalendar-loading-icon\" alt=\"Chargement&#8230;\" \/> Chargement&#8230;<\/div><div class=\"eo-fullcalendar eo-fullcalendar-shortcode eo-fullcalendar-reset eo-fullcalendar-responsive\" id=\"eo_fullcalendar_1\"><\/div>\n<\/div>\n<\/div>\n\n\n\n<p><\/p>\n","protected":false},"excerpt":{"rendered":"","protected":false},"author":1,"featured_media":0,"parent":7407,"menu_order":0,"comment_status":"closed","ping_status":"closed","template":"","meta":{"wpupg_custom_link":[],"wpupg_custom_link_behaviour":[],"wpupg_custom_link_nofollow":[],"wpupg_custom_image":[],"wpupg_custom_image_id":[],"footnotes":""},"class_list":["post-108","page","type-page","status-publish","hentry"],"_links":{"self":[{"href":"https:\/\/www.biblio.univ-evry.fr\/index.php\/wp-json\/wp\/v2\/pages\/108","targetHints":{"allow":["GET"]}}],"collection":[{"href":"https:\/\/www.biblio.univ-evry.fr\/index.php\/wp-json\/wp\/v2\/pages"}],"about":[{"href":"https:\/\/www.biblio.univ-evry.fr\/index.php\/wp-json\/wp\/v2\/types\/page"}],"author":[{"embeddable":true,"href":"https:\/\/www.biblio.univ-evry.fr\/index.php\/wp-json\/wp\/v2\/users\/1"}],"replies":[{"embeddable":true,"href":"https:\/\/www.biblio.univ-evry.fr\/index.php\/wp-json\/wp\/v2\/comments?post=108"}],"version-history":[{"count":31,"href":"https:\/\/www.biblio.univ-evry.fr\/index.php\/wp-json\/wp\/v2\/pages\/108\/revisions"}],"predecessor-version":[{"id":7411,"href":"https:\/\/www.biblio.univ-evry.fr\/index.php\/wp-json\/wp\/v2\/pages\/108\/revisions\/7411"}],"up":[{"embeddable":true,"href":"https:\/\/www.biblio.univ-evry.fr\/index.php\/wp-json\/wp\/v2\/pages\/7407"}],"wp:attachment":[{"href":"https:\/\/www.biblio.univ-evry.fr\/index.php\/wp-json\/wp\/v2\/media?parent=108"}],"curies":[{"name":"wp","href":"https:\/\/api.w.org\/{rel}","templated":true}]}}