{"id":1009,"date":"2020-10-16T08:55:07","date_gmt":"2020-10-16T06:55:07","guid":{"rendered":"https:\/\/newweb.biblio.univ-evry.fr\/?page_id=1009"},"modified":"2021-01-04T12:56:57","modified_gmt":"2021-01-04T11:56:57","slug":"appui-documentaire","status":"publish","type":"page","link":"https:\/\/www.biblio.univ-evry.fr\/index.php\/recherche-et-enseignement\/appui-documentaire\/","title":{"rendered":"Appui documentaire"},"content":{"rendered":"\n<p>Pour vous accompagner dans <strong>vos activit\u00e9s de recherche,<\/strong> <strong>vos enseignements&nbsp;et projets p\u00e9dagogiques<\/strong>, nous vous proposons un <strong>appui documentaire adapt\u00e9 \u00e0 vos besoins et votre situation.<\/strong><\/p>\n\n\n\n<p><strong>Nous valorisons \u00e9galement vos publications, en ligne et sur place, aupr\u00e8s de nos usagers.<\/strong><strong><\/strong><\/p>\n\n\n\n<style>#sp-ea-1660 .spcollapsing { height: 0; overflow: hidden; transition-property: height;transition-duration: 500ms;}#sp-ea-1660{ position: relative; }#sp-ea-1660 .ea-card{ opacity: 0;}#eap-preloader-1660{ position: absolute; left: 0; top: 0; height: 100%;width: 100%; text-align: center;display: flex; align-items: center;justify-content: center;}#sp-ea-1660.sp-easy-accordion>.sp-ea-single {margin-bottom: 10px; border: 0px solid #e2e2e2; }#sp-ea-1660.sp-easy-accordion>.sp-ea-single>.ea-header a {color: #444;}#sp-ea-1660.sp-easy-accordion>.sp-ea-single>.sp-collapse>.ea-body {background: #fff; color: #444;}#sp-ea-1660.sp-easy-accordion>.sp-ea-single {background: #ffffff;}#sp-ea-1660.sp-easy-accordion>.sp-ea-single>.ea-header a .ea-expand-icon { float: left; color: #444;font-size: 16px;}<\/style><div id=\"sp_easy_accordion-1743152430\"><div id=\"sp-ea-1660\" class=\"sp-ea-one sp-easy-accordion\" data-ea-active=\"ea-click\" data-ea-mode=\"vertical\" data-preloader=\"1\" data-scroll-active-item=\"\" data-offset-to-scroll=\"0\"><div id=\"eap-preloader-1660\" class=\"accordion-preloader\"><img src=\"https:\/\/www.biblio.univ-evry.fr\/wp-content\/plugins\/easy-accordion-free\/public\/assets\/ea_loader.svg\" alt=\"Loader image\"\/><\/div><div class=\"ea-card sp-ea-single\"><h3 class=\"ea-header\"><a class=\"collapsed\" id=\"ea-header-16600\" role=\"button\" data-sptoggle=\"spcollapse\" data-sptarget=\"#collapse16600\" aria-controls=\"collapse16600\" href=\"#\" aria-expanded=\"false\" tabindex=\"0\"><i aria-hidden=\"true\" role=\"presentation\" class=\"ea-expand-icon eap-icon-ea-expand-plus\"><\/i> Recherche documentaire et bibliographique<\/a><\/h3><div class=\"sp-collapse spcollapse spcollapse\" id=\"collapse16600\" role=\"region\" aria-labelledby=\"ea-header-16600\"> <div class=\"ea-body\"><p>Vous menez des activit\u00e9s de recherche, vous enseignez et construisez des projets p\u00e9dagogiques, nous vous aidons dans vos d\u00e9marches par\u00a0:<\/p><ul><li>Des recherches documentaires et bibliographiques personnalis\u00e9es,<\/li><li>Des bibliographies,<\/li><li>Des achats de documents pour vous et vos \u00e9tudiants et leur mise \u00e0 disposition dans la BU,<\/li><li>La valorisation de vos recommandations \u00e0 la BU.<\/li><\/ul><h4>Vous organisez une manifestation\u00a0?<\/h4><p><strong>Nous vous accompagnons tout au long de votre rencontre, journ\u00e9e d\u2019\u00e9tude, colloque<\/strong>\u00a0:<\/p><ul><li>Avant : des achats de documents papier ou en ligne sur les axes d\u00e9velopp\u00e9s, un accompagnement sur les questions de droit d\u2019auteur et de diffusion,<\/li><li>Pendant : l\u2019exposition de s\u00e9lections de documents \u00e0 la BU, la mise \u00e0 disposition de bibliographies imprim\u00e9es et \u00e9lectroniques.<\/li><\/ul><div class=\"wp-block-buttons\"><div class=\"wp-block-button\"><span style=\"color: #000000\">Pour les questions documentaires, contactez l'\u00e9quipe des acqu\u00e9reurs \u00e0 l'adresse mail :<\/span> <strong><a href=\"mailto:acquereurs@listes.univ-evry.fr\">acquereurs[at]listes.univ-evry.fr<\/a><br \/><\/strong><span style=\"color: #000000\">Pour les questions de publication, de droit ou de science ouverte de mani\u00e8re g\u00e9n\u00e9rale, vous pouvez \u00e9galement contacter l'\u00e9quipe du service d'appui \u00e0 la recherche \u00e0 l'adresse mail :<\/span> <a href=\"mailto:openscience@listes.univ-evry.fr\"><strong>openscience[at]listes.univ-evry.fr<\/strong><\/a><strong><br \/><\/strong><\/div><\/div><\/div><\/div><\/div><div class=\"ea-card sp-ea-single\"><h3 class=\"ea-header\"><a class=\"collapsed\" id=\"ea-header-16601\" role=\"button\" data-sptoggle=\"spcollapse\" data-sptarget=\"#collapse16601\" aria-controls=\"collapse16601\" href=\"#\" aria-expanded=\"false\" tabindex=\"0\"><i aria-hidden=\"true\" role=\"presentation\" class=\"ea-expand-icon eap-icon-ea-expand-plus\"><\/i> Valorisation de vos publications<\/a><\/h3><div class=\"sp-collapse spcollapse spcollapse\" id=\"collapse16601\" role=\"region\" aria-labelledby=\"ea-header-16601\"> <div class=\"ea-body\"><p>Vous publiez\u00a0? Nous vous aidons \u00e0 valoriser vos publications par\u00a0:<\/p><ul><li>Leur mise \u00e0 disposition pour les usagers de la BU,<\/li><li>Leur pr\u00e9sentation sur les panneaux de nouveaut\u00e9s, sur le site de la BU,<\/li><li>Leur valorisation \u00e0 l\u2019occasion des animations culturelles de la BU et sur ses r\u00e9seaux sociaux<\/li><\/ul><div class=\"wp-block-buttons\"><div class=\"wp-block-button\"><a class=\"wp-block-button__link\" href=\"\/index.php\/bibliotheque-universitaire\/les-enseignants-chercheurs-devry-publient\/\">Nos chercheurs publient<\/a><\/div><\/div><div class=\"wp-block-buttons\"><div class=\"wp-block-button\"><span style=\"color: #000000\">Contacter l'\u00e9quipe \u00e0 l'adresse mail :<\/span> <strong><a href=\"mailto:acquereurs@listes.univ-evry.fr\">acquereurs[at]listes.univ-evry.fr<\/a><\/strong><\/div><\/div><\/div><\/div><\/div><\/div><\/div>\n","protected":false},"excerpt":{"rendered":"<p>Pour vous accompagner dans vos activit\u00e9s de recherche, vos enseignements&nbsp;et projets p\u00e9dagogiques, nous vous proposons un appui documentaire adapt\u00e9 \u00e0 vos besoins et votre situation. Nous valorisons \u00e9galement vos publications, en ligne et sur place, aupr\u00e8s de nos usagers.<\/p>\n","protected":false},"author":1,"featured_media":0,"parent":51,"menu_order":0,"comment_status":"closed","ping_status":"closed","template":"","meta":{"wpupg_custom_link":[],"wpupg_custom_link_behaviour":[],"wpupg_custom_link_nofollow":[],"wpupg_custom_image":[],"wpupg_custom_image_id":[],"footnotes":""},"class_list":["post-1009","page","type-page","status-publish","hentry"],"_links":{"self":[{"href":"https:\/\/www.biblio.univ-evry.fr\/index.php\/wp-json\/wp\/v2\/pages\/1009","targetHints":{"allow":["GET"]}}],"collection":[{"href":"https:\/\/www.biblio.univ-evry.fr\/index.php\/wp-json\/wp\/v2\/pages"}],"about":[{"href":"https:\/\/www.biblio.univ-evry.fr\/index.php\/wp-json\/wp\/v2\/types\/page"}],"author":[{"embeddable":true,"href":"https:\/\/www.biblio.univ-evry.fr\/index.php\/wp-json\/wp\/v2\/users\/1"}],"replies":[{"embeddable":true,"href":"https:\/\/www.biblio.univ-evry.fr\/index.php\/wp-json\/wp\/v2\/comments?post=1009"}],"version-history":[{"count":4,"href":"https:\/\/www.biblio.univ-evry.fr\/index.php\/wp-json\/wp\/v2\/pages\/1009\/revisions"}],"predecessor-version":[{"id":2138,"href":"https:\/\/www.biblio.univ-evry.fr\/index.php\/wp-json\/wp\/v2\/pages\/1009\/revisions\/2138"}],"up":[{"embeddable":true,"href":"https:\/\/www.biblio.univ-evry.fr\/index.php\/wp-json\/wp\/v2\/pages\/51"}],"wp:attachment":[{"href":"https:\/\/www.biblio.univ-evry.fr\/index.php\/wp-json\/wp\/v2\/media?parent=1009"}],"curies":[{"name":"wp","href":"https:\/\/api.w.org\/{rel}","templated":true}]}}